{"id":31741,"date":"2021-03-15T20:20:51","date_gmt":"2021-03-15T17:21:16","guid":{"rendered":"https:\/\/kingarms.ee\/product\/pilottinaamari-mc\/"},"modified":"2024-08-09T15:16:03","modified_gmt":"2024-08-09T12:16:03","slug":"pilot-mask-mc","status":"publish","type":"product","link":"https:\/\/kingarms.ee\/fi\/product\/pilot-mask-mc\/","title":{"rendered":"Pilottinaamari &#8211; MC"},"content":{"rendered":"<p><img loading=\"lazy\" decoding=\"async\" class=\"alignnone size-medium wp-image-31724\" src=\"https:\/\/kingarms.ee\/wp-content\/uploads\/2021\/03\/1152221763_2-300x200.jpg\" alt=\"\" width=\"300\" height=\"200\" srcset=\"https:\/\/kingarms.ee\/wp-content\/uploads\/2021\/03\/1152221763_2-300x200.jpg 300w, https:\/\/kingarms.ee\/wp-content\/uploads\/2021\/03\/1152221763_2-150x100.jpg 150w, https:\/\/kingarms.ee\/wp-content\/uploads\/2021\/03\/1152221763_2-500x333.jpg 500w, https:\/\/kingarms.ee\/wp-content\/uploads\/2021\/03\/1152221763_2-768x512.jpg 768w, https:\/\/kingarms.ee\/wp-content\/uploads\/2021\/03\/1152221763_2.jpg 800w\" sizes=\"auto, (max-width: 300px) 100vw, 300px\" \/><\/p>\n","protected":false},"excerpt":{"rendered":"<p>Suojanaamari voidaan kiinnitt\u00e4\u00e4 kyp\u00e4r\u00e4\u00e4n sek\u00e4 ilman kyp\u00e4r\u00e4\u00e4 (2in1)<\/p>\n<p>Naamio on valmistettu polymeerist\u00e4 ja nailonista. Universaali ja eritt\u00e4in mukava suojanaamio.<\/p>\n","protected":false},"featured_media":31726,"template":"","meta":{"_acf_changed":false},"product_brand":[],"product_cat":[641],"product_tag":[],"class_list":{"0":"post-31741","1":"product","2":"type-product","3":"status-publish","4":"has-post-thumbnail","6":"product_cat-ilman-kyparaa","8":"first","9":"instock","10":"taxable","11":"shipping-taxable","12":"purchasable","13":"product-type-simple"},"acf":[],"_links":{"self":[{"href":"https:\/\/kingarms.ee\/fi\/wp-json\/wp\/v2\/product\/31741","targetHints":{"allow":["GET"]}}],"collection":[{"href":"https:\/\/kingarms.ee\/fi\/wp-json\/wp\/v2\/product"}],"about":[{"href":"https:\/\/kingarms.ee\/fi\/wp-json\/wp\/v2\/types\/product"}],"wp:featuredmedia":[{"embeddable":true,"href":"https:\/\/kingarms.ee\/fi\/wp-json\/wp\/v2\/media\/31726"}],"wp:attachment":[{"href":"https:\/\/kingarms.ee\/fi\/wp-json\/wp\/v2\/media?parent=31741"}],"wp:term":[{"taxonomy":"product_brand","embeddable":true,"href":"https:\/\/kingarms.ee\/fi\/wp-json\/wp\/v2\/product_brand?post=31741"},{"taxonomy":"product_cat","embeddable":true,"href":"https:\/\/kingarms.ee\/fi\/wp-json\/wp\/v2\/product_cat?post=31741"},{"taxonomy":"product_tag","embeddable":true,"href":"https:\/\/kingarms.ee\/fi\/wp-json\/wp\/v2\/product_tag?post=31741"}],"curies":[{"name":"wp","href":"https:\/\/api.w.org\/{rel}","templated":true}]}}