{"id":31763,"date":"2021-03-15T20:46:09","date_gmt":"2021-03-15T17:46:09","guid":{"rendered":"https:\/\/kingarms.ee\/product\/crosman-c1911s\/"},"modified":"2024-08-09T15:15:19","modified_gmt":"2024-08-09T12:15:19","slug":"crosman-c1911s","status":"publish","type":"product","link":"https:\/\/kingarms.ee\/fi\/product\/crosman-c1911s\/","title":{"rendered":"Crosman C1911S"},"content":{"rendered":"<p><img loading=\"lazy\" decoding=\"async\" class=\"alignnone size-medium wp-image-31755\" src=\"https:\/\/kingarms.ee\/wp-content\/uploads\/2021\/03\/C1911S.1-300x207.jpg\" alt=\"\" width=\"300\" height=\"207\" srcset=\"https:\/\/kingarms.ee\/wp-content\/uploads\/2021\/03\/C1911S.1-300x207.jpg 300w, https:\/\/kingarms.ee\/wp-content\/uploads\/2021\/03\/C1911S.1-150x103.jpg 150w, https:\/\/kingarms.ee\/wp-content\/uploads\/2021\/03\/C1911S.1-500x344.jpg 500w, https:\/\/kingarms.ee\/wp-content\/uploads\/2021\/03\/C1911S.1-1024x705.jpg 1024w, https:\/\/kingarms.ee\/wp-content\/uploads\/2021\/03\/C1911S.1-768x529.jpg 768w, https:\/\/kingarms.ee\/wp-content\/uploads\/2021\/03\/C1911S.1.jpg 1487w\" sizes=\"auto, (max-width: 300px) 100vw, 300px\" \/><\/p>\n","protected":false},"excerpt":{"rendered":"<p>Ilmapistooli Crosman C1911S Pellet on varustettu metallikelkalla ja ter\u00e4spalkilla, asetyyli on valmistettu polymeerist\u00e4, puukahvoista, neli\u00f6m\u00e4isell\u00e4 kuviolla paremman otteen saamiseksi. K\u00e4tev\u00e4 irrotettava tarjotin tarjoaa p\u00e4\u00e4syn CO2-sylinteriin ja mahtuu kaksi py\u00f6riv\u00e4\u00e4 6-ammuttua tynnyri\u00e4. Crosman C1911S Pellet ampuu ilmakiv\u00e4\u00e4rilavoilla.<\/p>\n<ul>\n<li>Kaliiperi: 4,5 mm (.177) ilmakiv\u00e4\u00e4riluodit (diabolo)<\/li>\n<li>Toimintaperiaate: 12 g CO2-sylinteri.<\/li>\n<li>Alkunopeus: 137 m \/ s.<\/li>\n<li>Ter\u00e4sase.<\/li>\n<li>Metallinen kelkka.<\/li>\n<li>Polymeerikotelo.<\/li>\n<li>Laukaisin: yksi toiminto.<\/li>\n<li>Etukohde: kiinte\u00e4.<\/li>\n<li>Takana: kiinte\u00e4 lovi.<\/li>\n<li>Puiset kahvat.<\/li>\n<li>Lokeron kapasiteetti: 2 x 6.<\/li>\n<li>Pituus: 203 mm.<\/li>\n<li>Paino: 860 g.<\/li>\n<li>V\u00e4ri: hopea.<\/li>\n<\/ul>\n","protected":false},"featured_media":87553,"template":"","meta":{"_acf_changed":false},"product_brand":[],"product_cat":[253,672],"product_tag":[],"class_list":{"0":"post-31763","1":"product","2":"type-product","3":"status-publish","4":"has-post-thumbnail","6":"product_cat-ilmakivaarit-4-5mm","7":"product_cat-pienaseet","9":"first","10":"instock","11":"taxable","12":"shipping-taxable","13":"purchasable","14":"product-type-simple"},"acf":[],"_links":{"self":[{"href":"https:\/\/kingarms.ee\/fi\/wp-json\/wp\/v2\/product\/31763","targetHints":{"allow":["GET"]}}],"collection":[{"href":"https:\/\/kingarms.ee\/fi\/wp-json\/wp\/v2\/product"}],"about":[{"href":"https:\/\/kingarms.ee\/fi\/wp-json\/wp\/v2\/types\/product"}],"wp:featuredmedia":[{"embeddable":true,"href":"https:\/\/kingarms.ee\/fi\/wp-json\/wp\/v2\/media\/87553"}],"wp:attachment":[{"href":"https:\/\/kingarms.ee\/fi\/wp-json\/wp\/v2\/media?parent=31763"}],"wp:term":[{"taxonomy":"product_brand","embeddable":true,"href":"https:\/\/kingarms.ee\/fi\/wp-json\/wp\/v2\/product_brand?post=31763"},{"taxonomy":"product_cat","embeddable":true,"href":"https:\/\/kingarms.ee\/fi\/wp-json\/wp\/v2\/product_cat?post=31763"},{"taxonomy":"product_tag","embeddable":true,"href":"https:\/\/kingarms.ee\/fi\/wp-json\/wp\/v2\/product_tag?post=31763"}],"curies":[{"name":"wp","href":"https:\/\/api.w.org\/{rel}","templated":true}]}}