{"id":31914,"date":"2021-04-16T17:17:31","date_gmt":"2021-04-16T14:17:53","guid":{"rendered":"https:\/\/kingarms.ee\/product\/piilotetut-kuulokkeet-baofeng\/"},"modified":"2024-08-09T15:13:13","modified_gmt":"2024-08-09T12:13:13","slug":"piilotettu-kuuloke-baofeng","status":"publish","type":"product","link":"https:\/\/kingarms.ee\/fi\/product\/piilotettu-kuuloke-baofeng\/","title":{"rendered":"Piilotetut kuulokkeet (Baofeng)"},"content":{"rendered":"<p><img loading=\"lazy\" decoding=\"async\" class=\"alignnone size-medium wp-image-31909\" src=\"https:\/\/kingarms.ee\/wp-content\/uploads\/2021\/04\/baofeng-earphone-with-mic-and-ptt-premium-version-bf-ear2-300x300.jpg\" alt=\"\" width=\"300\" height=\"300\" srcset=\"https:\/\/kingarms.ee\/wp-content\/uploads\/2021\/04\/baofeng-earphone-with-mic-and-ptt-premium-version-bf-ear2-300x300.jpg 300w, https:\/\/kingarms.ee\/wp-content\/uploads\/2021\/04\/baofeng-earphone-with-mic-and-ptt-premium-version-bf-ear2-150x150.jpg 150w, https:\/\/kingarms.ee\/wp-content\/uploads\/2021\/04\/baofeng-earphone-with-mic-and-ptt-premium-version-bf-ear2-500x500.jpg 500w, https:\/\/kingarms.ee\/wp-content\/uploads\/2021\/04\/baofeng-earphone-with-mic-and-ptt-premium-version-bf-ear2-768x768.jpg 768w, https:\/\/kingarms.ee\/wp-content\/uploads\/2021\/04\/baofeng-earphone-with-mic-and-ptt-premium-version-bf-ear2.jpg 1000w\" sizes=\"auto, (max-width: 300px) 100vw, 300px\" \/><\/p>\n","protected":false},"excerpt":{"rendered":"<p>Korvanp\u00e4\u00e4 on valmistettu pehme\u00e4st\u00e4 kumista ja l\u00e4pin\u00e4kyv\u00e4. Sopii airsoft-, armeija-, lainvalvonta-, turvallisuus- ja muihin toimintoihin.<\/p>\n","protected":false},"featured_media":88325,"template":"","meta":{"_acf_changed":false},"product_brand":[],"product_cat":[665],"product_tag":[],"class_list":{"0":"post-31914","1":"product","2":"type-product","3":"status-publish","4":"has-post-thumbnail","6":"product_cat-tarvikkeet","8":"first","9":"instock","10":"taxable","11":"shipping-taxable","12":"purchasable","13":"product-type-simple"},"acf":[],"_links":{"self":[{"href":"https:\/\/kingarms.ee\/fi\/wp-json\/wp\/v2\/product\/31914","targetHints":{"allow":["GET"]}}],"collection":[{"href":"https:\/\/kingarms.ee\/fi\/wp-json\/wp\/v2\/product"}],"about":[{"href":"https:\/\/kingarms.ee\/fi\/wp-json\/wp\/v2\/types\/product"}],"wp:featuredmedia":[{"embeddable":true,"href":"https:\/\/kingarms.ee\/fi\/wp-json\/wp\/v2\/media\/88325"}],"wp:attachment":[{"href":"https:\/\/kingarms.ee\/fi\/wp-json\/wp\/v2\/media?parent=31914"}],"wp:term":[{"taxonomy":"product_brand","embeddable":true,"href":"https:\/\/kingarms.ee\/fi\/wp-json\/wp\/v2\/product_brand?post=31914"},{"taxonomy":"product_cat","embeddable":true,"href":"https:\/\/kingarms.ee\/fi\/wp-json\/wp\/v2\/product_cat?post=31914"},{"taxonomy":"product_tag","embeddable":true,"href":"https:\/\/kingarms.ee\/fi\/wp-json\/wp\/v2\/product_tag?post=31914"}],"curies":[{"name":"wp","href":"https:\/\/api.w.org\/{rel}","templated":true}]}}