{"id":31988,"date":"2021-04-17T13:10:33","date_gmt":"2021-04-17T10:10:55","guid":{"rendered":"https:\/\/kingarms.ee\/product\/tanto-sarja\/"},"modified":"2024-08-09T15:11:51","modified_gmt":"2024-08-09T12:11:51","slug":"tanto-asetettu","status":"publish","type":"product","link":"https:\/\/kingarms.ee\/fi\/product\/tanto-asetettu\/","title":{"rendered":"Tanto-sarja"},"content":{"rendered":"<p><img loading=\"lazy\" decoding=\"async\" class=\"alignnone size-medium wp-image-31984\" src=\"https:\/\/kingarms.ee\/wp-content\/uploads\/2021\/04\/set-ornamental-tanto-3-pieces-kill-bill5-300x300.jpg\" alt=\"\" width=\"300\" height=\"300\" srcset=\"https:\/\/kingarms.ee\/wp-content\/uploads\/2021\/04\/set-ornamental-tanto-3-pieces-kill-bill5-300x300.jpg 300w, https:\/\/kingarms.ee\/wp-content\/uploads\/2021\/04\/set-ornamental-tanto-3-pieces-kill-bill5-150x150.jpg 150w, https:\/\/kingarms.ee\/wp-content\/uploads\/2021\/04\/set-ornamental-tanto-3-pieces-kill-bill5-500x500.jpg 500w, https:\/\/kingarms.ee\/wp-content\/uploads\/2021\/04\/set-ornamental-tanto-3-pieces-kill-bill5-768x768.jpg 768w, https:\/\/kingarms.ee\/wp-content\/uploads\/2021\/04\/set-ornamental-tanto-3-pieces-kill-bill5.jpg 1000w\" sizes=\"auto, (max-width: 300px) 100vw, 300px\" \/><\/p>\n","protected":false},"excerpt":{"rendered":"<p>Koristeellinen tanto-setti. T\u00e4ydellinen lahjaksi.<br \/>\n3 PALAA<br \/>\nPITUUS YHTEENS\u00c4 44cm<br \/>\nTER\u00c4N PITUUS 27cm<br \/>\nPuup\u00e4\u00e4llyste k\u00e4\u00e4ritty silikoninahkaan<br \/>\nMETALLIHUONE<br \/>\nTULEE PUUTALLA<\/p>\n","protected":false},"featured_media":31984,"template":"","meta":{"_acf_changed":false},"product_brand":[],"product_cat":[378],"product_tag":[],"class_list":{"0":"post-31988","1":"product","2":"type-product","3":"status-publish","4":"has-post-thumbnail","6":"product_cat-katana-tanto-fi","8":"first","9":"instock","10":"taxable","11":"shipping-taxable","12":"purchasable","13":"product-type-simple"},"acf":[],"_links":{"self":[{"href":"https:\/\/kingarms.ee\/fi\/wp-json\/wp\/v2\/product\/31988","targetHints":{"allow":["GET"]}}],"collection":[{"href":"https:\/\/kingarms.ee\/fi\/wp-json\/wp\/v2\/product"}],"about":[{"href":"https:\/\/kingarms.ee\/fi\/wp-json\/wp\/v2\/types\/product"}],"wp:featuredmedia":[{"embeddable":true,"href":"https:\/\/kingarms.ee\/fi\/wp-json\/wp\/v2\/media\/31984"}],"wp:attachment":[{"href":"https:\/\/kingarms.ee\/fi\/wp-json\/wp\/v2\/media?parent=31988"}],"wp:term":[{"taxonomy":"product_brand","embeddable":true,"href":"https:\/\/kingarms.ee\/fi\/wp-json\/wp\/v2\/product_brand?post=31988"},{"taxonomy":"product_cat","embeddable":true,"href":"https:\/\/kingarms.ee\/fi\/wp-json\/wp\/v2\/product_cat?post=31988"},{"taxonomy":"product_tag","embeddable":true,"href":"https:\/\/kingarms.ee\/fi\/wp-json\/wp\/v2\/product_tag?post=31988"}],"curies":[{"name":"wp","href":"https:\/\/api.w.org\/{rel}","templated":true}]}}