{"id":32053,"date":"2021-04-17T13:55:55","date_gmt":"2021-04-17T10:56:19","guid":{"rendered":"https:\/\/kingarms.ee\/product\/punainen-piste-tahtain-kasiaseelle\/"},"modified":"2024-08-09T15:08:15","modified_gmt":"2024-08-09T12:08:15","slug":"mini-punainen-piste-kohde-kasiase","status":"publish","type":"product","link":"https:\/\/kingarms.ee\/fi\/product\/mini-punainen-piste-kohde-kasiase\/","title":{"rendered":"Punainen piste-t\u00e4ht\u00e4in (k\u00e4siaseelle)"},"content":{"rendered":"<p><img loading=\"lazy\" decoding=\"async\" class=\"alignnone size-medium wp-image-32047\" src=\"https:\/\/kingarms.ee\/wp-content\/uploads\/2021\/04\/js-tactical-mini-red-dot-black-js-hd107-300x300.jpg\" alt=\"\" width=\"300\" height=\"300\" srcset=\"https:\/\/kingarms.ee\/wp-content\/uploads\/2021\/04\/js-tactical-mini-red-dot-black-js-hd107-300x300.jpg 300w, https:\/\/kingarms.ee\/wp-content\/uploads\/2021\/04\/js-tactical-mini-red-dot-black-js-hd107-150x150.jpg 150w, https:\/\/kingarms.ee\/wp-content\/uploads\/2021\/04\/js-tactical-mini-red-dot-black-js-hd107-500x500.jpg 500w, https:\/\/kingarms.ee\/wp-content\/uploads\/2021\/04\/js-tactical-mini-red-dot-black-js-hd107.jpg 600w\" sizes=\"auto, (max-width: 300px) 100vw, 300px\" \/><\/p>\n","protected":false},"excerpt":{"rendered":"<p>Js-taktinen<br \/>\nMini punainen piste<br \/>\nT\u00e4ytt\u00e4 metallia<br \/>\nPunainen tai vihre\u00e4 piste<br \/>\nS\u00e4\u00e4dett\u00e4v\u00e4 tuuli ja korkeus<br \/>\nNeulekiskojen kiinnitys<br \/>\nPituus 45 mm<br \/>\nIntegroidun kannen loppu<br \/>\n1 akku cr2032<br \/>\nMusta v\u00e4ri<\/p>\n","protected":false},"featured_media":32049,"template":"","meta":{"_acf_changed":false},"product_brand":[],"product_cat":[649],"product_tag":[],"class_list":{"0":"post-32053","1":"product","2":"type-product","3":"status-publish","4":"has-post-thumbnail","6":"product_cat-ottelut","8":"first","9":"instock","10":"taxable","11":"shipping-taxable","12":"purchasable","13":"product-type-simple"},"acf":[],"_links":{"self":[{"href":"https:\/\/kingarms.ee\/fi\/wp-json\/wp\/v2\/product\/32053","targetHints":{"allow":["GET"]}}],"collection":[{"href":"https:\/\/kingarms.ee\/fi\/wp-json\/wp\/v2\/product"}],"about":[{"href":"https:\/\/kingarms.ee\/fi\/wp-json\/wp\/v2\/types\/product"}],"wp:featuredmedia":[{"embeddable":true,"href":"https:\/\/kingarms.ee\/fi\/wp-json\/wp\/v2\/media\/32049"}],"wp:attachment":[{"href":"https:\/\/kingarms.ee\/fi\/wp-json\/wp\/v2\/media?parent=32053"}],"wp:term":[{"taxonomy":"product_brand","embeddable":true,"href":"https:\/\/kingarms.ee\/fi\/wp-json\/wp\/v2\/product_brand?post=32053"},{"taxonomy":"product_cat","embeddable":true,"href":"https:\/\/kingarms.ee\/fi\/wp-json\/wp\/v2\/product_cat?post=32053"},{"taxonomy":"product_tag","embeddable":true,"href":"https:\/\/kingarms.ee\/fi\/wp-json\/wp\/v2\/product_tag?post=32053"}],"curies":[{"name":"wp","href":"https:\/\/api.w.org\/{rel}","templated":true}]}}