{"id":32122,"date":"2021-04-23T15:58:11","date_gmt":"2021-04-23T13:00:09","guid":{"rendered":"https:\/\/kingarms.ee\/product\/crosman-full-auto-r1\/"},"modified":"2024-08-09T15:06:42","modified_gmt":"2024-08-09T12:06:42","slug":"crosman-full-auto-r1","status":"publish","type":"product","link":"https:\/\/kingarms.ee\/fi\/product\/crosman-full-auto-r1\/","title":{"rendered":"Crosman Full Auto R1"},"content":{"rendered":"<p><img loading=\"lazy\" decoding=\"async\" class=\"alignnone size-medium wp-image-32107\" src=\"https:\/\/kingarms.ee\/wp-content\/uploads\/2021\/04\/crosman-r1-1-300x225.jpg\" alt=\"\" width=\"300\" height=\"225\" srcset=\"https:\/\/kingarms.ee\/wp-content\/uploads\/2021\/04\/crosman-r1-1-300x225.jpg 300w, https:\/\/kingarms.ee\/wp-content\/uploads\/2021\/04\/crosman-r1-1-150x113.jpg 150w, https:\/\/kingarms.ee\/wp-content\/uploads\/2021\/04\/crosman-r1-1-500x375.jpg 500w, https:\/\/kingarms.ee\/wp-content\/uploads\/2021\/04\/crosman-r1-1-1024x768.jpg 1024w, https:\/\/kingarms.ee\/wp-content\/uploads\/2021\/04\/crosman-r1-1-768x576.jpg 768w, https:\/\/kingarms.ee\/wp-content\/uploads\/2021\/04\/crosman-r1-1-1536x1152.jpg 1536w, https:\/\/kingarms.ee\/wp-content\/uploads\/2021\/04\/crosman-r1-1-600x450.jpg 600w, https:\/\/kingarms.ee\/wp-content\/uploads\/2021\/04\/crosman-r1-1.jpg 1600w\" sizes=\"auto, (max-width: 300px) 100vw, 300px\" \/><\/p>\n","protected":false},"excerpt":{"rendered":"<p><strong>UUSI MALLI<\/strong><\/p>\n<p>Valmistaja Crosman<br \/>\nKaliiperi. 177<br \/>\nNopeus 153m \/ s<br \/>\nAmpumatyyppiset BB: t<br \/>\nPuoliautomaattinen \/ t\u00e4ysin automaattinen k\u00e4ytt\u00f6<br \/>\nPalotilat yhdell\u00e4 laukauksella ja ampumalla<br \/>\nAseen paino 6kg<br \/>\nLokeron kapasiteetti 25<br \/>\nCO2-mekanismi<br \/>\nRautateiden kudonta \/ Picatinny<br \/>\nMukana turvakirja<br \/>\nEi etun\u00e4kymi\u00e4<br \/>\nEi takan\u00e4kymi\u00e4<br \/>\nK\u00e4yt\u00e4 Plinking \/ Fun<\/p>\n<p>Rajoittamaton yhden vuoden takuu<\/p>\n","protected":false},"featured_media":32107,"template":"","meta":{"_acf_changed":false},"product_brand":[],"product_cat":[671,253],"product_tag":[],"class_list":{"0":"post-32122","1":"product","2":"type-product","3":"status-publish","4":"has-post-thumbnail","6":"product_cat-automaattiaseet","7":"product_cat-ilmakivaarit-4-5mm","9":"first","10":"instock","11":"taxable","12":"shipping-taxable","13":"purchasable","14":"product-type-simple"},"acf":[],"_links":{"self":[{"href":"https:\/\/kingarms.ee\/fi\/wp-json\/wp\/v2\/product\/32122","targetHints":{"allow":["GET"]}}],"collection":[{"href":"https:\/\/kingarms.ee\/fi\/wp-json\/wp\/v2\/product"}],"about":[{"href":"https:\/\/kingarms.ee\/fi\/wp-json\/wp\/v2\/types\/product"}],"wp:featuredmedia":[{"embeddable":true,"href":"https:\/\/kingarms.ee\/fi\/wp-json\/wp\/v2\/media\/32107"}],"wp:attachment":[{"href":"https:\/\/kingarms.ee\/fi\/wp-json\/wp\/v2\/media?parent=32122"}],"wp:term":[{"taxonomy":"product_brand","embeddable":true,"href":"https:\/\/kingarms.ee\/fi\/wp-json\/wp\/v2\/product_brand?post=32122"},{"taxonomy":"product_cat","embeddable":true,"href":"https:\/\/kingarms.ee\/fi\/wp-json\/wp\/v2\/product_cat?post=32122"},{"taxonomy":"product_tag","embeddable":true,"href":"https:\/\/kingarms.ee\/fi\/wp-json\/wp\/v2\/product_tag?post=32122"}],"curies":[{"name":"wp","href":"https:\/\/api.w.org\/{rel}","templated":true}]}}