{"id":32432,"date":"2021-07-03T16:11:04","date_gmt":"2021-07-03T13:12:08","guid":{"rendered":"https:\/\/kingarms.ee\/product\/gbb-haulikko-kultainen-kotka\/"},"modified":"2024-08-09T15:01:41","modified_gmt":"2024-08-09T12:01:41","slug":"gbb-pumppuss-kultainen-kotka","status":"publish","type":"product","link":"https:\/\/kingarms.ee\/fi\/product\/gbb-pumppuss-kultainen-kotka\/","title":{"rendered":"GBB-haulikko (kultainen kotka)"},"content":{"rendered":"<p><img loading=\"lazy\" decoding=\"async\" class=\"alignnone size-medium wp-image-32429\" src=\"https:\/\/kingarms.ee\/wp-content\/uploads\/2021\/07\/golden-eagle-gas-pump-action-rifle-ge-m870tl-300x300.jpg\" alt=\"\" width=\"300\" height=\"300\" srcset=\"https:\/\/kingarms.ee\/wp-content\/uploads\/2021\/07\/golden-eagle-gas-pump-action-rifle-ge-m870tl-300x300.jpg 300w, https:\/\/kingarms.ee\/wp-content\/uploads\/2021\/07\/golden-eagle-gas-pump-action-rifle-ge-m870tl-150x150.jpg 150w, https:\/\/kingarms.ee\/wp-content\/uploads\/2021\/07\/golden-eagle-gas-pump-action-rifle-ge-m870tl.jpg 500w\" sizes=\"auto, (max-width: 300px) 100vw, 300px\" \/><\/p>\n","protected":false},"excerpt":{"rendered":"<p>GBB-haulikko (kultainen kotka)<\/p>\n<p>Kaasuk\u00e4ytt\u00f6inen haulikko<br \/>\nVakio 20 mm YL\u00c4RAUTA, SOVELTAMISALA<br \/>\nAmmuntamahdollisuus 3 tai 6 kuukaudessa<br \/>\nSHOTGUN-KUOREN S\u00c4ILYTYSM\u00c4\u00c4R\u00c4 30 KUUKAUTTA<br \/>\nSIS\u00c4LT\u00c4\u00c4 6 HIHAA<br \/>\nT\u00c4YTT\u00c4 METALLIA<br \/>\n6 ASENTOA KETJUSSA<br \/>\nLINKIT<br \/>\nPITUUS 880mm-960mm<br \/>\nPAINO 2600g<br \/>\nMUSTA V\u00c4RI<\/p>\n","protected":false},"featured_media":52706,"template":"","meta":{"_acf_changed":false},"product_brand":[],"product_cat":[669],"product_tag":[527],"class_list":{"0":"post-32432","1":"product","2":"type-product","3":"status-publish","4":"has-post-thumbnail","6":"product_cat-pumppuaseet","7":"product_tag-4blss3ph-fi","9":"first","10":"onbackorder","11":"sale","12":"taxable","13":"shipping-taxable","14":"product-type-simple"},"acf":[],"_links":{"self":[{"href":"https:\/\/kingarms.ee\/fi\/wp-json\/wp\/v2\/product\/32432","targetHints":{"allow":["GET"]}}],"collection":[{"href":"https:\/\/kingarms.ee\/fi\/wp-json\/wp\/v2\/product"}],"about":[{"href":"https:\/\/kingarms.ee\/fi\/wp-json\/wp\/v2\/types\/product"}],"wp:featuredmedia":[{"embeddable":true,"href":"https:\/\/kingarms.ee\/fi\/wp-json\/wp\/v2\/media\/52706"}],"wp:attachment":[{"href":"https:\/\/kingarms.ee\/fi\/wp-json\/wp\/v2\/media?parent=32432"}],"wp:term":[{"taxonomy":"product_brand","embeddable":true,"href":"https:\/\/kingarms.ee\/fi\/wp-json\/wp\/v2\/product_brand?post=32432"},{"taxonomy":"product_cat","embeddable":true,"href":"https:\/\/kingarms.ee\/fi\/wp-json\/wp\/v2\/product_cat?post=32432"},{"taxonomy":"product_tag","embeddable":true,"href":"https:\/\/kingarms.ee\/fi\/wp-json\/wp\/v2\/product_tag?post=32432"}],"curies":[{"name":"wp","href":"https:\/\/api.w.org\/{rel}","templated":true}]}}