{"id":32893,"date":"2021-10-15T14:04:34","date_gmt":"2021-10-15T11:04:34","guid":{"rendered":"https:\/\/kingarms.ee\/product\/pippurikaasu-antizver-650ml\/"},"modified":"2024-08-09T14:57:20","modified_gmt":"2024-08-09T11:57:20","slug":"pippurisumute-650-ml","status":"publish","type":"product","link":"https:\/\/kingarms.ee\/fi\/product\/pippurisumute-650-ml\/","title":{"rendered":"Pippurikaasu Antizver 650ml"},"content":{"rendered":"<p><img loading=\"lazy\" decoding=\"async\" class=\"alignnone size-medium wp-image-32888\" src=\"https:\/\/kingarms.ee\/wp-content\/uploads\/2021\/10\/093a71b0-51a8-11eb-8f9c-00155dc1232d_89c42b5d-51aa-11eb-8f9c-00155dc1232d-1-300x300.png\" alt=\"\" width=\"300\" height=\"300\" srcset=\"https:\/\/kingarms.ee\/wp-content\/uploads\/2021\/10\/093a71b0-51a8-11eb-8f9c-00155dc1232d_89c42b5d-51aa-11eb-8f9c-00155dc1232d-1-300x300.png 300w, https:\/\/kingarms.ee\/wp-content\/uploads\/2021\/10\/093a71b0-51a8-11eb-8f9c-00155dc1232d_89c42b5d-51aa-11eb-8f9c-00155dc1232d-1-150x150.png 150w, https:\/\/kingarms.ee\/wp-content\/uploads\/2021\/10\/093a71b0-51a8-11eb-8f9c-00155dc1232d_89c42b5d-51aa-11eb-8f9c-00155dc1232d-1-500x500.png 500w, https:\/\/kingarms.ee\/wp-content\/uploads\/2021\/10\/093a71b0-51a8-11eb-8f9c-00155dc1232d_89c42b5d-51aa-11eb-8f9c-00155dc1232d-1.png 1024w, https:\/\/kingarms.ee\/wp-content\/uploads\/2021\/10\/093a71b0-51a8-11eb-8f9c-00155dc1232d_89c42b5d-51aa-11eb-8f9c-00155dc1232d-1-768x768.png 768w\" sizes=\"auto, (max-width: 300px) 100vw, 300px\" \/><\/p>\n","protected":false},"excerpt":{"rendered":"<div>Pippurikaasu Antizver 650ml<\/div>\n<div><\/div>\n<div>Ruiskutyyppi: aerosoli<\/div>\n<div>Tehokas kantama: jopa 10 m<\/div>\n<div>Ty\u00f6aika: 20 s<\/div>\n<div>K\u00e4ytt\u00f6l\u00e4mp\u00f6tila: &#8211; 10 &#8230; + 50 \u00b0 \u0421<\/div>\n<div>Tilavuus: 650 ml<\/div>\n","protected":false},"featured_media":84459,"template":"","meta":{"_acf_changed":false},"product_brand":[],"product_cat":[764],"product_tag":[],"class_list":{"0":"post-32893","1":"product","2":"type-product","3":"status-publish","4":"has-post-thumbnail","6":"product_cat-pippurisumute","8":"first","9":"outofstock","10":"taxable","11":"shipping-taxable","12":"purchasable","13":"product-type-simple"},"acf":[],"_links":{"self":[{"href":"https:\/\/kingarms.ee\/fi\/wp-json\/wp\/v2\/product\/32893","targetHints":{"allow":["GET"]}}],"collection":[{"href":"https:\/\/kingarms.ee\/fi\/wp-json\/wp\/v2\/product"}],"about":[{"href":"https:\/\/kingarms.ee\/fi\/wp-json\/wp\/v2\/types\/product"}],"wp:featuredmedia":[{"embeddable":true,"href":"https:\/\/kingarms.ee\/fi\/wp-json\/wp\/v2\/media\/84459"}],"wp:attachment":[{"href":"https:\/\/kingarms.ee\/fi\/wp-json\/wp\/v2\/media?parent=32893"}],"wp:term":[{"taxonomy":"product_brand","embeddable":true,"href":"https:\/\/kingarms.ee\/fi\/wp-json\/wp\/v2\/product_brand?post=32893"},{"taxonomy":"product_cat","embeddable":true,"href":"https:\/\/kingarms.ee\/fi\/wp-json\/wp\/v2\/product_cat?post=32893"},{"taxonomy":"product_tag","embeddable":true,"href":"https:\/\/kingarms.ee\/fi\/wp-json\/wp\/v2\/product_tag?post=32893"}],"curies":[{"name":"wp","href":"https:\/\/api.w.org\/{rel}","templated":true}]}}