{"id":32999,"date":"2021-10-15T16:08:11","date_gmt":"2021-10-15T13:15:21","guid":{"rendered":"https:\/\/kingarms.ee\/product\/colt-saa-45-45-mm-siniset-bb-levyt\/"},"modified":"2024-08-09T14:55:14","modified_gmt":"2024-08-09T11:55:14","slug":"colt-get-45-45-mm-blued-bbs","status":"publish","type":"product","link":"https:\/\/kingarms.ee\/fi\/product\/colt-get-45-45-mm-blued-bbs\/","title":{"rendered":"Colt SAA .45 4,5 mm siniset BB -levyt"},"content":{"rendered":"<p><img loading=\"lazy\" decoding=\"async\" class=\"alignnone size-medium wp-image-32988\" src=\"https:\/\/kingarms.ee\/wp-content\/uploads\/2021\/10\/eng_pl_Umarex-Colt-SAA-45-5-5-Airgun-Revolver-Blue-Finish-4-5-mm-BB-5-8308-26965_1-300x300.jpeg\" alt=\"\" width=\"300\" height=\"300\" srcset=\"https:\/\/kingarms.ee\/wp-content\/uploads\/2021\/10\/eng_pl_Umarex-Colt-SAA-45-5-5-Airgun-Revolver-Blue-Finish-4-5-mm-BB-5-8308-26965_1-300x300.jpeg 300w, https:\/\/kingarms.ee\/wp-content\/uploads\/2021\/10\/eng_pl_Umarex-Colt-SAA-45-5-5-Airgun-Revolver-Blue-Finish-4-5-mm-BB-5-8308-26965_1-150x150.jpeg 150w, https:\/\/kingarms.ee\/wp-content\/uploads\/2021\/10\/eng_pl_Umarex-Colt-SAA-45-5-5-Airgun-Revolver-Blue-Finish-4-5-mm-BB-5-8308-26965_1-500x500.jpeg 500w, https:\/\/kingarms.ee\/wp-content\/uploads\/2021\/10\/eng_pl_Umarex-Colt-SAA-45-5-5-Airgun-Revolver-Blue-Finish-4-5-mm-BB-5-8308-26965_1-768x768.jpeg 768w, https:\/\/kingarms.ee\/wp-content\/uploads\/2021\/10\/eng_pl_Umarex-Colt-SAA-45-5-5-Airgun-Revolver-Blue-Finish-4-5-mm-BB-5-8308-26965_1.jpeg 1000w\" sizes=\"auto, (max-width: 300px) 100vw, 300px\" \/><\/p>\n","protected":false},"excerpt":{"rendered":"<p>SAA .45 -ilmarevolveri on kopio kuuluisasta Colt Peacemakerista, revolverista tuli suosittu fanien keskuudessa lyhyess\u00e4 ajassa, eik\u00e4 vain l\u00e4nsimaisten keskuudessa. Colt Single Action Army Revolver, kuten sit\u00e4 virallisesti kutsutaan, on varustettu 5,5 tuuman tuliaseella, kuudella latausholkilla realistiseen ampumiseen, nikkelipinnoitteella ja norsunluun kaltaisilla kahvoilla. Se on CO2 -sylinterill\u00e4 toimiva revolveri, joka laukaisee diaboleja (pellettej\u00e4).<\/p>\n<ul>\n<li>Kaliiperi: 4,5 mm (.177) Diabolo (4,5 mm ilmakiv\u00e4\u00e4rin luodit).<\/li>\n<li>Aseen pituus: 5,5 &#8220;.<\/li>\n<li>Laukaisin: SA.<\/li>\n<li>Toimintaperiaate: 12 g CO2-sylinteri.<\/li>\n<li>Rummun kapasiteetti: 6 patruunaa.<\/li>\n<li>Alkunopeus: 120 m \/ s.<\/li>\n<li>Pituus: 275 mm.<\/li>\n<li>Paino: 867 g.<\/li>\n<\/ul>\n","protected":false},"featured_media":148302,"template":"","meta":{"_acf_changed":false},"product_brand":[],"product_cat":[253,672],"product_tag":[],"class_list":{"0":"post-32999","1":"product","2":"type-product","3":"status-publish","4":"has-post-thumbnail","6":"product_cat-ilmakivaarit-4-5mm","7":"product_cat-pienaseet","9":"first","10":"instock","11":"taxable","12":"shipping-taxable","13":"purchasable","14":"product-type-simple"},"acf":[],"_links":{"self":[{"href":"https:\/\/kingarms.ee\/fi\/wp-json\/wp\/v2\/product\/32999","targetHints":{"allow":["GET"]}}],"collection":[{"href":"https:\/\/kingarms.ee\/fi\/wp-json\/wp\/v2\/product"}],"about":[{"href":"https:\/\/kingarms.ee\/fi\/wp-json\/wp\/v2\/types\/product"}],"wp:featuredmedia":[{"embeddable":true,"href":"https:\/\/kingarms.ee\/fi\/wp-json\/wp\/v2\/media\/148302"}],"wp:attachment":[{"href":"https:\/\/kingarms.ee\/fi\/wp-json\/wp\/v2\/media?parent=32999"}],"wp:term":[{"taxonomy":"product_brand","embeddable":true,"href":"https:\/\/kingarms.ee\/fi\/wp-json\/wp\/v2\/product_brand?post=32999"},{"taxonomy":"product_cat","embeddable":true,"href":"https:\/\/kingarms.ee\/fi\/wp-json\/wp\/v2\/product_cat?post=32999"},{"taxonomy":"product_tag","embeddable":true,"href":"https:\/\/kingarms.ee\/fi\/wp-json\/wp\/v2\/product_tag?post=32999"}],"curies":[{"name":"wp","href":"https:\/\/api.w.org\/{rel}","templated":true}]}}