{"id":33019,"date":"2021-10-15T16:19:41","date_gmt":"2021-10-15T13:20:21","guid":{"rendered":"https:\/\/kingarms.ee\/product\/razorgun-kohde-6\/"},"modified":"2024-08-09T14:54:31","modified_gmt":"2024-08-09T11:54:31","slug":"tavoite-partaveitsi-6","status":"publish","type":"product","link":"https:\/\/kingarms.ee\/fi\/product\/tavoite-partaveitsi-6\/","title":{"rendered":"RazorGun -kohde 6"},"content":{"rendered":"<p><img loading=\"lazy\" decoding=\"async\" class=\"alignnone size-medium wp-image-33002\" src=\"https:\/\/kingarms.ee\/wp-content\/uploads\/2021\/10\/spinner-wiatrowkowy-razorgun-6-celow-6a3b73ef3a9d486aaa081ffc3ed44216-7aebba85-300x300.jpeg\" alt=\"\" width=\"300\" height=\"300\" srcset=\"https:\/\/kingarms.ee\/wp-content\/uploads\/2021\/10\/spinner-wiatrowkowy-razorgun-6-celow-6a3b73ef3a9d486aaa081ffc3ed44216-7aebba85-300x300.jpeg 300w, https:\/\/kingarms.ee\/wp-content\/uploads\/2021\/10\/spinner-wiatrowkowy-razorgun-6-celow-6a3b73ef3a9d486aaa081ffc3ed44216-7aebba85-150x150.jpeg 150w, https:\/\/kingarms.ee\/wp-content\/uploads\/2021\/10\/spinner-wiatrowkowy-razorgun-6-celow-6a3b73ef3a9d486aaa081ffc3ed44216-7aebba85-500x500.jpeg 500w, https:\/\/kingarms.ee\/wp-content\/uploads\/2021\/10\/spinner-wiatrowkowy-razorgun-6-celow-6a3b73ef3a9d486aaa081ffc3ed44216-7aebba85-768x768.jpeg 768w, https:\/\/kingarms.ee\/wp-content\/uploads\/2021\/10\/spinner-wiatrowkowy-razorgun-6-celow-6a3b73ef3a9d486aaa081ffc3ed44216-7aebba85.jpeg 900w\" sizes=\"auto, (max-width: 300px) 100vw, 300px\" \/><\/p>\n","protected":false},"excerpt":{"rendered":"<p>Py\u00f6riv\u00e4 kohde. Asennusmenetelm\u00e4: maanalainen<\/p>\n","protected":false},"featured_media":33004,"template":"","meta":{"_acf_changed":false},"product_brand":[],"product_cat":[310],"product_tag":[],"class_list":{"0":"post-33019","1":"product","2":"type-product","3":"status-publish","4":"has-post-thumbnail","6":"product_cat-tavoitteet","8":"first","9":"instock","10":"taxable","11":"shipping-taxable","12":"purchasable","13":"product-type-simple"},"acf":[],"_links":{"self":[{"href":"https:\/\/kingarms.ee\/fi\/wp-json\/wp\/v2\/product\/33019","targetHints":{"allow":["GET"]}}],"collection":[{"href":"https:\/\/kingarms.ee\/fi\/wp-json\/wp\/v2\/product"}],"about":[{"href":"https:\/\/kingarms.ee\/fi\/wp-json\/wp\/v2\/types\/product"}],"wp:featuredmedia":[{"embeddable":true,"href":"https:\/\/kingarms.ee\/fi\/wp-json\/wp\/v2\/media\/33004"}],"wp:attachment":[{"href":"https:\/\/kingarms.ee\/fi\/wp-json\/wp\/v2\/media?parent=33019"}],"wp:term":[{"taxonomy":"product_brand","embeddable":true,"href":"https:\/\/kingarms.ee\/fi\/wp-json\/wp\/v2\/product_brand?post=33019"},{"taxonomy":"product_cat","embeddable":true,"href":"https:\/\/kingarms.ee\/fi\/wp-json\/wp\/v2\/product_cat?post=33019"},{"taxonomy":"product_tag","embeddable":true,"href":"https:\/\/kingarms.ee\/fi\/wp-json\/wp\/v2\/product_tag?post=33019"}],"curies":[{"name":"wp","href":"https:\/\/api.w.org\/{rel}","templated":true}]}}