{"id":33039,"date":"2021-10-15T16:23:29","date_gmt":"2021-10-15T13:24:06","guid":{"rendered":"https:\/\/kingarms.ee\/product\/kohteen-partaveitsi-5\/"},"modified":"2024-08-09T14:53:48","modified_gmt":"2024-08-09T11:53:48","slug":"kohde-partaveitsi-5","status":"publish","type":"product","link":"https:\/\/kingarms.ee\/fi\/product\/kohde-partaveitsi-5\/","title":{"rendered":"Kohteen partaveitsi 5"},"content":{"rendered":"<p><img loading=\"lazy\" decoding=\"async\" class=\"alignnone size-medium wp-image-33021\" src=\"https:\/\/kingarms.ee\/wp-content\/uploads\/2021\/10\/kulochwyt-wiatrowkowy-spinner-razorgun-5-celow-53817cceb4e4400ab72a3b88e3cbf2bd-691fabb4-300x300.jpeg\" alt=\"\" width=\"300\" height=\"300\" srcset=\"https:\/\/kingarms.ee\/wp-content\/uploads\/2021\/10\/kulochwyt-wiatrowkowy-spinner-razorgun-5-celow-53817cceb4e4400ab72a3b88e3cbf2bd-691fabb4-300x300.jpeg 300w, https:\/\/kingarms.ee\/wp-content\/uploads\/2021\/10\/kulochwyt-wiatrowkowy-spinner-razorgun-5-celow-53817cceb4e4400ab72a3b88e3cbf2bd-691fabb4-150x150.jpeg 150w, https:\/\/kingarms.ee\/wp-content\/uploads\/2021\/10\/kulochwyt-wiatrowkowy-spinner-razorgun-5-celow-53817cceb4e4400ab72a3b88e3cbf2bd-691fabb4-500x500.jpeg 500w, https:\/\/kingarms.ee\/wp-content\/uploads\/2021\/10\/kulochwyt-wiatrowkowy-spinner-razorgun-5-celow-53817cceb4e4400ab72a3b88e3cbf2bd-691fabb4-768x768.jpeg 768w, https:\/\/kingarms.ee\/wp-content\/uploads\/2021\/10\/kulochwyt-wiatrowkowy-spinner-razorgun-5-celow-53817cceb4e4400ab72a3b88e3cbf2bd-691fabb4.jpeg 900w\" sizes=\"auto, (max-width: 300px) 100vw, 300px\" \/><\/p>\n","protected":false},"excerpt":{"rendered":"<p>Tuote sis\u00e4lt\u00e4\u00e4 5 siluettia, joita iskun j\u00e4lkeen pit\u00e4v\u00e4t vahvat magneetit. Keskikohdistus saa kaikki kohteet k\u00e4ynnistym\u00e4\u00e4n uudelleen, jolloin k\u00e4ytt\u00e4j\u00e4 voi k\u00e4ytt\u00e4\u00e4 niit\u00e4 pitk\u00e4\u00e4n ilman tavoitetta. Siin\u00e4 on my\u00f6s useita kiinnitysreiki\u00e4 asennusta varten.<\/p>\n<p>Tuote on suunniteltu urheiluilmailma- ja airsoft -aseille<\/p>\n","protected":false},"featured_media":33023,"template":"","meta":{"_acf_changed":false},"product_brand":[],"product_cat":[310],"product_tag":[],"class_list":{"0":"post-33039","1":"product","2":"type-product","3":"status-publish","4":"has-post-thumbnail","6":"product_cat-tavoitteet","8":"first","9":"onbackorder","10":"taxable","11":"shipping-taxable","12":"product-type-simple"},"acf":[],"_links":{"self":[{"href":"https:\/\/kingarms.ee\/fi\/wp-json\/wp\/v2\/product\/33039","targetHints":{"allow":["GET"]}}],"collection":[{"href":"https:\/\/kingarms.ee\/fi\/wp-json\/wp\/v2\/product"}],"about":[{"href":"https:\/\/kingarms.ee\/fi\/wp-json\/wp\/v2\/types\/product"}],"wp:featuredmedia":[{"embeddable":true,"href":"https:\/\/kingarms.ee\/fi\/wp-json\/wp\/v2\/media\/33023"}],"wp:attachment":[{"href":"https:\/\/kingarms.ee\/fi\/wp-json\/wp\/v2\/media?parent=33039"}],"wp:term":[{"taxonomy":"product_brand","embeddable":true,"href":"https:\/\/kingarms.ee\/fi\/wp-json\/wp\/v2\/product_brand?post=33039"},{"taxonomy":"product_cat","embeddable":true,"href":"https:\/\/kingarms.ee\/fi\/wp-json\/wp\/v2\/product_cat?post=33039"},{"taxonomy":"product_tag","embeddable":true,"href":"https:\/\/kingarms.ee\/fi\/wp-json\/wp\/v2\/product_tag?post=33039"}],"curies":[{"name":"wp","href":"https:\/\/api.w.org\/{rel}","templated":true}]}}