{"id":33059,"date":"2021-10-15T16:29:32","date_gmt":"2021-10-15T13:29:57","guid":{"rendered":"https:\/\/kingarms.ee\/product\/target-razorgun-2\/"},"modified":"2024-08-09T14:53:06","modified_gmt":"2024-08-09T11:53:06","slug":"tavoite-partaveitsi-2","status":"publish","type":"product","link":"https:\/\/kingarms.ee\/fi\/product\/tavoite-partaveitsi-2\/","title":{"rendered":"Target RazorGun 2"},"content":{"rendered":"<p><img loading=\"lazy\" decoding=\"async\" class=\"alignnone size-medium wp-image-33042\" src=\"https:\/\/kingarms.ee\/wp-content\/uploads\/2021\/10\/kulochwyt-wiatrowkowy-spinner-razorgun-14x14-e9d2713db4184b3cbaf6fc0b06ce351b-def76ba0-300x300.jpeg\" alt=\"\" width=\"300\" height=\"300\" srcset=\"https:\/\/kingarms.ee\/wp-content\/uploads\/2021\/10\/kulochwyt-wiatrowkowy-spinner-razorgun-14x14-e9d2713db4184b3cbaf6fc0b06ce351b-def76ba0-300x300.jpeg 300w, https:\/\/kingarms.ee\/wp-content\/uploads\/2021\/10\/kulochwyt-wiatrowkowy-spinner-razorgun-14x14-e9d2713db4184b3cbaf6fc0b06ce351b-def76ba0-150x150.jpeg 150w, https:\/\/kingarms.ee\/wp-content\/uploads\/2021\/10\/kulochwyt-wiatrowkowy-spinner-razorgun-14x14-e9d2713db4184b3cbaf6fc0b06ce351b-def76ba0-500x500.jpeg 500w, https:\/\/kingarms.ee\/wp-content\/uploads\/2021\/10\/kulochwyt-wiatrowkowy-spinner-razorgun-14x14-e9d2713db4184b3cbaf6fc0b06ce351b-def76ba0-768x768.jpeg 768w, https:\/\/kingarms.ee\/wp-content\/uploads\/2021\/10\/kulochwyt-wiatrowkowy-spinner-razorgun-14x14-e9d2713db4184b3cbaf6fc0b06ce351b-def76ba0.jpeg 900w\" sizes=\"auto, (max-width: 300px) 100vw, 300px\" \/><\/p>\n","protected":false},"excerpt":{"rendered":"<p>Tuote sis\u00e4lt\u00e4\u00e4 2 siluettia, jotka ampumisen j\u00e4lkeen alkavat k\u00e4vell\u00e4 ymp\u00e4riins\u00e4, kunnes ne pys\u00e4htyv\u00e4t. Siin\u00e4 on my\u00f6s useita kiinnitysreiki\u00e4 asennusta varten.<\/p>\n<p>Tuote on suunniteltu urheiluilmailma- ja airsoft -aseille<\/p>\n","protected":false},"featured_media":33044,"template":"","meta":{"_acf_changed":false},"product_brand":[],"product_cat":[310],"product_tag":[],"class_list":{"0":"post-33059","1":"product","2":"type-product","3":"status-publish","4":"has-post-thumbnail","6":"product_cat-tavoitteet","8":"first","9":"instock","10":"taxable","11":"shipping-taxable","12":"purchasable","13":"product-type-simple"},"acf":[],"_links":{"self":[{"href":"https:\/\/kingarms.ee\/fi\/wp-json\/wp\/v2\/product\/33059","targetHints":{"allow":["GET"]}}],"collection":[{"href":"https:\/\/kingarms.ee\/fi\/wp-json\/wp\/v2\/product"}],"about":[{"href":"https:\/\/kingarms.ee\/fi\/wp-json\/wp\/v2\/types\/product"}],"wp:featuredmedia":[{"embeddable":true,"href":"https:\/\/kingarms.ee\/fi\/wp-json\/wp\/v2\/media\/33044"}],"wp:attachment":[{"href":"https:\/\/kingarms.ee\/fi\/wp-json\/wp\/v2\/media?parent=33059"}],"wp:term":[{"taxonomy":"product_brand","embeddable":true,"href":"https:\/\/kingarms.ee\/fi\/wp-json\/wp\/v2\/product_brand?post=33059"},{"taxonomy":"product_cat","embeddable":true,"href":"https:\/\/kingarms.ee\/fi\/wp-json\/wp\/v2\/product_cat?post=33059"},{"taxonomy":"product_tag","embeddable":true,"href":"https:\/\/kingarms.ee\/fi\/wp-json\/wp\/v2\/product_tag?post=33059"}],"curies":[{"name":"wp","href":"https:\/\/api.w.org\/{rel}","templated":true}]}}