{"id":33109,"date":"2021-10-18T16:34:32","date_gmt":"2021-10-18T13:35:07","guid":{"rendered":"https:\/\/kingarms.ee\/product\/baofeng-uv-5ra-radiolahetin\/"},"modified":"2024-08-09T14:52:23","modified_gmt":"2024-08-09T11:52:23","slug":"baofeng-uv-5ra-radiolahetin","status":"publish","type":"product","link":"https:\/\/kingarms.ee\/fi\/product\/baofeng-uv-5ra-radiolahetin\/","title":{"rendered":"Baofeng UV-5RA radiol\u00e4hetin"},"content":{"rendered":"<p><img loading=\"lazy\" decoding=\"async\" class=\"alignnone size-medium wp-image-33106\" src=\"https:\/\/kingarms.ee\/wp-content\/uploads\/2021\/10\/1152209760_1-300x200.jpeg\" alt=\"\" width=\"300\" height=\"200\" srcset=\"https:\/\/kingarms.ee\/wp-content\/uploads\/2021\/10\/1152209760_1-300x200.jpeg 300w, https:\/\/kingarms.ee\/wp-content\/uploads\/2021\/10\/1152209760_1-150x100.jpeg 150w, https:\/\/kingarms.ee\/wp-content\/uploads\/2021\/10\/1152209760_1-500x333.jpeg 500w, https:\/\/kingarms.ee\/wp-content\/uploads\/2021\/10\/1152209760_1-768x512.jpeg 768w, https:\/\/kingarms.ee\/wp-content\/uploads\/2021\/10\/1152209760_1.jpeg 800w\" sizes=\"auto, (max-width: 300px) 100vw, 300px\" \/><\/p>\n","protected":false},"excerpt":{"rendered":"<p>T\u00e4rkeimm\u00e4t ominaisuudet:<\/p>\n<p>\u00b7 Laajennettu yhteensopivien taajuuksien alue: 136-174 MHz (RX \/ TX), 400-520 MHz (RX \/ TX) ja 76-108 MHz (RX)<br \/>\n\u00b7 L\u00e4hettimen tehon s\u00e4\u00e4t\u00f6 v\u00e4lill\u00e4 5W \/ 1W<br \/>\n\u00b7 DTMF -koodaus<br \/>\n\u00b7 104 DCS -koodia ja 50 CTCSS -koodia<br \/>\n\u00b7 Jopa 99 kanavan muisti<br \/>\n\u00b7 Kaksitaajuinen radio<br \/>\n\u00b7 Pikayhteystunnus<br \/>\n\u00b7 TO, CO ja Se Tarkista testimenetelm\u00e4t uudelleen<br \/>\n\u00b7 SOS -toiminto<br \/>\n\u00b7 Virrans\u00e4\u00e4st\u00f6asetus<br \/>\n\u00b7 Valaistu LCD -n\u00e4ytt\u00f6<br \/>\n\u00b7 Aktivoitu puhelu &#8211; VOX -toiminto<br \/>\n\u00b7 Tony CTCSS (50 ryhm\u00e4\u00e4), DCS (105 ryhm\u00e4\u00e4) ja 1750 Hz<br \/>\n\u00b7 Aktivoitu puhelu &#8211; VOX -toiminto<br \/>\n\u00b7 &#8220;TOT&#8221; ohjelmoitava l\u00e4hetysajastin<br \/>\n\u00b7 Kanavav\u00e4lin s\u00e4\u00e4t\u00f6 alueella: 2,5 \/ 5 \/ 6,25 \/ 10 \/ 12,5 \/ 25 kH<\/p>\n<p>Setti sis\u00e4lt\u00e4\u00e4:<br \/>\n&#8211; radio<br \/>\n&#8211; antenni<br \/>\n&#8211; hihna<br \/>\n&#8211; laturi<br \/>\n&#8211; akku<br \/>\n&#8211; vy\u00f6t\u00e4r\u00f6<br \/>\n&#8211; Manuaalinen<\/p>\n","protected":false},"featured_media":33106,"template":"","meta":{"_acf_changed":false},"product_brand":[],"product_cat":[666],"product_tag":[],"class_list":{"0":"post-33109","1":"product","2":"type-product","3":"status-publish","4":"has-post-thumbnail","6":"product_cat-lahettajat","8":"first","9":"onbackorder","10":"taxable","11":"shipping-taxable","12":"product-type-simple"},"acf":[],"_links":{"self":[{"href":"https:\/\/kingarms.ee\/fi\/wp-json\/wp\/v2\/product\/33109","targetHints":{"allow":["GET"]}}],"collection":[{"href":"https:\/\/kingarms.ee\/fi\/wp-json\/wp\/v2\/product"}],"about":[{"href":"https:\/\/kingarms.ee\/fi\/wp-json\/wp\/v2\/types\/product"}],"wp:featuredmedia":[{"embeddable":true,"href":"https:\/\/kingarms.ee\/fi\/wp-json\/wp\/v2\/media\/33106"}],"wp:attachment":[{"href":"https:\/\/kingarms.ee\/fi\/wp-json\/wp\/v2\/media?parent=33109"}],"wp:term":[{"taxonomy":"product_brand","embeddable":true,"href":"https:\/\/kingarms.ee\/fi\/wp-json\/wp\/v2\/product_brand?post=33109"},{"taxonomy":"product_cat","embeddable":true,"href":"https:\/\/kingarms.ee\/fi\/wp-json\/wp\/v2\/product_cat?post=33109"},{"taxonomy":"product_tag","embeddable":true,"href":"https:\/\/kingarms.ee\/fi\/wp-json\/wp\/v2\/product_tag?post=33109"}],"curies":[{"name":"wp","href":"https:\/\/api.w.org\/{rel}","templated":true}]}}