{"id":33359,"date":"2021-12-03T15:05:50","date_gmt":"2021-12-03T12:06:20","guid":{"rendered":"https:\/\/kingarms.ee\/product\/fast-pj-kypara-tan\/"},"modified":"2024-08-09T14:48:57","modified_gmt":"2024-08-09T11:48:57","slug":"fast-pj-kiiver-tan","status":"publish","type":"product","link":"https:\/\/kingarms.ee\/fi\/product\/fast-pj-kiiver-tan\/","title":{"rendered":"FAST PJ kyp\u00e4r\u00e4 &#8211; Tan"},"content":{"rendered":"<p><img loading=\"lazy\" decoding=\"async\" class=\"alignnone size-medium wp-image-33343\" src=\"https:\/\/kingarms.ee\/wp-content\/uploads\/2021\/12\/1152219578_1-300x200.jpeg\" alt=\"\" width=\"300\" height=\"200\" srcset=\"https:\/\/kingarms.ee\/wp-content\/uploads\/2021\/12\/1152219578_1-300x200.jpeg 300w, https:\/\/kingarms.ee\/wp-content\/uploads\/2021\/12\/1152219578_1-150x100.jpeg 150w, https:\/\/kingarms.ee\/wp-content\/uploads\/2021\/12\/1152219578_1-500x333.jpeg 500w, https:\/\/kingarms.ee\/wp-content\/uploads\/2021\/12\/1152219578_1-768x512.jpeg 768w, https:\/\/kingarms.ee\/wp-content\/uploads\/2021\/12\/1152219578_1.jpeg 800w\" sizes=\"auto, (max-width: 300px) 100vw, 300px\" \/><\/p>\n","protected":false},"excerpt":{"rendered":"<p>FAST PJ kyp\u00e4r\u00e4kopio<\/p>\n<p>Kopio FMA FAST PJ -kyp\u00e4r\u00e4st\u00e4 korkealaatuisesta polymeerist\u00e4. Kevyen painonsa ja melko spesifisen muotoilunsa ansiosta kyp\u00e4r\u00e4 on uskomattoman mukava k\u00e4ytt\u00e4\u00e4. Kiinnitetty hihna mahdollistaa turvallisen ja mukavan asennon p\u00e4\u00e4ss\u00e4, ja aukot varmistavat riitt\u00e4v\u00e4n ilmanvaihdon.<\/p>\n<p>Kyp\u00e4r\u00e4 on varustettu adapterilla NVG-laitteiden kiinnitt\u00e4mist\u00e4 varten sek\u00e4 erityisesti valmistetulla ja profiloidulla koukku- ja silmukkakiinnityssarjalla kyp\u00e4r\u00e4n kuoreen kiinnitt\u00e4mist\u00e4 varten. Niiden avulla voit kiinnitt\u00e4\u00e4 erilaisia laastareita, kuten veriryhm\u00e4lappuja, yksikk\u00f6tunnuksia tai IR-merkkej\u00e4. Vaihtoehtoisesti niit\u00e4 voidaan k\u00e4ytt\u00e4\u00e4 pieniss\u00e4 laitteissa, esim. e-lite-laitteet.<\/p>\n<p>On t\u00e4rke\u00e4\u00e4, ett\u00e4 kyp\u00e4r\u00e4ss\u00e4 on my\u00f6s asennuskiskosarja, johon voit kiinnitt\u00e4\u00e4 lis\u00e4varusteita. Asennusmoduuleissa on my\u00f6s joustavat narut, jotka toimivat NVG-j\u00e4rjestelmien kiristysnaruina.<\/p>\n","protected":false},"featured_media":33343,"template":"","meta":{"_acf_changed":false},"product_brand":[],"product_cat":[261,637],"product_tag":[],"class_list":{"0":"post-33359","1":"product","2":"type-product","3":"status-publish","4":"has-post-thumbnail","6":"product_cat-kyparat","7":"product_cat-airsoft-fi-2","9":"first","10":"instock","11":"taxable","12":"shipping-taxable","13":"purchasable","14":"product-type-variable"},"acf":[],"_links":{"self":[{"href":"https:\/\/kingarms.ee\/fi\/wp-json\/wp\/v2\/product\/33359","targetHints":{"allow":["GET"]}}],"collection":[{"href":"https:\/\/kingarms.ee\/fi\/wp-json\/wp\/v2\/product"}],"about":[{"href":"https:\/\/kingarms.ee\/fi\/wp-json\/wp\/v2\/types\/product"}],"wp:featuredmedia":[{"embeddable":true,"href":"https:\/\/kingarms.ee\/fi\/wp-json\/wp\/v2\/media\/33343"}],"wp:attachment":[{"href":"https:\/\/kingarms.ee\/fi\/wp-json\/wp\/v2\/media?parent=33359"}],"wp:term":[{"taxonomy":"product_brand","embeddable":true,"href":"https:\/\/kingarms.ee\/fi\/wp-json\/wp\/v2\/product_brand?post=33359"},{"taxonomy":"product_cat","embeddable":true,"href":"https:\/\/kingarms.ee\/fi\/wp-json\/wp\/v2\/product_cat?post=33359"},{"taxonomy":"product_tag","embeddable":true,"href":"https:\/\/kingarms.ee\/fi\/wp-json\/wp\/v2\/product_tag?post=33359"}],"curies":[{"name":"wp","href":"https:\/\/api.w.org\/{rel}","templated":true}]}}