{"id":33429,"date":"2021-12-03T18:07:42","date_gmt":"2021-12-03T15:08:05","guid":{"rendered":"https:\/\/kingarms.ee\/product\/hd-red-dot-theta-optics\/"},"modified":"2024-08-09T14:43:59","modified_gmt":"2024-08-09T11:43:59","slug":"hd-punainen-pin-theta-optiikka","status":"publish","type":"product","link":"https:\/\/kingarms.ee\/fi\/product\/hd-punainen-pin-theta-optiikka\/","title":{"rendered":"HD red dot (Theta Optics)"},"content":{"rendered":"<p><img loading=\"lazy\" decoding=\"async\" class=\"alignnone size-medium wp-image-33421\" src=\"https:\/\/kingarms.ee\/wp-content\/uploads\/2021\/12\/1152224083_1-300x200.jpeg\" alt=\"\" width=\"300\" height=\"200\" srcset=\"https:\/\/kingarms.ee\/wp-content\/uploads\/2021\/12\/1152224083_1-300x200.jpeg 300w, https:\/\/kingarms.ee\/wp-content\/uploads\/2021\/12\/1152224083_1-150x100.jpeg 150w, https:\/\/kingarms.ee\/wp-content\/uploads\/2021\/12\/1152224083_1-500x333.jpeg 500w, https:\/\/kingarms.ee\/wp-content\/uploads\/2021\/12\/1152224083_1-768x512.jpeg 768w, https:\/\/kingarms.ee\/wp-content\/uploads\/2021\/12\/1152224083_1.jpeg 800w\" sizes=\"auto, (max-width: 300px) 100vw, 300px\" \/><\/p>\n","protected":false},"excerpt":{"rendered":"<p>Klassinen tarkkuust\u00e4ht\u00e4in, jonka linssin halkaisija on 1x22x33 mm. Voit valita 7 eri kirkkaustasosta ja muuttaa 4 pistett\u00e4. Etulinssi on p\u00e4\u00e4llystetty heijastamattomalla pinnoitteella. Kohteessa on kiinnitys 22 mm kiskoon, joten lis\u00e4kiinnittimi\u00e4 ei tarvitse ostaa.<\/p>\n<p>Paino 400g<br \/>\nToimii CR2032-paristolla<\/p>\n","protected":false},"featured_media":33422,"template":"","meta":{"_acf_changed":false},"product_brand":[],"product_cat":[649],"product_tag":[],"class_list":{"0":"post-33429","1":"product","2":"type-product","3":"status-publish","4":"has-post-thumbnail","6":"product_cat-ottelut","8":"first","9":"instock","10":"taxable","11":"shipping-taxable","12":"purchasable","13":"product-type-simple"},"acf":[],"_links":{"self":[{"href":"https:\/\/kingarms.ee\/fi\/wp-json\/wp\/v2\/product\/33429","targetHints":{"allow":["GET"]}}],"collection":[{"href":"https:\/\/kingarms.ee\/fi\/wp-json\/wp\/v2\/product"}],"about":[{"href":"https:\/\/kingarms.ee\/fi\/wp-json\/wp\/v2\/types\/product"}],"wp:featuredmedia":[{"embeddable":true,"href":"https:\/\/kingarms.ee\/fi\/wp-json\/wp\/v2\/media\/33422"}],"wp:attachment":[{"href":"https:\/\/kingarms.ee\/fi\/wp-json\/wp\/v2\/media?parent=33429"}],"wp:term":[{"taxonomy":"product_brand","embeddable":true,"href":"https:\/\/kingarms.ee\/fi\/wp-json\/wp\/v2\/product_brand?post=33429"},{"taxonomy":"product_cat","embeddable":true,"href":"https:\/\/kingarms.ee\/fi\/wp-json\/wp\/v2\/product_cat?post=33429"},{"taxonomy":"product_tag","embeddable":true,"href":"https:\/\/kingarms.ee\/fi\/wp-json\/wp\/v2\/product_tag?post=33429"}],"curies":[{"name":"wp","href":"https:\/\/api.w.org\/{rel}","templated":true}]}}