{"id":33490,"date":"2021-12-03T22:13:29","date_gmt":"2021-12-03T19:13:29","guid":{"rendered":"https:\/\/kingarms.ee\/product\/am008-dark-earth-ameba\/"},"modified":"2024-08-09T14:42:38","modified_gmt":"2024-08-09T11:42:38","slug":"am008-dark-earth-ameba","status":"publish","type":"product","link":"https:\/\/kingarms.ee\/fi\/product\/am008-dark-earth-ameba\/","title":{"rendered":"AM008 &#8211; Dark Earth (Ameba)"},"content":{"rendered":"<p><img loading=\"lazy\" decoding=\"async\" class=\"alignnone size-medium wp-image-33475\" src=\"https:\/\/kingarms.ee\/wp-content\/uploads\/2021\/12\/1152212701_11-300x200.jpeg\" alt=\"\" width=\"300\" height=\"200\" srcset=\"https:\/\/kingarms.ee\/wp-content\/uploads\/2021\/12\/1152212701_11-300x200.jpeg 300w, https:\/\/kingarms.ee\/wp-content\/uploads\/2021\/12\/1152212701_11-150x100.jpeg 150w, https:\/\/kingarms.ee\/wp-content\/uploads\/2021\/12\/1152212701_11-500x333.jpeg 500w, https:\/\/kingarms.ee\/wp-content\/uploads\/2021\/12\/1152212701_11-1024x682.jpeg 1024w, https:\/\/kingarms.ee\/wp-content\/uploads\/2021\/12\/1152212701_11-768x512.jpeg 768w, https:\/\/kingarms.ee\/wp-content\/uploads\/2021\/12\/1152212701_11-1536x1024.jpeg 1536w, https:\/\/kingarms.ee\/wp-content\/uploads\/2021\/12\/1152212701_11.jpeg 2000w\" sizes=\"auto, (max-width: 300px) 100vw, 300px\" \/><\/p>\n","protected":false},"excerpt":{"rendered":"<p>Valmistaja Amoeba<br \/>\nNopeus[FPS] ~ 380<br \/>\nTeho \/ s\u00e4hk\u00f6<br \/>\nVaihteiston versio Modified v2 Vaihteisto<br \/>\nKuvaustila Yksitt\u00e4inen, automaattinen<br \/>\nPaino [g] 2180<br \/>\nKasetin tyyppi Hi-Cap<br \/>\nLokeron kapasiteetti[tk] 300<br \/>\nHop-Up Kyll\u00e4<br \/>\nValmistettu muovista + metallista<br \/>\nV\u00e4ri Tan \/ Coyote<br \/>\nNopea jousivaihtoj\u00e4rjestelm\u00e4 KYLL\u00c4<br \/>\nPituus[mm] 670-750<br \/>\nMOSFET Kyll\u00e4<\/p>\n","protected":false},"featured_media":33475,"template":"","meta":{"_acf_changed":false},"product_brand":[],"product_cat":[251],"product_tag":[527],"class_list":{"0":"post-33490","1":"product","2":"type-product","3":"status-publish","4":"has-post-thumbnail","6":"product_cat-sahkoaseet","7":"product_tag-4blss3ph-fi","9":"first","10":"instock","11":"taxable","12":"shipping-taxable","13":"purchasable","14":"product-type-simple"},"acf":[],"_links":{"self":[{"href":"https:\/\/kingarms.ee\/fi\/wp-json\/wp\/v2\/product\/33490","targetHints":{"allow":["GET"]}}],"collection":[{"href":"https:\/\/kingarms.ee\/fi\/wp-json\/wp\/v2\/product"}],"about":[{"href":"https:\/\/kingarms.ee\/fi\/wp-json\/wp\/v2\/types\/product"}],"wp:featuredmedia":[{"embeddable":true,"href":"https:\/\/kingarms.ee\/fi\/wp-json\/wp\/v2\/media\/33475"}],"wp:attachment":[{"href":"https:\/\/kingarms.ee\/fi\/wp-json\/wp\/v2\/media?parent=33490"}],"wp:term":[{"taxonomy":"product_brand","embeddable":true,"href":"https:\/\/kingarms.ee\/fi\/wp-json\/wp\/v2\/product_brand?post=33490"},{"taxonomy":"product_cat","embeddable":true,"href":"https:\/\/kingarms.ee\/fi\/wp-json\/wp\/v2\/product_cat?post=33490"},{"taxonomy":"product_tag","embeddable":true,"href":"https:\/\/kingarms.ee\/fi\/wp-json\/wp\/v2\/product_tag?post=33490"}],"curies":[{"name":"wp","href":"https:\/\/api.w.org\/{rel}","templated":true}]}}