{"id":33665,"date":"2021-12-19T15:58:27","date_gmt":"2021-12-19T12:58:54","guid":{"rendered":"https:\/\/kingarms.ee\/product\/taktiset-lasit-ess-ice-one\/"},"modified":"2024-08-09T14:41:58","modified_gmt":"2024-08-09T11:41:58","slug":"tactical-glasses-ess-ice-one","status":"publish","type":"product","link":"https:\/\/kingarms.ee\/fi\/product\/tactical-glasses-ess-ice-one\/","title":{"rendered":"Taktiset lasit (ESS ICE ONE)"},"content":{"rendered":"<p><img loading=\"lazy\" decoding=\"async\" class=\"alignnone size-medium wp-image-33648\" src=\"https:\/\/kingarms.ee\/wp-content\/uploads\/2021\/12\/1152197322_2-300x204.jpeg\" alt=\"\" width=\"300\" height=\"204\" srcset=\"https:\/\/kingarms.ee\/wp-content\/uploads\/2021\/12\/1152197322_2-300x204.jpeg 300w, https:\/\/kingarms.ee\/wp-content\/uploads\/2021\/12\/1152197322_2-150x102.jpeg 150w, https:\/\/kingarms.ee\/wp-content\/uploads\/2021\/12\/1152197322_2-500x341.jpeg 500w, https:\/\/kingarms.ee\/wp-content\/uploads\/2021\/12\/1152197322_2-768x523.jpeg 768w, https:\/\/kingarms.ee\/wp-content\/uploads\/2021\/12\/1152197322_2.jpeg 800w\" sizes=\"auto, (max-width: 300px) 100vw, 300px\" \/><\/p>\n","protected":false},"excerpt":{"rendered":"<p>ESS ICE ONE (Interchangeable Component Eyeshield) -malli koostuu polykarbonaattilinssist\u00e4 ja pehmeist\u00e4 muovikahvoista, mik\u00e4 parantaa merkitt\u00e4v\u00e4sti niiden kest\u00e4vyytt\u00e4 mekaanisia vaurioita vastaan.<\/p>\n<p>Polykarbonaattilinssi on 2,4 mm paksu ja varmistaa turvallisuuden t\u00e4ytt\u00e4m\u00e4ll\u00e4 useita standardeja, joista useimmat ovat MIL-DTL-43511D, ANSI Z87.1 ja CE EN 166. Lis\u00e4ksi linssi on p\u00e4\u00e4llystetty Clear Zone -kerroksella, mik\u00e4 lis\u00e4\u00e4 sen naarmuuntumista ja v\u00e4hent\u00e4\u00e4 ep\u00e4ter\u00e4vyytt\u00e4.<\/p>\n<p><strong>HUOM! Tuliaseita varten<\/strong><\/p>\n","protected":false},"featured_media":33650,"template":"","meta":{"_acf_changed":false},"product_brand":[],"product_cat":[636],"product_tag":[],"class_list":{"0":"post-33665","1":"product","2":"type-product","3":"status-publish","4":"has-post-thumbnail","6":"product_cat-ballistiset-silmalasit","8":"first","9":"instock","10":"taxable","11":"shipping-taxable","12":"purchasable","13":"product-type-simple"},"acf":[],"_links":{"self":[{"href":"https:\/\/kingarms.ee\/fi\/wp-json\/wp\/v2\/product\/33665","targetHints":{"allow":["GET"]}}],"collection":[{"href":"https:\/\/kingarms.ee\/fi\/wp-json\/wp\/v2\/product"}],"about":[{"href":"https:\/\/kingarms.ee\/fi\/wp-json\/wp\/v2\/types\/product"}],"wp:featuredmedia":[{"embeddable":true,"href":"https:\/\/kingarms.ee\/fi\/wp-json\/wp\/v2\/media\/33650"}],"wp:attachment":[{"href":"https:\/\/kingarms.ee\/fi\/wp-json\/wp\/v2\/media?parent=33665"}],"wp:term":[{"taxonomy":"product_brand","embeddable":true,"href":"https:\/\/kingarms.ee\/fi\/wp-json\/wp\/v2\/product_brand?post=33665"},{"taxonomy":"product_cat","embeddable":true,"href":"https:\/\/kingarms.ee\/fi\/wp-json\/wp\/v2\/product_cat?post=33665"},{"taxonomy":"product_tag","embeddable":true,"href":"https:\/\/kingarms.ee\/fi\/wp-json\/wp\/v2\/product_tag?post=33665"}],"curies":[{"name":"wp","href":"https:\/\/api.w.org\/{rel}","templated":true}]}}