{"id":33696,"date":"2021-12-19T16:15:51","date_gmt":"2021-12-19T13:17:07","guid":{"rendered":"https:\/\/kingarms.ee\/product\/taktiset-lasit-ice-3ls\/"},"modified":"2024-08-09T14:40:39","modified_gmt":"2024-08-09T11:40:39","slug":"tactical-glasses-ice-3ls","status":"publish","type":"product","link":"https:\/\/kingarms.ee\/fi\/product\/tactical-glasses-ice-3ls\/","title":{"rendered":"Taktiset lasit (ICE 3LS)"},"content":{"rendered":"<p><img loading=\"lazy\" decoding=\"async\" class=\"alignnone size-medium wp-image-33690\" src=\"https:\/\/kingarms.ee\/wp-content\/uploads\/2021\/12\/1152204549_1-300x175.jpeg\" alt=\"\" width=\"300\" height=\"175\" srcset=\"https:\/\/kingarms.ee\/wp-content\/uploads\/2021\/12\/1152204549_1-300x175.jpeg 300w, https:\/\/kingarms.ee\/wp-content\/uploads\/2021\/12\/1152204549_1-150x87.jpeg 150w, https:\/\/kingarms.ee\/wp-content\/uploads\/2021\/12\/1152204549_1-500x291.jpeg 500w, https:\/\/kingarms.ee\/wp-content\/uploads\/2021\/12\/1152204549_1.jpeg 700w\" sizes=\"auto, (max-width: 300px) 100vw, 300px\" \/><\/p>\n","protected":false},"excerpt":{"rendered":"<p>ICE\u2122 (Vaihdettava silm\u00e4suojaus) on kevyt, reunaton malli, joka tarjoaa t\u00e4yden ballistisen suojan, rajoittamattoman n\u00e4k\u00f6kent\u00e4n, laadukkaat optiset visiirit ja s\u00e4\u00e4dett\u00e4v\u00e4t komponentit. Modulaarisen rakenteen ansiosta voit vaihtaa mit\u00e4 tahansa lasien elementti\u00e4 ja mahdollistaa my\u00f6s korjaavan sis\u00e4kkeen kiinnitt\u00e4misen.<\/p>\n<p>Kaikki ICE \u2122 -sarjan visiirit tarjoavat 100 % UVA\/UVB-suojan ja ovat kest\u00e4v\u00e4mpi\u00e4 kuin ANSI Z87.1-2010. Lis\u00e4ksi lasit ovat l\u00e4p\u00e4isseet MIL-PRF-31013 ballistiset testit .15 kaliiperilla.<\/p>\n<p>LIS\u00c4OMINAISUUDET:<br \/>\n&#8211; Modulaarisen rakenteen avulla voit vaihtaa mink\u00e4 tahansa lasien elementin: visiirin, kahvat tai nen\u00e4kappaleen<br \/>\n&#8211; Vaurioitumista ja muodonmuutoksia kest\u00e4v\u00e4 ensiluokkainen optinen ballistinen visiiri, joka on valmistettu 2,4 mm polykarbonaatista<br \/>\n&#8211; Visiiri ilman v\u00e4\u00e4ristymi\u00e4 ja tarjoaa 100 % suojan UVA- ja UVB-s\u00e4teily\u00e4 vastaan<br \/>\n&#8211; ToughZone \u2122 -tekniikka, joka suojaa visiiri\u00e4 naarmuilta<br \/>\n&#8211; Rajoittamaton n\u00e4k\u00f6kentt\u00e4, ihanteellinen aseen k\u00e4sittelyyn<br \/>\n&#8211; Helppo ja eritt\u00e4in nopea visiirin vaihto, joka asennetaan visiirin p\u00e4ihin profiloiduilla osilla<br \/>\n&#8211; Joustavat PosiLock\u2122-tekniikalla varustetut kuulokkeet ovat pituudeltaan s\u00e4\u00e4dett\u00e4vi\u00e4, joten ne sopivat t\u00e4ydellisesti k\u00e4ytt\u00e4j\u00e4n p\u00e4\u00e4n muotoon<br \/>\n&#8211; Leimat takaavat maksimaalisen mukavuuden eik\u00e4 painepisteit\u00e4<br \/>\n&#8211; K\u00e4tev\u00e4 vaihdettava komposiittisilikoninen nen\u00e4kappale<br \/>\n&#8211; Joustava hihna suojaa laseja katoamiselta<br \/>\n&#8211; U-RX\u2122-, P-2B\u2122- ja Vice\u2122-korjausosia on saatavilla<\/p>\n<p>TEKNISET TIEDOT:<br \/>\n&#8211; Visiirin materiaali: polykarbonaatti<br \/>\n&#8211; Visiirin paksuus: 2,4 mm<br \/>\n&#8211; Visiirin v\u00e4ri:<br \/>\n\u2022 L\u00e4pin\u00e4kyv\u00e4, n\u00e4kyv\u00e4n valon l\u00e4p\u00e4isy: 89 %<br \/>\n\u2022 Keltainen n\u00e4kyv\u00e4n valon l\u00e4p\u00e4isy: 85 %<br \/>\n\u2022 Himmennett\u00e4v\u00e4, n\u00e4kyv\u00e4n valon l\u00e4p\u00e4isy: 15 %<br \/>\n&#8211; Leiman v\u00e4ri: musta<br \/>\n&#8211; Etsimen mitat:<br \/>\n\u2022 Pituus: 147 mm<br \/>\n\u2022 Leveys leveimm\u00e4st\u00e4 kohdasta: 48,1 mm<br \/>\n\u2022 Leveys nen\u00e4n kiinnityskohdassa: 19,5 mm<br \/>\n\u2022 Sivukiinnitysreikien v\u00e4linen et\u00e4isyys: 114,4 \/ 130,5 mm<br \/>\n&#8211; Leiman mitat:<br \/>\n\u2022 Saranan leveys: 152 mm<br \/>\n\u2022 Leiman paksuus: 2,5 &#8211; 5 mm<br \/>\n&#8211; kokonaisten lasien paino: 30 g<br \/>\n&#8211; Yhden visiirin paino: 19 g<br \/>\n&#8211; Nen\u00e4n paino: 3 g<br \/>\n&#8211; Postin paino: 8 g<\/p>\n<p>SUODATIN: 100 % UVA\/UVB<\/p>\n<p>STANDARDIT:<br \/>\n&#8211; T\u00e4ytt\u00e4\u00e4 amerikkalaisen siviilistandardin ANSI Z87.1 &#8211; 2010<br \/>\n&#8211; Yhdysvaltain armeijastandardin MIL SPEC MIL-PRF-31013 mukaisesti (lauseke 3.5.1.1)<br \/>\n&#8211; CE-laatumerkki eurooppalaisten standardien EN 166: 2001, EN 170 ja EN 172 mukaisesti<br \/>\n&#8211; Kehykset eurooppalaisen standardin CE EN 166 FT mukaiset<br \/>\n&#8211; L\u00e4pin\u00e4kyv\u00e4 ja keltainen visiiri eurooppalaisen standardin CE 2-2.1 FT CN mukainen<br \/>\n&#8211; S\u00e4vytetty visiiri eurooppalaisen standardin CE 5-3.1 FT CN mukaan<br \/>\n&#8211; T\u00e4ytt\u00e4\u00e4 Yhdysvaltain liittovaltion OSHA:n<\/p>\n<p>NATO NSN -varastonumero: 4240-01-545-7922<\/p>\n<p>SETTI SIS\u00c4LT\u00c4\u00c4:<br \/>\n&#8211; ICE \u2122 -leimat<br \/>\n&#8211; Kirkas etsin<br \/>\n&#8211; Savunharmaaksi s\u00e4vytetty etsin<br \/>\n&#8211; Hi-Def Yellow korkeakontrastinen keltainen etsin<br \/>\n&#8211; Sumuton mikrokuituliina lasien puhdistamiseen<br \/>\n&#8211; Joustava kaulus<br \/>\n&#8211; Suljetaan vetoketjullisella, pehme\u00e4ll\u00e4 nylonkotelolla, jossa on komposiittiklipsi koko setille<\/p>\n","protected":false},"featured_media":88289,"template":"","meta":{"_acf_changed":false},"product_brand":[],"product_cat":[636],"product_tag":[],"class_list":{"0":"post-33696","1":"product","2":"type-product","3":"status-publish","4":"has-post-thumbnail","6":"product_cat-ballistiset-silmalasit","8":"first","9":"onbackorder","10":"taxable","11":"shipping-taxable","12":"product-type-simple"},"acf":[],"_links":{"self":[{"href":"https:\/\/kingarms.ee\/fi\/wp-json\/wp\/v2\/product\/33696","targetHints":{"allow":["GET"]}}],"collection":[{"href":"https:\/\/kingarms.ee\/fi\/wp-json\/wp\/v2\/product"}],"about":[{"href":"https:\/\/kingarms.ee\/fi\/wp-json\/wp\/v2\/types\/product"}],"wp:featuredmedia":[{"embeddable":true,"href":"https:\/\/kingarms.ee\/fi\/wp-json\/wp\/v2\/media\/88289"}],"wp:attachment":[{"href":"https:\/\/kingarms.ee\/fi\/wp-json\/wp\/v2\/media?parent=33696"}],"wp:term":[{"taxonomy":"product_brand","embeddable":true,"href":"https:\/\/kingarms.ee\/fi\/wp-json\/wp\/v2\/product_brand?post=33696"},{"taxonomy":"product_cat","embeddable":true,"href":"https:\/\/kingarms.ee\/fi\/wp-json\/wp\/v2\/product_cat?post=33696"},{"taxonomy":"product_tag","embeddable":true,"href":"https:\/\/kingarms.ee\/fi\/wp-json\/wp\/v2\/product_tag?post=33696"}],"curies":[{"name":"wp","href":"https:\/\/api.w.org\/{rel}","templated":true}]}}