{"id":33858,"date":"2021-12-19T16:50:58","date_gmt":"2021-12-19T13:51:34","guid":{"rendered":"https:\/\/kingarms.ee\/product\/tracer-liekinvaimennin-wosport\/"},"modified":"2024-08-09T14:39:16","modified_gmt":"2024-08-09T11:39:16","slug":"jaljitin-liekki-vaimennin-wosport","status":"publish","type":"product","link":"https:\/\/kingarms.ee\/fi\/product\/jaljitin-liekki-vaimennin-wosport\/","title":{"rendered":"Tracer \/ liekinvaimennin [WOSPORT]"},"content":{"rendered":"<p><img loading=\"lazy\" decoding=\"async\" class=\"alignnone size-medium wp-image-33840\" src=\"https:\/\/kingarms.ee\/wp-content\/uploads\/2021\/12\/czesci-zewnetrzne-tlumiki-plomienia-tlumik-podswietlajacy-kulki-z-efektem-plomienia-flaming-pig-wosport-12496081-300x225.jpeg\" alt=\"\" width=\"300\" height=\"225\" srcset=\"https:\/\/kingarms.ee\/wp-content\/uploads\/2021\/12\/czesci-zewnetrzne-tlumiki-plomienia-tlumik-podswietlajacy-kulki-z-efektem-plomienia-flaming-pig-wosport-12496081-300x225.jpeg 300w, https:\/\/kingarms.ee\/wp-content\/uploads\/2021\/12\/czesci-zewnetrzne-tlumiki-plomienia-tlumik-podswietlajacy-kulki-z-efektem-plomienia-flaming-pig-wosport-12496081-150x113.jpeg 150w, https:\/\/kingarms.ee\/wp-content\/uploads\/2021\/12\/czesci-zewnetrzne-tlumiki-plomienia-tlumik-podswietlajacy-kulki-z-efektem-plomienia-flaming-pig-wosport-12496081-500x375.jpeg 500w, https:\/\/kingarms.ee\/wp-content\/uploads\/2021\/12\/czesci-zewnetrzne-tlumiki-plomienia-tlumik-podswietlajacy-kulki-z-efektem-plomienia-flaming-pig-wosport-12496081-600x450.jpeg 600w, https:\/\/kingarms.ee\/wp-content\/uploads\/2021\/12\/czesci-zewnetrzne-tlumiki-plomienia-tlumik-podswietlajacy-kulki-z-efektem-plomienia-flaming-pig-wosport-12496081.jpeg 640w\" sizes=\"auto, (max-width: 300px) 100vw, 300px\" \/><\/p>\n","protected":false},"excerpt":{"rendered":"<p>AR15 \/ M4 kompakti \u00e4\u00e4nenvaimennin KX3 \u00e4\u00e4nenvaimentimen muodossa paremman kuvauskokemuksen saamiseksi pimeiss\u00e4 tiloissa tai y\u00f6ll\u00e4. Toisin kuin muut BB:it\u00e4 valaisevat merkit, t\u00e4m\u00e4 kyltti j\u00e4ljittelee edelleen kuonon v\u00e4l\u00e4hdyst\u00e4. Omistettu vihreille markkereille. Sis\u00e4\u00e4nrakennetut suuritehoiset valaisimet, joissa on UV-LED-tekniikka, eritt\u00e4in herkk\u00e4 liiketunnistin ja ladattava litiumakku, joka on ladattu mini-USB-kaapelilla. Asennetaan airsoft-kopioihin, jotka on varustettu tavallisella 14 mm:n kierreputkella (automaattinen) tai 11 mm:n naaraskierteell\u00e4 pistooleille.<\/p>\n","protected":false},"featured_media":33840,"template":"","meta":{"_acf_changed":false},"product_brand":[],"product_cat":[272],"product_tag":[],"class_list":{"0":"post-33858","1":"product","2":"type-product","3":"status-publish","4":"has-post-thumbnail","6":"product_cat-aanenvaimentimet","8":"first","9":"onbackorder","10":"taxable","11":"shipping-taxable","12":"product-type-simple"},"acf":[],"_links":{"self":[{"href":"https:\/\/kingarms.ee\/fi\/wp-json\/wp\/v2\/product\/33858","targetHints":{"allow":["GET"]}}],"collection":[{"href":"https:\/\/kingarms.ee\/fi\/wp-json\/wp\/v2\/product"}],"about":[{"href":"https:\/\/kingarms.ee\/fi\/wp-json\/wp\/v2\/types\/product"}],"wp:featuredmedia":[{"embeddable":true,"href":"https:\/\/kingarms.ee\/fi\/wp-json\/wp\/v2\/media\/33840"}],"wp:attachment":[{"href":"https:\/\/kingarms.ee\/fi\/wp-json\/wp\/v2\/media?parent=33858"}],"wp:term":[{"taxonomy":"product_brand","embeddable":true,"href":"https:\/\/kingarms.ee\/fi\/wp-json\/wp\/v2\/product_brand?post=33858"},{"taxonomy":"product_cat","embeddable":true,"href":"https:\/\/kingarms.ee\/fi\/wp-json\/wp\/v2\/product_cat?post=33858"},{"taxonomy":"product_tag","embeddable":true,"href":"https:\/\/kingarms.ee\/fi\/wp-json\/wp\/v2\/product_tag?post=33858"}],"curies":[{"name":"wp","href":"https:\/\/api.w.org\/{rel}","templated":true}]}}