{"id":34037,"date":"2021-12-20T15:59:31","date_gmt":"2021-12-20T12:59:58","guid":{"rendered":"https:\/\/kingarms.ee\/product\/walther-cp99-compact-45-mm\/"},"modified":"2024-08-09T14:37:11","modified_gmt":"2024-08-09T11:37:11","slug":"walther-cp99-kompakti-45-mm","status":"publish","type":"product","link":"https:\/\/kingarms.ee\/fi\/product\/walther-cp99-kompakti-45-mm\/","title":{"rendered":"Walther CP99 Compact 4,5 mm"},"content":{"rendered":"<p><img loading=\"lazy\" decoding=\"async\" class=\"alignnone size-medium wp-image-34020\" src=\"https:\/\/kingarms.ee\/wp-content\/uploads\/2021\/12\/pistol-walther-cp99-compact-4-5-mm-3505a079b3e84cf99815f79b5eb01a1d-5b1e064d-300x300.jpeg\" alt=\"\" width=\"300\" height=\"300\" srcset=\"https:\/\/kingarms.ee\/wp-content\/uploads\/2021\/12\/pistol-walther-cp99-compact-4-5-mm-3505a079b3e84cf99815f79b5eb01a1d-5b1e064d-300x300.jpeg 300w, https:\/\/kingarms.ee\/wp-content\/uploads\/2021\/12\/pistol-walther-cp99-compact-4-5-mm-3505a079b3e84cf99815f79b5eb01a1d-5b1e064d-150x150.jpeg 150w, https:\/\/kingarms.ee\/wp-content\/uploads\/2021\/12\/pistol-walther-cp99-compact-4-5-mm-3505a079b3e84cf99815f79b5eb01a1d-5b1e064d-500x500.jpeg 500w, https:\/\/kingarms.ee\/wp-content\/uploads\/2021\/12\/pistol-walther-cp99-compact-4-5-mm-3505a079b3e84cf99815f79b5eb01a1d-5b1e064d-768x768.jpeg 768w, https:\/\/kingarms.ee\/wp-content\/uploads\/2021\/12\/pistol-walther-cp99-compact-4-5-mm-3505a079b3e84cf99815f79b5eb01a1d-5b1e064d.jpeg 900w\" sizes=\"auto, (max-width: 300px) 100vw, 300px\" \/><\/p>\n","protected":false},"excerpt":{"rendered":"<p><strong>Walther CP99 ilmapistoolissa<\/strong> on 18 patrusta,<\/p>\n<p>rullamakasiinilla, tarkka ja k\u00e4tev\u00e4 ase.<\/p>\n<p>Metallinen kelkka. Blow back toiminta.<\/p>\n<p>Ilmapistooli Walther PPQ<\/p>\n<p>k\u00e4ytt\u00e4\u00e4 12 gramman CO2-kapseleita.<\/p>\n<p>Kaliiperi: 4,5 mm (.177).<\/p>\n<p>Kuulat: Py\u00f6re\u00e4t ter\u00e4spallot BB.<\/p>\n<p>Pallon nopeus: 105 m\/s.<\/p>\n","protected":false},"featured_media":34022,"template":"","meta":{"_acf_changed":false},"product_brand":[],"product_cat":[253,672],"product_tag":[],"class_list":{"0":"post-34037","1":"product","2":"type-product","3":"status-publish","4":"has-post-thumbnail","6":"product_cat-ilmakivaarit-4-5mm","7":"product_cat-pienaseet","9":"first","10":"onbackorder","11":"taxable","12":"shipping-taxable","13":"product-type-simple"},"acf":[],"_links":{"self":[{"href":"https:\/\/kingarms.ee\/fi\/wp-json\/wp\/v2\/product\/34037","targetHints":{"allow":["GET"]}}],"collection":[{"href":"https:\/\/kingarms.ee\/fi\/wp-json\/wp\/v2\/product"}],"about":[{"href":"https:\/\/kingarms.ee\/fi\/wp-json\/wp\/v2\/types\/product"}],"wp:featuredmedia":[{"embeddable":true,"href":"https:\/\/kingarms.ee\/fi\/wp-json\/wp\/v2\/media\/34022"}],"wp:attachment":[{"href":"https:\/\/kingarms.ee\/fi\/wp-json\/wp\/v2\/media?parent=34037"}],"wp:term":[{"taxonomy":"product_brand","embeddable":true,"href":"https:\/\/kingarms.ee\/fi\/wp-json\/wp\/v2\/product_brand?post=34037"},{"taxonomy":"product_cat","embeddable":true,"href":"https:\/\/kingarms.ee\/fi\/wp-json\/wp\/v2\/product_cat?post=34037"},{"taxonomy":"product_tag","embeddable":true,"href":"https:\/\/kingarms.ee\/fi\/wp-json\/wp\/v2\/product_tag?post=34037"}],"curies":[{"name":"wp","href":"https:\/\/api.w.org\/{rel}","templated":true}]}}