{"id":34151,"date":"2022-01-04T19:17:39","date_gmt":"2022-01-04T16:18:07","guid":{"rendered":"https:\/\/kingarms.ee\/product\/uvt106-trasser-aanenvaimennin-gg\/"},"modified":"2024-08-09T14:34:24","modified_gmt":"2024-08-09T11:34:24","slug":"uvt106-trasser-muffler-gg","status":"publish","type":"product","link":"https:\/\/kingarms.ee\/fi\/product\/uvt106-trasser-muffler-gg\/","title":{"rendered":"UVT106 Trasser \u00e4\u00e4nenvaimennin (G&amp;G)"},"content":{"rendered":"<p><img loading=\"lazy\" decoding=\"async\" class=\"alignnone size-medium wp-image-34147\" src=\"https:\/\/kingarms.ee\/wp-content\/uploads\/2022\/01\/image-cHJvZHVjdA-prod1597191329-300x118.png\" alt=\"\" width=\"300\" height=\"118\" srcset=\"https:\/\/kingarms.ee\/wp-content\/uploads\/2022\/01\/image-cHJvZHVjdA-prod1597191329-300x118.png 300w, https:\/\/kingarms.ee\/wp-content\/uploads\/2022\/01\/image-cHJvZHVjdA-prod1597191329-150x59.png 150w, https:\/\/kingarms.ee\/wp-content\/uploads\/2022\/01\/image-cHJvZHVjdA-prod1597191329-500x197.png 500w, https:\/\/kingarms.ee\/wp-content\/uploads\/2022\/01\/image-cHJvZHVjdA-prod1597191329.png 760w\" sizes=\"auto, (max-width: 300px) 100vw, 300px\" \/><\/p>\n","protected":false},"excerpt":{"rendered":"<p>Uusi \u00e4\u00e4nenvaimennin G&amp;G:lt\u00e4<\/p>\n<p>Ladattava akku on kiinte\u00e4 eik\u00e4 sit\u00e4 voi vaihtaa.<br \/>\nKierteen pituus: 14 mm CCW<\/p>\n","protected":false},"featured_media":34147,"template":"","meta":{"_acf_changed":false},"product_brand":[],"product_cat":[272],"product_tag":[],"class_list":{"0":"post-34151","1":"product","2":"type-product","3":"status-publish","4":"has-post-thumbnail","6":"product_cat-aanenvaimentimet","8":"first","9":"onbackorder","10":"taxable","11":"shipping-taxable","12":"product-type-simple"},"acf":[],"_links":{"self":[{"href":"https:\/\/kingarms.ee\/fi\/wp-json\/wp\/v2\/product\/34151","targetHints":{"allow":["GET"]}}],"collection":[{"href":"https:\/\/kingarms.ee\/fi\/wp-json\/wp\/v2\/product"}],"about":[{"href":"https:\/\/kingarms.ee\/fi\/wp-json\/wp\/v2\/types\/product"}],"wp:featuredmedia":[{"embeddable":true,"href":"https:\/\/kingarms.ee\/fi\/wp-json\/wp\/v2\/media\/34147"}],"wp:attachment":[{"href":"https:\/\/kingarms.ee\/fi\/wp-json\/wp\/v2\/media?parent=34151"}],"wp:term":[{"taxonomy":"product_brand","embeddable":true,"href":"https:\/\/kingarms.ee\/fi\/wp-json\/wp\/v2\/product_brand?post=34151"},{"taxonomy":"product_cat","embeddable":true,"href":"https:\/\/kingarms.ee\/fi\/wp-json\/wp\/v2\/product_cat?post=34151"},{"taxonomy":"product_tag","embeddable":true,"href":"https:\/\/kingarms.ee\/fi\/wp-json\/wp\/v2\/product_tag?post=34151"}],"curies":[{"name":"wp","href":"https:\/\/api.w.org\/{rel}","templated":true}]}}