{"id":34202,"date":"2022-01-04T19:42:17","date_gmt":"2022-01-04T16:43:04","guid":{"rendered":"https:\/\/kingarms.ee\/product\/eu17-tavoite-gbb-vorsk\/"},"modified":"2024-08-09T14:33:00","modified_gmt":"2024-08-09T11:33:00","slug":"eu17-sihik-gbb-vorsk","status":"publish","type":"product","link":"https:\/\/kingarms.ee\/fi\/product\/eu17-sihik-gbb-vorsk\/","title":{"rendered":"EU17 + tavoite GBB (Vorsk)"},"content":{"rendered":"<p><img loading=\"lazy\" decoding=\"async\" class=\"alignnone size-medium wp-image-34199\" src=\"https:\/\/kingarms.ee\/wp-content\/uploads\/2022\/01\/vgp-01-01_bds_a-300x205.jpeg\" alt=\"\" width=\"300\" height=\"205\" srcset=\"https:\/\/kingarms.ee\/wp-content\/uploads\/2022\/01\/vgp-01-01_bds_a-300x205.jpeg 300w, https:\/\/kingarms.ee\/wp-content\/uploads\/2022\/01\/vgp-01-01_bds_a-150x103.jpeg 150w, https:\/\/kingarms.ee\/wp-content\/uploads\/2022\/01\/vgp-01-01_bds_a-500x342.jpeg 500w, https:\/\/kingarms.ee\/wp-content\/uploads\/2022\/01\/vgp-01-01_bds_a-1024x700.jpeg 1024w, https:\/\/kingarms.ee\/wp-content\/uploads\/2022\/01\/vgp-01-01_bds_a-768x525.jpeg 768w, https:\/\/kingarms.ee\/wp-content\/uploads\/2022\/01\/vgp-01-01_bds_a-1536x1050.jpeg 1536w, https:\/\/kingarms.ee\/wp-content\/uploads\/2022\/01\/vgp-01-01_bds_a.jpeg 1756w\" sizes=\"auto, (max-width: 300px) 100vw, 300px\" \/><\/p>\n","protected":false},"excerpt":{"rendered":"<p>Hop-Up: s\u00e4\u00e4dett\u00e4v\u00e4<br \/>\nKuvaustila: puoliautomaattinen<br \/>\nLokeron kapasiteetti: 21 rd<br \/>\nPituus: 220 mm<br \/>\nSis\u00e4putken pituus: 90 mm<br \/>\nKierteen pituus: 14 mm CCW<br \/>\nKaliiperi: 6 mm<br \/>\nMOSFET: Ei.<br \/>\nPaino: 800 g<\/p>\n<p>Kohde on mukana<\/p>\n","protected":false},"featured_media":34199,"template":"","meta":{"_acf_changed":false},"product_brand":[],"product_cat":[252],"product_tag":[],"class_list":{"0":"post-34202","1":"product","2":"type-product","3":"status-publish","4":"has-post-thumbnail","6":"product_cat-kaasutoimiset-aseet","8":"first","9":"onbackorder","10":"taxable","11":"shipping-taxable","12":"product-type-simple"},"acf":[],"_links":{"self":[{"href":"https:\/\/kingarms.ee\/fi\/wp-json\/wp\/v2\/product\/34202","targetHints":{"allow":["GET"]}}],"collection":[{"href":"https:\/\/kingarms.ee\/fi\/wp-json\/wp\/v2\/product"}],"about":[{"href":"https:\/\/kingarms.ee\/fi\/wp-json\/wp\/v2\/types\/product"}],"wp:featuredmedia":[{"embeddable":true,"href":"https:\/\/kingarms.ee\/fi\/wp-json\/wp\/v2\/media\/34199"}],"wp:attachment":[{"href":"https:\/\/kingarms.ee\/fi\/wp-json\/wp\/v2\/media?parent=34202"}],"wp:term":[{"taxonomy":"product_brand","embeddable":true,"href":"https:\/\/kingarms.ee\/fi\/wp-json\/wp\/v2\/product_brand?post=34202"},{"taxonomy":"product_cat","embeddable":true,"href":"https:\/\/kingarms.ee\/fi\/wp-json\/wp\/v2\/product_cat?post=34202"},{"taxonomy":"product_tag","embeddable":true,"href":"https:\/\/kingarms.ee\/fi\/wp-json\/wp\/v2\/product_tag?post=34202"}],"curies":[{"name":"wp","href":"https:\/\/api.w.org\/{rel}","templated":true}]}}