{"id":34211,"date":"2022-01-04T19:46:07","date_gmt":"2022-01-04T16:46:44","guid":{"rendered":"https:\/\/kingarms.ee\/product\/eu18-tavoite-gbb-vorsk\/"},"modified":"2024-08-09T14:32:17","modified_gmt":"2024-08-09T11:32:17","slug":"eu18-sihik-gbb-vorsk","status":"publish","type":"product","link":"https:\/\/kingarms.ee\/fi\/product\/eu18-sihik-gbb-vorsk\/","title":{"rendered":"EU18 + tavoite GBB (Vorsk)"},"content":{"rendered":"<p><img loading=\"lazy\" decoding=\"async\" class=\"alignnone size-medium wp-image-34207\" src=\"https:\/\/kingarms.ee\/wp-content\/uploads\/2022\/01\/5fea552c00ee3c28bd751aded8fb05d3-300x200.jpeg\" alt=\"\" width=\"300\" height=\"200\" srcset=\"https:\/\/kingarms.ee\/wp-content\/uploads\/2022\/01\/5fea552c00ee3c28bd751aded8fb05d3-300x200.jpeg 300w, https:\/\/kingarms.ee\/wp-content\/uploads\/2022\/01\/5fea552c00ee3c28bd751aded8fb05d3-150x100.jpeg 150w, https:\/\/kingarms.ee\/wp-content\/uploads\/2022\/01\/5fea552c00ee3c28bd751aded8fb05d3-500x333.jpeg 500w, https:\/\/kingarms.ee\/wp-content\/uploads\/2022\/01\/5fea552c00ee3c28bd751aded8fb05d3-1024x683.jpeg 1024w, https:\/\/kingarms.ee\/wp-content\/uploads\/2022\/01\/5fea552c00ee3c28bd751aded8fb05d3-768x512.jpeg 768w, https:\/\/kingarms.ee\/wp-content\/uploads\/2022\/01\/5fea552c00ee3c28bd751aded8fb05d3.jpeg 1152w\" sizes=\"auto, (max-width: 300px) 100vw, 300px\" \/><\/p>\n","protected":false},"excerpt":{"rendered":"<p>Hop-Up: s\u00e4\u00e4dett\u00e4v\u00e4<br \/>\nKuvaustila: puoliautomaattinen ja automaattinen<br \/>\nLokeron kapasiteetti: 21 rd<br \/>\nPituus: 220 mm<br \/>\nSis\u00e4putken pituus: 90 mm<br \/>\nKierteen pituus: 14 mm CCW<br \/>\nKaliiperi: 6 mm<br \/>\nMOSFET: Ei.<br \/>\nPaino: 800 g<\/p>\n<p>Kohde on mukana<\/p>\n","protected":false},"featured_media":34207,"template":"","meta":{"_acf_changed":false},"product_brand":[],"product_cat":[252],"product_tag":[],"class_list":{"0":"post-34211","1":"product","2":"type-product","3":"status-publish","4":"has-post-thumbnail","6":"product_cat-kaasutoimiset-aseet","8":"first","9":"onbackorder","10":"taxable","11":"shipping-taxable","12":"product-type-simple"},"acf":[],"_links":{"self":[{"href":"https:\/\/kingarms.ee\/fi\/wp-json\/wp\/v2\/product\/34211","targetHints":{"allow":["GET"]}}],"collection":[{"href":"https:\/\/kingarms.ee\/fi\/wp-json\/wp\/v2\/product"}],"about":[{"href":"https:\/\/kingarms.ee\/fi\/wp-json\/wp\/v2\/types\/product"}],"wp:featuredmedia":[{"embeddable":true,"href":"https:\/\/kingarms.ee\/fi\/wp-json\/wp\/v2\/media\/34207"}],"wp:attachment":[{"href":"https:\/\/kingarms.ee\/fi\/wp-json\/wp\/v2\/media?parent=34211"}],"wp:term":[{"taxonomy":"product_brand","embeddable":true,"href":"https:\/\/kingarms.ee\/fi\/wp-json\/wp\/v2\/product_brand?post=34211"},{"taxonomy":"product_cat","embeddable":true,"href":"https:\/\/kingarms.ee\/fi\/wp-json\/wp\/v2\/product_cat?post=34211"},{"taxonomy":"product_tag","embeddable":true,"href":"https:\/\/kingarms.ee\/fi\/wp-json\/wp\/v2\/product_tag?post=34211"}],"curies":[{"name":"wp","href":"https:\/\/api.w.org\/{rel}","templated":true}]}}