{"id":34314,"date":"2022-01-05T14:28:17","date_gmt":"2022-01-05T11:28:48","guid":{"rendered":"https:\/\/kingarms.ee\/product\/boar-defense-ambi-rifle-aps\/"},"modified":"2024-08-09T14:28:49","modified_gmt":"2024-08-09T11:28:49","slug":"boar-defense-ambi-rifle-aps","status":"publish","type":"product","link":"https:\/\/kingarms.ee\/fi\/product\/boar-defense-ambi-rifle-aps\/","title":{"rendered":"BOAR Defense Ambi Rifle (APS)"},"content":{"rendered":"<p><img loading=\"lazy\" decoding=\"async\" class=\"alignnone size-medium wp-image-34299\" src=\"https:\/\/kingarms.ee\/wp-content\/uploads\/2022\/01\/ASR118R1-BOAR-Defense-Ambi-Rifle-Black-APS-az22916large1-300x210.png\" alt=\"\" width=\"300\" height=\"210\" srcset=\"https:\/\/kingarms.ee\/wp-content\/uploads\/2022\/01\/ASR118R1-BOAR-Defense-Ambi-Rifle-Black-APS-az22916large1-300x210.png 300w, https:\/\/kingarms.ee\/wp-content\/uploads\/2022\/01\/ASR118R1-BOAR-Defense-Ambi-Rifle-Black-APS-az22916large1-150x105.png 150w, https:\/\/kingarms.ee\/wp-content\/uploads\/2022\/01\/ASR118R1-BOAR-Defense-Ambi-Rifle-Black-APS-az22916large1-500x350.png 500w, https:\/\/kingarms.ee\/wp-content\/uploads\/2022\/01\/ASR118R1-BOAR-Defense-Ambi-Rifle-Black-APS-az22916large1-1024x717.png 1024w, https:\/\/kingarms.ee\/wp-content\/uploads\/2022\/01\/ASR118R1-BOAR-Defense-Ambi-Rifle-Black-APS-az22916large1-768x538.png 768w, https:\/\/kingarms.ee\/wp-content\/uploads\/2022\/01\/ASR118R1-BOAR-Defense-Ambi-Rifle-Black-APS-az22916large1.png 1400w\" sizes=\"auto, (max-width: 300px) 100vw, 300px\" \/><\/p>\n","protected":false},"excerpt":{"rendered":"<p>Uusi tuote valmistajalta APS mallinumero: ASR118R1<\/p>\n<p>Hop-Up: s\u00e4\u00e4dett\u00e4v\u00e4<br \/>\nKuvaustila: puoliautomaattinen ja t\u00e4ysautomaattinen<br \/>\nAlustan kapasiteetti: 300 kpl<br \/>\nPituus: 920 mm<br \/>\nPituus (taitettuna): 840 mm<br \/>\nSis\u00e4putken pituus: 430 mm<br \/>\nKierteen halkaisija: 14mm CCW<br \/>\nMoottori: pitk\u00e4<br \/>\nLiit\u00e4nt\u00e4: T-liitin (tarvittaessa mini Tamya)<br \/>\nKaliiperi: 6 mm<br \/>\nMOSFET: Ei.<br \/>\nVaihteiston versio: v2<br \/>\nPaino: 3,2 kg<\/p>\n","protected":false},"featured_media":34299,"template":"","meta":{"_acf_changed":false},"product_brand":[],"product_cat":[251],"product_tag":[527],"class_list":{"0":"post-34314","1":"product","2":"type-product","3":"status-publish","4":"has-post-thumbnail","6":"product_cat-sahkoaseet","7":"product_tag-4blss3ph-fi","9":"first","10":"onbackorder","11":"taxable","12":"shipping-taxable","13":"product-type-simple"},"acf":[],"_links":{"self":[{"href":"https:\/\/kingarms.ee\/fi\/wp-json\/wp\/v2\/product\/34314","targetHints":{"allow":["GET"]}}],"collection":[{"href":"https:\/\/kingarms.ee\/fi\/wp-json\/wp\/v2\/product"}],"about":[{"href":"https:\/\/kingarms.ee\/fi\/wp-json\/wp\/v2\/types\/product"}],"wp:featuredmedia":[{"embeddable":true,"href":"https:\/\/kingarms.ee\/fi\/wp-json\/wp\/v2\/media\/34299"}],"wp:attachment":[{"href":"https:\/\/kingarms.ee\/fi\/wp-json\/wp\/v2\/media?parent=34314"}],"wp:term":[{"taxonomy":"product_brand","embeddable":true,"href":"https:\/\/kingarms.ee\/fi\/wp-json\/wp\/v2\/product_brand?post=34314"},{"taxonomy":"product_cat","embeddable":true,"href":"https:\/\/kingarms.ee\/fi\/wp-json\/wp\/v2\/product_cat?post=34314"},{"taxonomy":"product_tag","embeddable":true,"href":"https:\/\/kingarms.ee\/fi\/wp-json\/wp\/v2\/product_tag?post=34314"}],"curies":[{"name":"wp","href":"https:\/\/api.w.org\/{rel}","templated":true}]}}