{"id":34326,"date":"2022-01-05T14:34:20","date_gmt":"2022-01-05T11:34:50","guid":{"rendered":"https:\/\/kingarms.ee\/product\/m4-guardian-match-grade-kivaari-aps\/"},"modified":"2024-08-09T14:28:08","modified_gmt":"2024-08-09T11:28:08","slug":"m4-guardian-match-grade-rifle-aps","status":"publish","type":"product","link":"https:\/\/kingarms.ee\/fi\/product\/m4-guardian-match-grade-rifle-aps\/","title":{"rendered":"M4 Guardian Match Grade -kiv\u00e4\u00e4ri (APS)"},"content":{"rendered":"<p><img loading=\"lazy\" decoding=\"async\" class=\"alignnone size-medium wp-image-34319\" src=\"https:\/\/kingarms.ee\/wp-content\/uploads\/2022\/01\/ASR110B-Guardian-Match-Grade-Rifle-Black-APS-az12969large1-300x210.png\" alt=\"\" width=\"300\" height=\"210\" srcset=\"https:\/\/kingarms.ee\/wp-content\/uploads\/2022\/01\/ASR110B-Guardian-Match-Grade-Rifle-Black-APS-az12969large1-300x210.png 300w, https:\/\/kingarms.ee\/wp-content\/uploads\/2022\/01\/ASR110B-Guardian-Match-Grade-Rifle-Black-APS-az12969large1-150x105.png 150w, https:\/\/kingarms.ee\/wp-content\/uploads\/2022\/01\/ASR110B-Guardian-Match-Grade-Rifle-Black-APS-az12969large1-500x350.png 500w, https:\/\/kingarms.ee\/wp-content\/uploads\/2022\/01\/ASR110B-Guardian-Match-Grade-Rifle-Black-APS-az12969large1-1024x717.png 1024w, https:\/\/kingarms.ee\/wp-content\/uploads\/2022\/01\/ASR110B-Guardian-Match-Grade-Rifle-Black-APS-az12969large1-768x538.png 768w, https:\/\/kingarms.ee\/wp-content\/uploads\/2022\/01\/ASR110B-Guardian-Match-Grade-Rifle-Black-APS-az12969large1.png 1400w\" sizes=\"auto, (max-width: 300px) 100vw, 300px\" \/><\/p>\n","protected":false},"excerpt":{"rendered":"<p>M4 Guardian Match Grade -kiv\u00e4\u00e4ri (APS)<\/p>\n<p>Hop-Up: s\u00e4\u00e4dett\u00e4v\u00e4<br \/>\nKuvaustila: puoliautomaattinen ja t\u00e4ysautomaattinen<br \/>\nAlustan kapasiteetti: 300 kpl<br \/>\nPituus: 990 mm<br \/>\nPituus (taitettuna): 907 mm<br \/>\nSis\u00e4putken pituus: 445 mm<br \/>\nValmistaja: APS<br \/>\nMoottori: pitk\u00e4<br \/>\nLiit\u00e4nt\u00e4: Mini Tamiya<br \/>\nKaliiperi: 6 mm<br \/>\nMOSFET: Ei.<br \/>\nVaihteiston versio: 2 r\u00e4\u00e4t\u00e4l\u00f6ityj\u00e4<br \/>\nPaino: 2,6 kg<\/p>\n<p>Kuvausnopeus 1,3 J tai 375 FPS<\/p>\n","protected":false},"featured_media":79505,"template":"","meta":{"_acf_changed":false},"product_brand":[],"product_cat":[251],"product_tag":[527],"class_list":{"0":"post-34326","1":"product","2":"type-product","3":"status-publish","4":"has-post-thumbnail","6":"product_cat-sahkoaseet","7":"product_tag-4blss3ph-fi","9":"first","10":"instock","11":"sale","12":"taxable","13":"shipping-taxable","14":"purchasable","15":"product-type-simple"},"acf":[],"_links":{"self":[{"href":"https:\/\/kingarms.ee\/fi\/wp-json\/wp\/v2\/product\/34326","targetHints":{"allow":["GET"]}}],"collection":[{"href":"https:\/\/kingarms.ee\/fi\/wp-json\/wp\/v2\/product"}],"about":[{"href":"https:\/\/kingarms.ee\/fi\/wp-json\/wp\/v2\/types\/product"}],"wp:featuredmedia":[{"embeddable":true,"href":"https:\/\/kingarms.ee\/fi\/wp-json\/wp\/v2\/media\/79505"}],"wp:attachment":[{"href":"https:\/\/kingarms.ee\/fi\/wp-json\/wp\/v2\/media?parent=34326"}],"wp:term":[{"taxonomy":"product_brand","embeddable":true,"href":"https:\/\/kingarms.ee\/fi\/wp-json\/wp\/v2\/product_brand?post=34326"},{"taxonomy":"product_cat","embeddable":true,"href":"https:\/\/kingarms.ee\/fi\/wp-json\/wp\/v2\/product_cat?post=34326"},{"taxonomy":"product_tag","embeddable":true,"href":"https:\/\/kingarms.ee\/fi\/wp-json\/wp\/v2\/product_tag?post=34326"}],"curies":[{"name":"wp","href":"https:\/\/api.w.org\/{rel}","templated":true}]}}