{"id":34652,"date":"2022-01-07T16:29:56","date_gmt":"2022-01-07T13:30:20","guid":{"rendered":"https:\/\/kingarms.ee\/product\/aselaukku-kasiaseelle-28cm-beige\/"},"modified":"2024-08-09T14:24:35","modified_gmt":"2024-08-09T11:24:35","slug":"asepussi-kasirelvale-28cm-beez","status":"publish","type":"product","link":"https:\/\/kingarms.ee\/fi\/product\/asepussi-kasirelvale-28cm-beez\/","title":{"rendered":"Aselaukku &#8211; k\u00e4siaseelle (28cm beige)"},"content":{"rendered":"<p><img loading=\"lazy\" decoding=\"async\" class=\"alignnone size-medium wp-image-34643\" src=\"https:\/\/kingarms.ee\/wp-content\/uploads\/2022\/01\/wyposazenie-taktyczne-pokrowce-na-bron-pokrowiec-na-pistolet-28cm-tan-pj-12496151-300x225.jpeg\" alt=\"\" width=\"300\" height=\"225\" srcset=\"https:\/\/kingarms.ee\/wp-content\/uploads\/2022\/01\/wyposazenie-taktyczne-pokrowce-na-bron-pokrowiec-na-pistolet-28cm-tan-pj-12496151-300x225.jpeg 300w, https:\/\/kingarms.ee\/wp-content\/uploads\/2022\/01\/wyposazenie-taktyczne-pokrowce-na-bron-pokrowiec-na-pistolet-28cm-tan-pj-12496151-150x113.jpeg 150w, https:\/\/kingarms.ee\/wp-content\/uploads\/2022\/01\/wyposazenie-taktyczne-pokrowce-na-bron-pokrowiec-na-pistolet-28cm-tan-pj-12496151-500x375.jpeg 500w, https:\/\/kingarms.ee\/wp-content\/uploads\/2022\/01\/wyposazenie-taktyczne-pokrowce-na-bron-pokrowiec-na-pistolet-28cm-tan-pj-12496151-600x450.jpeg 600w, https:\/\/kingarms.ee\/wp-content\/uploads\/2022\/01\/wyposazenie-taktyczne-pokrowce-na-bron-pokrowiec-na-pistolet-28cm-tan-pj-12496151.jpeg 640w\" sizes=\"auto, (max-width: 300px) 100vw, 300px\" \/><\/p>\n","protected":false},"excerpt":{"rendered":"<p>Vedenpit\u00e4v\u00e4 oxford-kangas ja vaahtomuovipehmustettu pistoolilaukku. Siin\u00e4 on 28 cm pitk\u00e4 p\u00e4\u00e4laatikko vetoketjullisella sis\u00e4taskulla, 5 joustavaa lenkki\u00e4 tarjottimia varten ja tarranauha ulkopuolella.<\/p>\n","protected":false},"featured_media":34645,"template":"","meta":{"_acf_changed":false},"product_brand":[],"product_cat":[652,264,645],"product_tag":[],"class_list":{"0":"post-34652","1":"product","2":"type-product","3":"status-publish","4":"has-post-thumbnail","6":"product_cat-laukut-fi","7":"product_cat-taskut-laukut-vyot","8":"product_cat-laukut","10":"first","11":"instock","12":"taxable","13":"shipping-taxable","14":"purchasable","15":"product-type-simple"},"acf":[],"_links":{"self":[{"href":"https:\/\/kingarms.ee\/fi\/wp-json\/wp\/v2\/product\/34652","targetHints":{"allow":["GET"]}}],"collection":[{"href":"https:\/\/kingarms.ee\/fi\/wp-json\/wp\/v2\/product"}],"about":[{"href":"https:\/\/kingarms.ee\/fi\/wp-json\/wp\/v2\/types\/product"}],"wp:featuredmedia":[{"embeddable":true,"href":"https:\/\/kingarms.ee\/fi\/wp-json\/wp\/v2\/media\/34645"}],"wp:attachment":[{"href":"https:\/\/kingarms.ee\/fi\/wp-json\/wp\/v2\/media?parent=34652"}],"wp:term":[{"taxonomy":"product_brand","embeddable":true,"href":"https:\/\/kingarms.ee\/fi\/wp-json\/wp\/v2\/product_brand?post=34652"},{"taxonomy":"product_cat","embeddable":true,"href":"https:\/\/kingarms.ee\/fi\/wp-json\/wp\/v2\/product_cat?post=34652"},{"taxonomy":"product_tag","embeddable":true,"href":"https:\/\/kingarms.ee\/fi\/wp-json\/wp\/v2\/product_tag?post=34652"}],"curies":[{"name":"wp","href":"https:\/\/api.w.org\/{rel}","templated":true}]}}