{"id":34779,"date":"2022-01-15T14:11:21","date_gmt":"2022-01-15T11:12:30","guid":{"rendered":"https:\/\/kingarms.ee\/product\/cz-shadow-2-kotelo-amomax\/"},"modified":"2024-08-09T14:20:24","modified_gmt":"2024-08-09T11:20:24","slug":"cz-shadow-2-kabuur-amomax","status":"publish","type":"product","link":"https:\/\/kingarms.ee\/fi\/product\/cz-shadow-2-kabuur-amomax\/","title":{"rendered":"CZ Shadow 2 -kotelo (Amomax)"},"content":{"rendered":"<p><img loading=\"lazy\" decoding=\"async\" class=\"alignnone size-medium wp-image-34775\" src=\"https:\/\/kingarms.ee\/wp-content\/uploads\/2022\/01\/asg-cz-shadow-2-polymer-holster-bk-300x225.jpeg\" alt=\"\" width=\"300\" height=\"225\" srcset=\"https:\/\/kingarms.ee\/wp-content\/uploads\/2022\/01\/asg-cz-shadow-2-polymer-holster-bk-300x225.jpeg 300w, https:\/\/kingarms.ee\/wp-content\/uploads\/2022\/01\/asg-cz-shadow-2-polymer-holster-bk-150x113.jpeg 150w, https:\/\/kingarms.ee\/wp-content\/uploads\/2022\/01\/asg-cz-shadow-2-polymer-holster-bk-500x375.jpeg 500w, https:\/\/kingarms.ee\/wp-content\/uploads\/2022\/01\/asg-cz-shadow-2-polymer-holster-bk-1024x768.jpeg 1024w, https:\/\/kingarms.ee\/wp-content\/uploads\/2022\/01\/asg-cz-shadow-2-polymer-holster-bk-768x576.jpeg 768w, https:\/\/kingarms.ee\/wp-content\/uploads\/2022\/01\/asg-cz-shadow-2-polymer-holster-bk-1536x1152.jpeg 1536w, https:\/\/kingarms.ee\/wp-content\/uploads\/2022\/01\/asg-cz-shadow-2-polymer-holster-bk-600x450.jpeg 600w, https:\/\/kingarms.ee\/wp-content\/uploads\/2022\/01\/asg-cz-shadow-2-polymer-holster-bk.jpeg 1600w\" sizes=\"auto, (max-width: 300px) 100vw, 300px\" \/><\/p>\n","protected":false},"excerpt":{"rendered":"<p>CZ Shadow 2 -kotelo (Amomax)<\/p>\n<p>Sopii Shadow 2 tyypin pistooleihin, Amomaxin muovikotelo. Kotelossa on sormelukko napilla. Kiinnitetty vy\u00f6h\u00f6n tai hihnaan. Korkkia voidaan s\u00e4\u00e4t\u00e4\u00e4 ja k\u00e4\u00e4nt\u00e4\u00e4 360 * halutulla tavalla.<\/p>\n","protected":false},"featured_media":34775,"template":"","meta":{"_acf_changed":false},"product_brand":[],"product_cat":[244],"product_tag":[],"class_list":{"0":"post-34779","1":"product","2":"type-product","3":"status-publish","4":"has-post-thumbnail","6":"product_cat-holsters-fi","8":"first","9":"instock","10":"taxable","11":"shipping-taxable","12":"purchasable","13":"product-type-simple"},"acf":[],"_links":{"self":[{"href":"https:\/\/kingarms.ee\/fi\/wp-json\/wp\/v2\/product\/34779","targetHints":{"allow":["GET"]}}],"collection":[{"href":"https:\/\/kingarms.ee\/fi\/wp-json\/wp\/v2\/product"}],"about":[{"href":"https:\/\/kingarms.ee\/fi\/wp-json\/wp\/v2\/types\/product"}],"wp:featuredmedia":[{"embeddable":true,"href":"https:\/\/kingarms.ee\/fi\/wp-json\/wp\/v2\/media\/34775"}],"wp:attachment":[{"href":"https:\/\/kingarms.ee\/fi\/wp-json\/wp\/v2\/media?parent=34779"}],"wp:term":[{"taxonomy":"product_brand","embeddable":true,"href":"https:\/\/kingarms.ee\/fi\/wp-json\/wp\/v2\/product_brand?post=34779"},{"taxonomy":"product_cat","embeddable":true,"href":"https:\/\/kingarms.ee\/fi\/wp-json\/wp\/v2\/product_cat?post=34779"},{"taxonomy":"product_tag","embeddable":true,"href":"https:\/\/kingarms.ee\/fi\/wp-json\/wp\/v2\/product_tag?post=34779"}],"curies":[{"name":"wp","href":"https:\/\/api.w.org\/{rel}","templated":true}]}}