{"id":34787,"date":"2022-01-15T14:14:11","date_gmt":"2022-01-15T11:14:33","guid":{"rendered":"https:\/\/kingarms.ee\/product\/sig-sp2022-kotelo-amomax\/"},"modified":"2024-08-09T14:19:39","modified_gmt":"2024-08-09T11:19:39","slug":"sig-sp2022-kabuur-amomax","status":"publish","type":"product","link":"https:\/\/kingarms.ee\/fi\/product\/sig-sp2022-kabuur-amomax\/","title":{"rendered":"SIG SP2022 -kotelo (Amomax)"},"content":{"rendered":"<p><img loading=\"lazy\" decoding=\"async\" class=\"alignnone size-medium wp-image-34781\" src=\"https:\/\/kingarms.ee\/wp-content\/uploads\/2022\/01\/Amomax-Quick-Draw-Retention-Tactical-Polymer-Holster-Fits-Sig-Sauer-SP2022-for-Daily-Carry-Shooting-300x300.jpeg\" alt=\"\" width=\"300\" height=\"300\" srcset=\"https:\/\/kingarms.ee\/wp-content\/uploads\/2022\/01\/Amomax-Quick-Draw-Retention-Tactical-Polymer-Holster-Fits-Sig-Sauer-SP2022-for-Daily-Carry-Shooting-300x300.jpeg 300w, https:\/\/kingarms.ee\/wp-content\/uploads\/2022\/01\/Amomax-Quick-Draw-Retention-Tactical-Polymer-Holster-Fits-Sig-Sauer-SP2022-for-Daily-Carry-Shooting-150x150.jpeg 150w, https:\/\/kingarms.ee\/wp-content\/uploads\/2022\/01\/Amomax-Quick-Draw-Retention-Tactical-Polymer-Holster-Fits-Sig-Sauer-SP2022-for-Daily-Carry-Shooting-500x500.jpeg 500w, https:\/\/kingarms.ee\/wp-content\/uploads\/2022\/01\/Amomax-Quick-Draw-Retention-Tactical-Polymer-Holster-Fits-Sig-Sauer-SP2022-for-Daily-Carry-Shooting-768x768.jpeg 768w, https:\/\/kingarms.ee\/wp-content\/uploads\/2022\/01\/Amomax-Quick-Draw-Retention-Tactical-Polymer-Holster-Fits-Sig-Sauer-SP2022-for-Daily-Carry-Shooting.jpeg 800w\" sizes=\"auto, (max-width: 300px) 100vw, 300px\" \/><\/p>\n","protected":false},"excerpt":{"rendered":"<p>Sopii SIG SP2022 pistooleihin, Amomaxin muovikotelo. Kotelossa on sormelukko napilla. Kiinnitetty vy\u00f6h\u00f6n tai hihnaan. Korkkia voidaan s\u00e4\u00e4t\u00e4\u00e4 ja k\u00e4\u00e4nt\u00e4\u00e4 360 * halutulla tavalla.<\/p>\n","protected":false},"featured_media":34783,"template":"","meta":{"_acf_changed":false},"product_brand":[],"product_cat":[244],"product_tag":[],"class_list":{"0":"post-34787","1":"product","2":"type-product","3":"status-publish","4":"has-post-thumbnail","6":"product_cat-holsters-fi","8":"first","9":"instock","10":"taxable","11":"shipping-taxable","12":"purchasable","13":"product-type-simple"},"acf":[],"_links":{"self":[{"href":"https:\/\/kingarms.ee\/fi\/wp-json\/wp\/v2\/product\/34787","targetHints":{"allow":["GET"]}}],"collection":[{"href":"https:\/\/kingarms.ee\/fi\/wp-json\/wp\/v2\/product"}],"about":[{"href":"https:\/\/kingarms.ee\/fi\/wp-json\/wp\/v2\/types\/product"}],"wp:featuredmedia":[{"embeddable":true,"href":"https:\/\/kingarms.ee\/fi\/wp-json\/wp\/v2\/media\/34783"}],"wp:attachment":[{"href":"https:\/\/kingarms.ee\/fi\/wp-json\/wp\/v2\/media?parent=34787"}],"wp:term":[{"taxonomy":"product_brand","embeddable":true,"href":"https:\/\/kingarms.ee\/fi\/wp-json\/wp\/v2\/product_brand?post=34787"},{"taxonomy":"product_cat","embeddable":true,"href":"https:\/\/kingarms.ee\/fi\/wp-json\/wp\/v2\/product_cat?post=34787"},{"taxonomy":"product_tag","embeddable":true,"href":"https:\/\/kingarms.ee\/fi\/wp-json\/wp\/v2\/product_tag?post=34787"}],"curies":[{"name":"wp","href":"https:\/\/api.w.org\/{rel}","templated":true}]}}