{"id":34819,"date":"2022-01-15T14:23:43","date_gmt":"2022-01-15T11:24:26","guid":{"rendered":"https:\/\/kingarms.ee\/product\/cz-75d-compact-koito-amomax\/"},"modified":"2024-08-09T14:16:57","modified_gmt":"2024-08-09T11:16:57","slug":"cz-75d-compact-bakuur-amomax","status":"publish","type":"product","link":"https:\/\/kingarms.ee\/fi\/product\/cz-75d-compact-bakuur-amomax\/","title":{"rendered":"CZ 75D Compact koito (Amomax)"},"content":{"rendered":"<p><img loading=\"lazy\" decoding=\"async\" class=\"alignnone size-medium wp-image-34813\" src=\"https:\/\/kingarms.ee\/wp-content\/uploads\/2022\/01\/caza-airsoft-AMT247G2-300x179.jpeg\" alt=\"\" width=\"300\" height=\"179\" srcset=\"https:\/\/kingarms.ee\/wp-content\/uploads\/2022\/01\/caza-airsoft-AMT247G2-300x179.jpeg 300w, https:\/\/kingarms.ee\/wp-content\/uploads\/2022\/01\/caza-airsoft-AMT247G2-150x89.jpeg 150w, https:\/\/kingarms.ee\/wp-content\/uploads\/2022\/01\/caza-airsoft-AMT247G2-500x298.jpeg 500w, https:\/\/kingarms.ee\/wp-content\/uploads\/2022\/01\/caza-airsoft-AMT247G2-1024x611.jpeg 1024w, https:\/\/kingarms.ee\/wp-content\/uploads\/2022\/01\/caza-airsoft-AMT247G2-768x458.jpeg 768w, https:\/\/kingarms.ee\/wp-content\/uploads\/2022\/01\/caza-airsoft-AMT247G2.jpeg 1100w\" sizes=\"auto, (max-width: 300px) 100vw, 300px\" \/><\/p>\n","protected":false},"excerpt":{"rendered":"<p>Amomax<\/p>\n<p>Sopii CZ 75D pistooleihin, Amomaxin muovikotelo. Kotelossa on sormelukko napilla. Kiinnitetty vy\u00f6h\u00f6n tai hihnaan. Korkkia voidaan s\u00e4\u00e4t\u00e4\u00e4 ja k\u00e4\u00e4nt\u00e4\u00e4 360 * halutulla tavalla.<\/p>\n","protected":false},"featured_media":34815,"template":"","meta":{"_acf_changed":false},"product_brand":[],"product_cat":[244],"product_tag":[],"class_list":{"0":"post-34819","1":"product","2":"type-product","3":"status-publish","4":"has-post-thumbnail","6":"product_cat-holsters-fi","8":"first","9":"instock","10":"taxable","11":"shipping-taxable","12":"purchasable","13":"product-type-simple"},"acf":[],"_links":{"self":[{"href":"https:\/\/kingarms.ee\/fi\/wp-json\/wp\/v2\/product\/34819","targetHints":{"allow":["GET"]}}],"collection":[{"href":"https:\/\/kingarms.ee\/fi\/wp-json\/wp\/v2\/product"}],"about":[{"href":"https:\/\/kingarms.ee\/fi\/wp-json\/wp\/v2\/types\/product"}],"wp:featuredmedia":[{"embeddable":true,"href":"https:\/\/kingarms.ee\/fi\/wp-json\/wp\/v2\/media\/34815"}],"wp:attachment":[{"href":"https:\/\/kingarms.ee\/fi\/wp-json\/wp\/v2\/media?parent=34819"}],"wp:term":[{"taxonomy":"product_brand","embeddable":true,"href":"https:\/\/kingarms.ee\/fi\/wp-json\/wp\/v2\/product_brand?post=34819"},{"taxonomy":"product_cat","embeddable":true,"href":"https:\/\/kingarms.ee\/fi\/wp-json\/wp\/v2\/product_cat?post=34819"},{"taxonomy":"product_tag","embeddable":true,"href":"https:\/\/kingarms.ee\/fi\/wp-json\/wp\/v2\/product_tag?post=34819"}],"curies":[{"name":"wp","href":"https:\/\/api.w.org\/{rel}","templated":true}]}}