{"id":34834,"date":"2022-01-15T14:29:02","date_gmt":"2022-01-15T11:29:23","guid":{"rendered":"https:\/\/kingarms.ee\/product\/sig-p320-kotelo-amomax\/"},"modified":"2024-08-09T14:15:34","modified_gmt":"2024-08-09T11:15:34","slug":"sig-p320-kabuur-amomax","status":"publish","type":"product","link":"https:\/\/kingarms.ee\/fi\/product\/sig-p320-kabuur-amomax\/","title":{"rendered":"SIG P320 -kotelo (Amomax)"},"content":{"rendered":"<p><img loading=\"lazy\" decoding=\"async\" class=\"alignnone size-medium wp-image-34829\" src=\"https:\/\/kingarms.ee\/wp-content\/uploads\/2022\/01\/IMI-Defense-Level-2-Sig-Sauer-P250-Compact-Holster-IMI-Z1060-C-Black-300x300.png\" alt=\"\" width=\"300\" height=\"300\" srcset=\"https:\/\/kingarms.ee\/wp-content\/uploads\/2022\/01\/IMI-Defense-Level-2-Sig-Sauer-P250-Compact-Holster-IMI-Z1060-C-Black-300x300.png 300w, https:\/\/kingarms.ee\/wp-content\/uploads\/2022\/01\/IMI-Defense-Level-2-Sig-Sauer-P250-Compact-Holster-IMI-Z1060-C-Black-150x150.png 150w, https:\/\/kingarms.ee\/wp-content\/uploads\/2022\/01\/IMI-Defense-Level-2-Sig-Sauer-P250-Compact-Holster-IMI-Z1060-C-Black-500x500.png 500w, https:\/\/kingarms.ee\/wp-content\/uploads\/2022\/01\/IMI-Defense-Level-2-Sig-Sauer-P250-Compact-Holster-IMI-Z1060-C-Black-1024x1024.png 1024w, https:\/\/kingarms.ee\/wp-content\/uploads\/2022\/01\/IMI-Defense-Level-2-Sig-Sauer-P250-Compact-Holster-IMI-Z1060-C-Black-768x768.png 768w, https:\/\/kingarms.ee\/wp-content\/uploads\/2022\/01\/IMI-Defense-Level-2-Sig-Sauer-P250-Compact-Holster-IMI-Z1060-C-Black.png 1200w\" sizes=\"auto, (max-width: 300px) 100vw, 300px\" \/><\/p>\n","protected":false},"excerpt":{"rendered":"<p>Sopii SIG P320 pistooleihin, Amomaxin muovikotelo. Kotelossa on sormelukko napilla. Kiinnitetty vy\u00f6h\u00f6n tai hihnaan. Korkkia voidaan s\u00e4\u00e4t\u00e4\u00e4 ja k\u00e4\u00e4nt\u00e4\u00e4 360 * halutulla tavalla.<\/p>\n","protected":false},"featured_media":34831,"template":"","meta":{"_acf_changed":false},"product_brand":[],"product_cat":[244],"product_tag":[],"class_list":{"0":"post-34834","1":"product","2":"type-product","3":"status-publish","4":"has-post-thumbnail","6":"product_cat-holsters-fi","8":"first","9":"instock","10":"taxable","11":"shipping-taxable","12":"purchasable","13":"product-type-simple"},"acf":[],"_links":{"self":[{"href":"https:\/\/kingarms.ee\/fi\/wp-json\/wp\/v2\/product\/34834","targetHints":{"allow":["GET"]}}],"collection":[{"href":"https:\/\/kingarms.ee\/fi\/wp-json\/wp\/v2\/product"}],"about":[{"href":"https:\/\/kingarms.ee\/fi\/wp-json\/wp\/v2\/types\/product"}],"wp:featuredmedia":[{"embeddable":true,"href":"https:\/\/kingarms.ee\/fi\/wp-json\/wp\/v2\/media\/34831"}],"wp:attachment":[{"href":"https:\/\/kingarms.ee\/fi\/wp-json\/wp\/v2\/media?parent=34834"}],"wp:term":[{"taxonomy":"product_brand","embeddable":true,"href":"https:\/\/kingarms.ee\/fi\/wp-json\/wp\/v2\/product_brand?post=34834"},{"taxonomy":"product_cat","embeddable":true,"href":"https:\/\/kingarms.ee\/fi\/wp-json\/wp\/v2\/product_cat?post=34834"},{"taxonomy":"product_tag","embeddable":true,"href":"https:\/\/kingarms.ee\/fi\/wp-json\/wp\/v2\/product_tag?post=34834"}],"curies":[{"name":"wp","href":"https:\/\/api.w.org\/{rel}","templated":true}]}}