{"id":34937,"date":"2022-01-18T15:08:17","date_gmt":"2022-01-18T12:08:17","guid":{"rendered":"https:\/\/kingarms.ee\/product\/hatsan-at-p2-pcp\/"},"modified":"2024-08-09T14:14:52","modified_gmt":"2024-08-09T11:14:52","slug":"hatsan-at-p2-pcp","status":"publish","type":"product","link":"https:\/\/kingarms.ee\/fi\/product\/hatsan-at-p2-pcp\/","title":{"rendered":"Hatsan AT-P2 (PCP)"},"content":{"rendered":"<p><img loading=\"lazy\" decoding=\"async\" class=\"alignnone size-medium wp-image-34934\" src=\"https:\/\/kingarms.ee\/wp-content\/uploads\/2022\/01\/pistola-hatsan-AT-P2-300x225.jpeg\" alt=\"\" width=\"300\" height=\"225\" srcset=\"https:\/\/kingarms.ee\/wp-content\/uploads\/2022\/01\/pistola-hatsan-AT-P2-300x225.jpeg 300w, https:\/\/kingarms.ee\/wp-content\/uploads\/2022\/01\/pistola-hatsan-AT-P2-150x113.jpeg 150w, https:\/\/kingarms.ee\/wp-content\/uploads\/2022\/01\/pistola-hatsan-AT-P2-500x375.jpeg 500w, https:\/\/kingarms.ee\/wp-content\/uploads\/2022\/01\/pistola-hatsan-AT-P2-768x576.jpeg 768w, https:\/\/kingarms.ee\/wp-content\/uploads\/2022\/01\/pistola-hatsan-AT-P2-600x450.jpeg 600w, https:\/\/kingarms.ee\/wp-content\/uploads\/2022\/01\/pistola-hatsan-AT-P2.jpeg 900w\" sizes=\"auto, (max-width: 300px) 100vw, 300px\" \/><\/p>\n","protected":false},"excerpt":{"rendered":"<p>Hatsan AT-P2 ilmapistooli on yksi uusimmista moderneista turkkilaisen yrityksen pistooleista, joka on eritt\u00e4in ergonominen, mukava ja miellytt\u00e4v\u00e4 tarkka-ampuja-harrastajalle.<\/p>\n<p>Kaliiperi: 4,5mm (.177)<br \/>\nToimintaperiaate: PCP pneumaattinen (esipumpattu)<br \/>\nEnergianl\u00e4hde: PCP-pumppu, 50 cm3, 200 bar, ~ 35 drop<br \/>\nAmpumatarvikkeet: luodit, joiden kaliiperi on 4,5 mm<br \/>\nLokeron kapasiteetti: 10 luotia<br \/>\nAmmuntanopeus: 265 m\/s<br \/>\nMateriaali: kotelo &#8211; ABS, ter\u00e4sputki<br \/>\nLaukaisumekanismi (?): Yksitt\u00e4inen toiminta<br \/>\nKuvaustila (?): Yksitt\u00e4inen<br \/>\nSuojaus: automaattinen, vipu liipaisinsuojan alla<br \/>\nKohteet: s\u00e4\u00e4dett\u00e4v\u00e4 taustavalo, etut\u00e4ht\u00e4in, valokuitulangat<br \/>\nWeaver \/ Picatinny -raita: yhdistetty t\u00e4h\u00e4n (Dovetail- ja Picatinny-raita)<br \/>\nTyyppi (?): Kiv\u00e4\u00e4ri<br \/>\nPituus: 640 mm, putki &#8211; 265 mm (varsi voidaan irrottaa tarvittaessa)<br \/>\nPaino: 2900 g<br \/>\nLis\u00e4ksi: puhelimessa on integroitu kaksikammioinen \u00e4\u00e4nenmoderaattori<br \/>\nVarusteet (?): Pistooli, irrotettava s\u00e4\u00e4dett\u00e4v\u00e4 ter\u00e4, tarjotinrumpu &#8211; 2 kpl, vahvikesarja, korjaussarja, kuusioavain, t\u00e4ytt\u00f6liitin, ohjeet<\/p>\n<p>Tuotteen takuu 3 vuotta ja huolto takuun aikana on ILMAISTA<\/p>\n","protected":false},"featured_media":34934,"template":"","meta":{"_acf_changed":false},"product_brand":[],"product_cat":[256],"product_tag":[],"class_list":{"0":"post-34937","1":"product","2":"type-product","3":"status-publish","4":"has-post-thumbnail","6":"product_cat-hpa-fi","8":"first","9":"instock","10":"sale","11":"taxable","12":"shipping-taxable","13":"purchasable","14":"product-type-simple"},"acf":[],"_links":{"self":[{"href":"https:\/\/kingarms.ee\/fi\/wp-json\/wp\/v2\/product\/34937","targetHints":{"allow":["GET"]}}],"collection":[{"href":"https:\/\/kingarms.ee\/fi\/wp-json\/wp\/v2\/product"}],"about":[{"href":"https:\/\/kingarms.ee\/fi\/wp-json\/wp\/v2\/types\/product"}],"wp:featuredmedia":[{"embeddable":true,"href":"https:\/\/kingarms.ee\/fi\/wp-json\/wp\/v2\/media\/34934"}],"wp:attachment":[{"href":"https:\/\/kingarms.ee\/fi\/wp-json\/wp\/v2\/media?parent=34937"}],"wp:term":[{"taxonomy":"product_brand","embeddable":true,"href":"https:\/\/kingarms.ee\/fi\/wp-json\/wp\/v2\/product_brand?post=34937"},{"taxonomy":"product_cat","embeddable":true,"href":"https:\/\/kingarms.ee\/fi\/wp-json\/wp\/v2\/product_cat?post=34937"},{"taxonomy":"product_tag","embeddable":true,"href":"https:\/\/kingarms.ee\/fi\/wp-json\/wp\/v2\/product_tag?post=34937"}],"curies":[{"name":"wp","href":"https:\/\/api.w.org\/{rel}","templated":true}]}}