{"id":35295,"date":"2022-01-19T13:21:11","date_gmt":"2022-01-19T10:21:32","guid":{"rendered":"https:\/\/kingarms.ee\/product\/ase-taskulamppu-m300a-night-evolution\/"},"modified":"2024-08-09T13:57:34","modified_gmt":"2024-08-09T10:57:34","slug":"ase-taskulamppu-m300a-night-evolution","status":"publish","type":"product","link":"https:\/\/kingarms.ee\/fi\/product\/ase-taskulamppu-m300a-night-evolution\/","title":{"rendered":"Ase taskulamppu M300A (Night Evolution)"},"content":{"rendered":"<p><img loading=\"lazy\" decoding=\"async\" class=\"alignnone size-medium wp-image-35288\" src=\"https:\/\/kingarms.ee\/wp-content\/uploads\/2022\/01\/night-evolution-m300b-mini-scout-weaponlight-300x300.jpeg\" alt=\"\" width=\"300\" height=\"300\" srcset=\"https:\/\/kingarms.ee\/wp-content\/uploads\/2022\/01\/night-evolution-m300b-mini-scout-weaponlight-300x300.jpeg 300w, https:\/\/kingarms.ee\/wp-content\/uploads\/2022\/01\/night-evolution-m300b-mini-scout-weaponlight-150x150.jpeg 150w, https:\/\/kingarms.ee\/wp-content\/uploads\/2022\/01\/night-evolution-m300b-mini-scout-weaponlight-500x500.jpeg 500w, https:\/\/kingarms.ee\/wp-content\/uploads\/2022\/01\/night-evolution-m300b-mini-scout-weaponlight-768x768.jpeg 768w, https:\/\/kingarms.ee\/wp-content\/uploads\/2022\/01\/night-evolution-m300b-mini-scout-weaponlight.jpeg 800w\" sizes=\"auto, (max-width: 300px) 100vw, 300px\" \/><\/p>\n","protected":false},"excerpt":{"rendered":"<p>Ase taskulamppu M300A<\/p>\n<p>M300 Mini Scout on tehokas ja kevyt taskulamppu, joka saa virtansa yhdest\u00e4 123 A litiumparistosta, jossa on k\u00e4yt\u00e4nn\u00f6llisesti katsoen tuhoutumaton LED, joka tuottaa 500 lumenia valoa, joka on tarkennettu TIR-linssill\u00e4 korkean intensiteetin, suuren nopeuden ja suuren kantaman saavuttamiseksi. lyhyen ja keskipitk\u00e4n aikav\u00e4lin toimintaan.<\/p>\n","protected":false},"featured_media":35288,"template":"","meta":{"_acf_changed":false},"product_brand":[],"product_cat":[273],"product_tag":[],"class_list":{"0":"post-35295","1":"product","2":"type-product","3":"status-publish","4":"has-post-thumbnail","6":"product_cat-valaisimet","8":"first","9":"instock","10":"taxable","11":"shipping-taxable","12":"purchasable","13":"product-type-simple"},"acf":[],"_links":{"self":[{"href":"https:\/\/kingarms.ee\/fi\/wp-json\/wp\/v2\/product\/35295","targetHints":{"allow":["GET"]}}],"collection":[{"href":"https:\/\/kingarms.ee\/fi\/wp-json\/wp\/v2\/product"}],"about":[{"href":"https:\/\/kingarms.ee\/fi\/wp-json\/wp\/v2\/types\/product"}],"wp:featuredmedia":[{"embeddable":true,"href":"https:\/\/kingarms.ee\/fi\/wp-json\/wp\/v2\/media\/35288"}],"wp:attachment":[{"href":"https:\/\/kingarms.ee\/fi\/wp-json\/wp\/v2\/media?parent=35295"}],"wp:term":[{"taxonomy":"product_brand","embeddable":true,"href":"https:\/\/kingarms.ee\/fi\/wp-json\/wp\/v2\/product_brand?post=35295"},{"taxonomy":"product_cat","embeddable":true,"href":"https:\/\/kingarms.ee\/fi\/wp-json\/wp\/v2\/product_cat?post=35295"},{"taxonomy":"product_tag","embeddable":true,"href":"https:\/\/kingarms.ee\/fi\/wp-json\/wp\/v2\/product_tag?post=35295"}],"curies":[{"name":"wp","href":"https:\/\/api.w.org\/{rel}","templated":true}]}}