{"id":35323,"date":"2022-01-19T13:32:14","date_gmt":"2022-01-19T10:32:55","guid":{"rendered":"https:\/\/kingarms.ee\/product\/mt1a-taskulamppu-nitecore\/"},"modified":"2024-08-09T13:56:05","modified_gmt":"2024-08-09T10:56:05","slug":"mt1a-taskulamppu-nitecore","status":"publish","type":"product","link":"https:\/\/kingarms.ee\/fi\/product\/mt1a-taskulamppu-nitecore\/","title":{"rendered":"MT1A taskulamppu (Nitecore)"},"content":{"rendered":"<p><img loading=\"lazy\" decoding=\"async\" class=\"alignnone size-medium wp-image-35308\" src=\"https:\/\/kingarms.ee\/wp-content\/uploads\/2022\/01\/MT1A-Multi-Task-Nitecore-am14854large1-300x210.png\" alt=\"\" width=\"300\" height=\"210\" srcset=\"https:\/\/kingarms.ee\/wp-content\/uploads\/2022\/01\/MT1A-Multi-Task-Nitecore-am14854large1-300x210.png 300w, https:\/\/kingarms.ee\/wp-content\/uploads\/2022\/01\/MT1A-Multi-Task-Nitecore-am14854large1-150x105.png 150w, https:\/\/kingarms.ee\/wp-content\/uploads\/2022\/01\/MT1A-Multi-Task-Nitecore-am14854large1-500x350.png 500w, https:\/\/kingarms.ee\/wp-content\/uploads\/2022\/01\/MT1A-Multi-Task-Nitecore-am14854large1-1024x717.png 1024w, https:\/\/kingarms.ee\/wp-content\/uploads\/2022\/01\/MT1A-Multi-Task-Nitecore-am14854large1-768x538.png 768w, https:\/\/kingarms.ee\/wp-content\/uploads\/2022\/01\/MT1A-Multi-Task-Nitecore-am14854large1.png 1400w\" sizes=\"auto, (max-width: 300px) 100vw, 300px\" \/><\/p>\n","protected":false},"excerpt":{"rendered":"<p>taskulamppu<\/p>\n<p>Tekniset tiedot<\/p>\n<p>Premium taskulamppu<br \/>\nSuurin valoteho jopa 180 lumenia<br \/>\nMaksimi ty\u00f6aika jopa 60 tuntia<br \/>\nKaksi helposti vaihdettavaa tilaa<br \/>\nK\u00e4ytt\u00e4j\u00e4n m\u00e4\u00e4ritt\u00e4m\u00e4n tilan avulla voit valita 3 kirkkaustason ja v\u00e4lkkyv\u00e4n tai SOS:n v\u00e4lill\u00e4<br \/>\n\u00c4lyk\u00e4s muistitoiminto<br \/>\nVierimisen est\u00e4v\u00e4 muotoilu<br \/>\nK\u00e4\u00e4nteisen napaisuuden suojaus<br \/>\nKarkaistu ultrakirkas mineraalilasi heijastamattomalla pinnoitteella<br \/>\nAlumiininen heijastin varmistaa tasaisen ja voimakkaan valons\u00e4teen<br \/>\nLentokoneluokan alumiiniseos<br \/>\nHAIII Sotilasluokan kova-anodisoitu<br \/>\nIrrotettava kaksisuuntainen kallistuksenestopidike<br \/>\nErityisesti suunniteltu timantin muotoinen ura parempaa pitoa varten<br \/>\nANSI IPX-8 -standardin mukainen vedenpit\u00e4v\u00e4, upotettava kahden metrin syvyyteen<\/p>\n<p>Valotasot &#8211; ty\u00f6ajat<br \/>\nTurbo 180 lumenia &#8211; 1,5 tuntia<br \/>\nSuuri 55 lumenia &#8211; 5,5 tuntia<br \/>\nKeskim\u00e4\u00e4r\u00e4inen 22 lumenia &#8211; 18 tuntia<br \/>\nAlhainen 5 lumenia &#8211; 60 tuntia<\/p>\n","protected":false},"featured_media":35308,"template":"","meta":{"_acf_changed":false},"product_brand":[],"product_cat":[273],"product_tag":[],"class_list":{"0":"post-35323","1":"product","2":"type-product","3":"status-publish","4":"has-post-thumbnail","6":"product_cat-valaisimet","8":"first","9":"instock","10":"taxable","11":"shipping-taxable","12":"purchasable","13":"product-type-simple"},"acf":[],"_links":{"self":[{"href":"https:\/\/kingarms.ee\/fi\/wp-json\/wp\/v2\/product\/35323","targetHints":{"allow":["GET"]}}],"collection":[{"href":"https:\/\/kingarms.ee\/fi\/wp-json\/wp\/v2\/product"}],"about":[{"href":"https:\/\/kingarms.ee\/fi\/wp-json\/wp\/v2\/types\/product"}],"wp:featuredmedia":[{"embeddable":true,"href":"https:\/\/kingarms.ee\/fi\/wp-json\/wp\/v2\/media\/35308"}],"wp:attachment":[{"href":"https:\/\/kingarms.ee\/fi\/wp-json\/wp\/v2\/media?parent=35323"}],"wp:term":[{"taxonomy":"product_brand","embeddable":true,"href":"https:\/\/kingarms.ee\/fi\/wp-json\/wp\/v2\/product_brand?post=35323"},{"taxonomy":"product_cat","embeddable":true,"href":"https:\/\/kingarms.ee\/fi\/wp-json\/wp\/v2\/product_cat?post=35323"},{"taxonomy":"product_tag","embeddable":true,"href":"https:\/\/kingarms.ee\/fi\/wp-json\/wp\/v2\/product_tag?post=35323"}],"curies":[{"name":"wp","href":"https:\/\/api.w.org\/{rel}","templated":true}]}}