{"id":36028,"date":"2022-01-28T12:29:50","date_gmt":"2022-01-28T09:31:27","guid":{"rendered":"https:\/\/kingarms.ee\/product\/led-taskulamppu-sova\/"},"modified":"2024-08-09T13:35:24","modified_gmt":"2024-08-09T10:35:24","slug":"led-taskulamppu-sova","status":"publish","type":"product","link":"https:\/\/kingarms.ee\/fi\/product\/led-taskulamppu-sova\/","title":{"rendered":"LED-taskulamppu (Sova)"},"content":{"rendered":"<p><img loading=\"lazy\" decoding=\"async\" class=\"alignnone size-medium wp-image-36018\" src=\"https:\/\/kingarms.ee\/wp-content\/uploads\/2022\/01\/271868852_377909937476700_29615095971036413_n-300x225.jpeg\" alt=\"\" width=\"300\" height=\"225\" srcset=\"https:\/\/kingarms.ee\/wp-content\/uploads\/2022\/01\/271868852_377909937476700_29615095971036413_n-rotated-300x225.jpeg 300w, https:\/\/kingarms.ee\/wp-content\/uploads\/2022\/01\/271868852_377909937476700_29615095971036413_n-rotated-150x113.jpeg 150w, https:\/\/kingarms.ee\/wp-content\/uploads\/2022\/01\/271868852_377909937476700_29615095971036413_n-rotated-500x375.jpeg 500w, https:\/\/kingarms.ee\/wp-content\/uploads\/2022\/01\/271868852_377909937476700_29615095971036413_n-1024x768.jpeg 1024w, https:\/\/kingarms.ee\/wp-content\/uploads\/2022\/01\/271868852_377909937476700_29615095971036413_n-768x576.jpeg 768w, https:\/\/kingarms.ee\/wp-content\/uploads\/2022\/01\/271868852_377909937476700_29615095971036413_n-1536x1152.jpeg 1536w, https:\/\/kingarms.ee\/wp-content\/uploads\/2022\/01\/271868852_377909937476700_29615095971036413_n-600x450.jpeg 600w, https:\/\/kingarms.ee\/wp-content\/uploads\/2022\/01\/271868852_377909937476700_29615095971036413_n-rotated.jpeg 2048w\" sizes=\"auto, (max-width: 300px) 100vw, 300px\" \/><\/p>\n","protected":false},"excerpt":{"rendered":"<p>Tehokas muovinen led-taskulamppu (ihanteellinen patikointiin, matkustamiseen).<\/p>\n<p>Sis\u00e4\u00e4nrakennettu powerbank. Sivussa pienempi LED-valo.<\/p>\n<p>Taskulamppu voidaan ladata pistokkeesta.<\/p>\n<p>Sarja sis\u00e4lt\u00e4\u00e4 akun, laturin ja haarukat<\/p>\n<p>LED-teho 2100 lumenia (kantama jopa 300m)<\/p>\n<p>Pituus 24cm<\/p>\n","protected":false},"featured_media":36020,"template":"","meta":{"_acf_changed":false},"product_brand":[],"product_cat":[736],"product_tag":[],"class_list":{"0":"post-36028","1":"product","2":"type-product","3":"status-publish","4":"has-post-thumbnail","6":"product_cat-airsoft-taskulamput","8":"first","9":"instock","10":"taxable","11":"shipping-taxable","12":"purchasable","13":"product-type-simple"},"acf":[],"_links":{"self":[{"href":"https:\/\/kingarms.ee\/fi\/wp-json\/wp\/v2\/product\/36028","targetHints":{"allow":["GET"]}}],"collection":[{"href":"https:\/\/kingarms.ee\/fi\/wp-json\/wp\/v2\/product"}],"about":[{"href":"https:\/\/kingarms.ee\/fi\/wp-json\/wp\/v2\/types\/product"}],"wp:featuredmedia":[{"embeddable":true,"href":"https:\/\/kingarms.ee\/fi\/wp-json\/wp\/v2\/media\/36020"}],"wp:attachment":[{"href":"https:\/\/kingarms.ee\/fi\/wp-json\/wp\/v2\/media?parent=36028"}],"wp:term":[{"taxonomy":"product_brand","embeddable":true,"href":"https:\/\/kingarms.ee\/fi\/wp-json\/wp\/v2\/product_brand?post=36028"},{"taxonomy":"product_cat","embeddable":true,"href":"https:\/\/kingarms.ee\/fi\/wp-json\/wp\/v2\/product_cat?post=36028"},{"taxonomy":"product_tag","embeddable":true,"href":"https:\/\/kingarms.ee\/fi\/wp-json\/wp\/v2\/product_tag?post=36028"}],"curies":[{"name":"wp","href":"https:\/\/api.w.org\/{rel}","templated":true}]}}