{"id":36538,"date":"2022-02-03T14:47:48","date_gmt":"2022-02-04T08:13:05","guid":{"rendered":"https:\/\/kingarms.ee\/product\/lihakeitto-90g\/"},"modified":"2024-08-09T13:14:08","modified_gmt":"2024-08-09T10:14:08","slug":"lihakeitto-90-g","status":"publish","type":"product","link":"https:\/\/kingarms.ee\/fi\/product\/lihakeitto-90-g\/","title":{"rendered":"Lihakeitto 90g"},"content":{"rendered":"<p><img loading=\"lazy\" decoding=\"async\" class=\"alignnone size-medium wp-image-36511\" src=\"https:\/\/kingarms.ee\/wp-content\/uploads\/2022\/02\/MeatSoup-300x239.png\" alt=\"\" width=\"300\" height=\"239\" srcset=\"https:\/\/kingarms.ee\/wp-content\/uploads\/2022\/02\/MeatSoup-300x239.png 300w, https:\/\/kingarms.ee\/wp-content\/uploads\/2022\/02\/MeatSoup-150x120.png 150w, https:\/\/kingarms.ee\/wp-content\/uploads\/2022\/02\/MeatSoup-500x399.png 500w, https:\/\/kingarms.ee\/wp-content\/uploads\/2022\/02\/MeatSoup-1024x817.png 1024w, https:\/\/kingarms.ee\/wp-content\/uploads\/2022\/02\/MeatSoup-768x613.png 768w, https:\/\/kingarms.ee\/wp-content\/uploads\/2022\/02\/MeatSoup.png 1354w\" sizes=\"auto, (max-width: 300px) 100vw, 300px\" \/><\/p>\n","protected":false},"excerpt":{"rendered":"<ul>\n<li>Klassinen lihakeitto on mukava vaihtoehto muille Tactical Foodpackin p\u00e4\u00e4ruokille<\/li>\n<li>Nopea ja virkist\u00e4v\u00e4 vatsa<\/li>\n<li>Riippuen siit\u00e4, haluatko paksumman vai nestem\u00e4isemm\u00e4n keiton, jokainen voi lis\u00e4t\u00e4 vett\u00e4 haluamallaan tavalla &#8211; suosituksemme on 400 ml.<\/li>\n<li><span lang=\"ET\">Luonnollinen ja Virossa valmistettu <\/span><\/li>\n<li><span lang=\"ET\">Ei sis\u00e4ll\u00e4 s\u00e4il\u00f6nt\u00e4- tai lis\u00e4aineita<\/span><\/li>\n<li><span lang=\"ET\">Annosta kohden energiapitoisuus on 440 kcal<\/span><\/li>\n<li>Parasta ennen: 8 vuotta<\/li>\n<\/ul>\n<p><strong>Ainekset:<\/strong><\/p>\n<p><strong>Marinoitu kurkku, sipuli, porsaanliha (20%), tomaattipyree (tomaatit 30% vett\u00e4), rypsi\u00f6ljy, sokeri, vehn\u00e4jauho, suola, mausteet. Valmistuslinjasta riippuen tuote voi sis\u00e4lt\u00e4\u00e4 pieni\u00e4 m\u00e4\u00e4ri\u00e4 selleri\u00e4, sinappia ja maitoa.<\/strong><\/p>\n","protected":false},"featured_media":36511,"template":"","meta":{"_acf_changed":false},"product_brand":[],"product_cat":[363],"product_tag":[],"class_list":{"0":"post-36538","1":"product","2":"type-product","3":"status-publish","4":"has-post-thumbnail","6":"product_cat-taktinen-ruokapaketti","8":"first","9":"onbackorder","10":"taxable","11":"shipping-taxable","12":"product-type-simple"},"acf":[],"_links":{"self":[{"href":"https:\/\/kingarms.ee\/fi\/wp-json\/wp\/v2\/product\/36538","targetHints":{"allow":["GET"]}}],"collection":[{"href":"https:\/\/kingarms.ee\/fi\/wp-json\/wp\/v2\/product"}],"about":[{"href":"https:\/\/kingarms.ee\/fi\/wp-json\/wp\/v2\/types\/product"}],"wp:featuredmedia":[{"embeddable":true,"href":"https:\/\/kingarms.ee\/fi\/wp-json\/wp\/v2\/media\/36511"}],"wp:attachment":[{"href":"https:\/\/kingarms.ee\/fi\/wp-json\/wp\/v2\/media?parent=36538"}],"wp:term":[{"taxonomy":"product_brand","embeddable":true,"href":"https:\/\/kingarms.ee\/fi\/wp-json\/wp\/v2\/product_brand?post=36538"},{"taxonomy":"product_cat","embeddable":true,"href":"https:\/\/kingarms.ee\/fi\/wp-json\/wp\/v2\/product_cat?post=36538"},{"taxonomy":"product_tag","embeddable":true,"href":"https:\/\/kingarms.ee\/fi\/wp-json\/wp\/v2\/product_tag?post=36538"}],"curies":[{"name":"wp","href":"https:\/\/api.w.org\/{rel}","templated":true}]}}