{"id":36539,"date":"2022-02-03T14:45:41","date_gmt":"2022-02-04T08:14:21","guid":{"rendered":"https:\/\/kingarms.ee\/product\/mausteinen-nuudelikeitto-70g\/"},"modified":"2025-10-18T22:33:22","modified_gmt":"2025-10-18T19:33:22","slug":"mausteinen-nuudelikeitto-70-g","status":"publish","type":"product","link":"https:\/\/kingarms.ee\/fi\/product\/mausteinen-nuudelikeitto-70-g\/","title":{"rendered":"Mausteinen nuudelikeitto 70g"},"content":{"rendered":"<p><img loading=\"lazy\" decoding=\"async\" class=\"alignnone size-medium wp-image-36498\" src=\"https:\/\/kingarms.ee\/wp-content\/uploads\/2022\/02\/Spicy_noodles_soup-300x239.png\" alt=\"\" width=\"300\" height=\"239\" srcset=\"https:\/\/kingarms.ee\/wp-content\/uploads\/2022\/02\/Spicy_noodles_soup-300x239.png 300w, https:\/\/kingarms.ee\/wp-content\/uploads\/2022\/02\/Spicy_noodles_soup-150x120.png 150w, https:\/\/kingarms.ee\/wp-content\/uploads\/2022\/02\/Spicy_noodles_soup-500x399.png 500w, https:\/\/kingarms.ee\/wp-content\/uploads\/2022\/02\/Spicy_noodles_soup-1024x817.png 1024w, https:\/\/kingarms.ee\/wp-content\/uploads\/2022\/02\/Spicy_noodles_soup-768x613.png 768w, https:\/\/kingarms.ee\/wp-content\/uploads\/2022\/02\/Spicy_noodles_soup.png 1354w\" sizes=\"auto, (max-width: 300px) 100vw, 300px\" \/><\/p>\n","protected":false},"excerpt":{"rendered":"<ul>\n<li>Mausteinen nuudelikeitto sis\u00e4lt\u00e4\u00e4 kanaa, sieni\u00e4 ja kookosmaitoa<\/li>\n<li>Keiton maustetasoa voidaan s\u00e4\u00e4t\u00e4\u00e4 lis\u00e4\u00e4m\u00e4ll\u00e4 sopiva m\u00e4\u00e4r\u00e4 kuumaa vett\u00e4<\/li>\n<li><span lang=\"ET\">Luonnollinen ja Virossa valmistettu <\/span><\/li>\n<li><span lang=\"ET\">Ei sis\u00e4ll\u00e4 s\u00e4il\u00f6nt\u00e4- tai lis\u00e4aineita<\/span><\/li>\n<li><span lang=\"ET\">Annosta kohden energiasis\u00e4lt\u00f6 on 346 kcal<\/span><\/li>\n<li>Parasta ennen: 8 vuotta<\/li>\n<\/ul>\n<p><strong>Ainekset:<\/strong><\/p>\n<p><strong>Nuudelit (20%) (vehn\u00e4jauho, vesi, kurkuma), broilerin filee (17%), porkkana, kookosmaito, sienet, murskatut tomaatit, tomaatit, mausteet, suola. Valmistuslinjasta riippuen tuote voi sis\u00e4lt\u00e4\u00e4 pieni\u00e4 m\u00e4\u00e4ri\u00e4 selleri\u00e4, sinappia ja maitoa.<\/strong><\/p>\n","protected":false},"featured_media":36498,"template":"","meta":{"_acf_changed":false},"product_brand":[],"product_cat":[363],"product_tag":[],"class_list":{"0":"post-36539","1":"product","2":"type-product","3":"status-publish","4":"has-post-thumbnail","6":"product_cat-taktinen-ruokapaketti","8":"first","9":"instock","10":"taxable","11":"shipping-taxable","12":"purchasable","13":"product-type-simple"},"acf":[],"_links":{"self":[{"href":"https:\/\/kingarms.ee\/fi\/wp-json\/wp\/v2\/product\/36539","targetHints":{"allow":["GET"]}}],"collection":[{"href":"https:\/\/kingarms.ee\/fi\/wp-json\/wp\/v2\/product"}],"about":[{"href":"https:\/\/kingarms.ee\/fi\/wp-json\/wp\/v2\/types\/product"}],"wp:featuredmedia":[{"embeddable":true,"href":"https:\/\/kingarms.ee\/fi\/wp-json\/wp\/v2\/media\/36498"}],"wp:attachment":[{"href":"https:\/\/kingarms.ee\/fi\/wp-json\/wp\/v2\/media?parent=36539"}],"wp:term":[{"taxonomy":"product_brand","embeddable":true,"href":"https:\/\/kingarms.ee\/fi\/wp-json\/wp\/v2\/product_brand?post=36539"},{"taxonomy":"product_cat","embeddable":true,"href":"https:\/\/kingarms.ee\/fi\/wp-json\/wp\/v2\/product_cat?post=36539"},{"taxonomy":"product_tag","embeddable":true,"href":"https:\/\/kingarms.ee\/fi\/wp-json\/wp\/v2\/product_tag?post=36539"}],"curies":[{"name":"wp","href":"https:\/\/api.w.org\/{rel}","templated":true}]}}