{"id":36540,"date":"2022-02-03T14:43:37","date_gmt":"2022-02-04T08:24:27","guid":{"rendered":"https:\/\/kingarms.ee\/product\/punajuurikeitto-fetalla-60g\/"},"modified":"2025-10-18T22:33:22","modified_gmt":"2025-10-18T19:33:22","slug":"juurikaskeitto-feta-60g","status":"publish","type":"product","link":"https:\/\/kingarms.ee\/fi\/product\/juurikaskeitto-feta-60g\/","title":{"rendered":"Punajuurikeitto fetalla 60g"},"content":{"rendered":"<p><img loading=\"lazy\" decoding=\"async\" class=\"alignnone size-medium wp-image-36489\" src=\"https:\/\/kingarms.ee\/wp-content\/uploads\/2022\/02\/Beetroot_feta_soup-300x239.png\" alt=\"\" width=\"300\" height=\"239\" srcset=\"https:\/\/kingarms.ee\/wp-content\/uploads\/2022\/02\/Beetroot_feta_soup-300x239.png 300w, https:\/\/kingarms.ee\/wp-content\/uploads\/2022\/02\/Beetroot_feta_soup-150x120.png 150w, https:\/\/kingarms.ee\/wp-content\/uploads\/2022\/02\/Beetroot_feta_soup-500x399.png 500w, https:\/\/kingarms.ee\/wp-content\/uploads\/2022\/02\/Beetroot_feta_soup-1024x817.png 1024w, https:\/\/kingarms.ee\/wp-content\/uploads\/2022\/02\/Beetroot_feta_soup-768x613.png 768w, https:\/\/kingarms.ee\/wp-content\/uploads\/2022\/02\/Beetroot_feta_soup-1536x1225.png 1536w, https:\/\/kingarms.ee\/wp-content\/uploads\/2022\/02\/Beetroot_feta_soup.png 1798w\" sizes=\"auto, (max-width: 300px) 100vw, 300px\" \/><\/p>\n","protected":false},"excerpt":{"rendered":"<ul>\n<li><span lang=\"ET\">Fetaa lis\u00e4t\u00e4\u00e4n v\u00e4rikk\u00e4\u00e4seen ja terveelliseen juurikassosekeittoon<\/span><\/li>\n<li><span lang=\"ET\">Herkullinen ja kermainen keitto on todellinen nautinto sek\u00e4 kasvissy\u00f6jille ett\u00e4 lihan yst\u00e4ville<\/span><\/li>\n<li><span lang=\"ET\">Luonnollinen ja Virossa valmistettu <\/span><\/li>\n<li><span lang=\"ET\">Ei sis\u00e4ll\u00e4 s\u00e4il\u00f6nt\u00e4- tai lis\u00e4aineita<\/span><\/li>\n<li><span lang=\"ET\">Annosta kohden energiasis\u00e4lt\u00f6 on 274 kcal<\/span><\/li>\n<\/ul>\n<p><strong>Ainekset:<\/strong><\/p>\n<p>Punajuuri (35%), perunat, <strong>fetajuusto<\/strong> (10%), tomaattimurska, sipuli, mausteet, suola. <strong>Valmistuslinjasta riippuen tuote voi sis\u00e4lt\u00e4\u00e4 pieni\u00e4 m\u00e4\u00e4ri\u00e4 selleri\u00e4 ja sinappia.<\/strong><\/p>\n","protected":false},"featured_media":36489,"template":"","meta":{"_acf_changed":false},"product_brand":[],"product_cat":[363],"product_tag":[],"class_list":{"0":"post-36540","1":"product","2":"type-product","3":"status-publish","4":"has-post-thumbnail","6":"product_cat-taktinen-ruokapaketti","8":"first","9":"instock","10":"taxable","11":"shipping-taxable","12":"purchasable","13":"product-type-simple"},"acf":[],"_links":{"self":[{"href":"https:\/\/kingarms.ee\/fi\/wp-json\/wp\/v2\/product\/36540","targetHints":{"allow":["GET"]}}],"collection":[{"href":"https:\/\/kingarms.ee\/fi\/wp-json\/wp\/v2\/product"}],"about":[{"href":"https:\/\/kingarms.ee\/fi\/wp-json\/wp\/v2\/types\/product"}],"wp:featuredmedia":[{"embeddable":true,"href":"https:\/\/kingarms.ee\/fi\/wp-json\/wp\/v2\/media\/36489"}],"wp:attachment":[{"href":"https:\/\/kingarms.ee\/fi\/wp-json\/wp\/v2\/media?parent=36540"}],"wp:term":[{"taxonomy":"product_brand","embeddable":true,"href":"https:\/\/kingarms.ee\/fi\/wp-json\/wp\/v2\/product_brand?post=36540"},{"taxonomy":"product_cat","embeddable":true,"href":"https:\/\/kingarms.ee\/fi\/wp-json\/wp\/v2\/product_cat?post=36540"},{"taxonomy":"product_tag","embeddable":true,"href":"https:\/\/kingarms.ee\/fi\/wp-json\/wp\/v2\/product_tag?post=36540"}],"curies":[{"name":"wp","href":"https:\/\/api.w.org\/{rel}","templated":true}]}}