{"id":36542,"date":"2022-02-03T14:41:50","date_gmt":"2022-02-04T08:26:28","guid":{"rendered":"https:\/\/kingarms.ee\/product\/tattariruoka-kalkkunalla-110g\/"},"modified":"2024-08-09T13:16:25","modified_gmt":"2024-08-09T10:16:25","slug":"tattari-kalkkuna-110-g","status":"publish","type":"product","link":"https:\/\/kingarms.ee\/fi\/product\/tattari-kalkkuna-110-g\/","title":{"rendered":"Tattariruoka kalkkunalla 110g"},"content":{"rendered":"<p><img loading=\"lazy\" decoding=\"async\" class=\"alignnone size-medium wp-image-36475\" src=\"https:\/\/kingarms.ee\/wp-content\/uploads\/2022\/02\/Buckwheat_and_turkey-300x239.png\" alt=\"\" width=\"300\" height=\"239\" srcset=\"https:\/\/kingarms.ee\/wp-content\/uploads\/2022\/02\/Buckwheat_and_turkey-300x239.png 300w, https:\/\/kingarms.ee\/wp-content\/uploads\/2022\/02\/Buckwheat_and_turkey-150x120.png 150w, https:\/\/kingarms.ee\/wp-content\/uploads\/2022\/02\/Buckwheat_and_turkey-500x399.png 500w, https:\/\/kingarms.ee\/wp-content\/uploads\/2022\/02\/Buckwheat_and_turkey-1024x817.png 1024w, https:\/\/kingarms.ee\/wp-content\/uploads\/2022\/02\/Buckwheat_and_turkey-768x613.png 768w, https:\/\/kingarms.ee\/wp-content\/uploads\/2022\/02\/Buckwheat_and_turkey-1536x1225.png 1536w, https:\/\/kingarms.ee\/wp-content\/uploads\/2022\/02\/Buckwheat_and_turkey.png 1798w\" sizes=\"auto, (max-width: 300px) 100vw, 300px\" \/><\/p>\n","protected":false},"excerpt":{"rendered":"<ul>\n<li>Herkullinen tattariruoka herkullisen paahdetun kalkkunan kera<\/li>\n<li>Ruoka on gluteeniton<\/li>\n<li><span lang=\"ET\">Luonnollinen ja Virossa valmistettu <\/span><\/li>\n<li><span lang=\"ET\">Ei sis\u00e4ll\u00e4 s\u00e4il\u00f6nt\u00e4- tai lis\u00e4aineita<\/span><\/li>\n<li><span lang=\"ET\">Annoksen energiapitoisuus on 531 kcal<\/span><\/li>\n<\/ul>\n<p><strong>Ainekset: <\/strong><\/p>\n<p>Tattari (47%), <strong>kerma<\/strong> , kalkkunan koipiliha (10%), porkkana, sipuli, paprika, maissi, rypsi\u00f6ljy, valkosipuli, mausteet, yrtit, suola. <strong>Valmistuslinjasta riippuen tuote voi sis\u00e4lt\u00e4\u00e4 pieni\u00e4 m\u00e4\u00e4ri\u00e4 selleri\u00e4 ja sinappia.<\/strong><\/p>\n","protected":false},"featured_media":36475,"template":"","meta":{"_acf_changed":false},"product_brand":[],"product_cat":[363],"product_tag":[],"class_list":{"0":"post-36542","1":"product","2":"type-product","3":"status-publish","4":"has-post-thumbnail","6":"product_cat-taktinen-ruokapaketti","8":"first","9":"instock","10":"taxable","11":"shipping-taxable","12":"purchasable","13":"product-type-simple"},"acf":[],"_links":{"self":[{"href":"https:\/\/kingarms.ee\/fi\/wp-json\/wp\/v2\/product\/36542","targetHints":{"allow":["GET"]}}],"collection":[{"href":"https:\/\/kingarms.ee\/fi\/wp-json\/wp\/v2\/product"}],"about":[{"href":"https:\/\/kingarms.ee\/fi\/wp-json\/wp\/v2\/types\/product"}],"wp:featuredmedia":[{"embeddable":true,"href":"https:\/\/kingarms.ee\/fi\/wp-json\/wp\/v2\/media\/36475"}],"wp:attachment":[{"href":"https:\/\/kingarms.ee\/fi\/wp-json\/wp\/v2\/media?parent=36542"}],"wp:term":[{"taxonomy":"product_brand","embeddable":true,"href":"https:\/\/kingarms.ee\/fi\/wp-json\/wp\/v2\/product_brand?post=36542"},{"taxonomy":"product_cat","embeddable":true,"href":"https:\/\/kingarms.ee\/fi\/wp-json\/wp\/v2\/product_cat?post=36542"},{"taxonomy":"product_tag","embeddable":true,"href":"https:\/\/kingarms.ee\/fi\/wp-json\/wp\/v2\/product_tag?post=36542"}],"curies":[{"name":"wp","href":"https:\/\/api.w.org\/{rel}","templated":true}]}}