{"id":36544,"date":"2022-02-03T13:59:41","date_gmt":"2022-02-04T08:31:44","guid":{"rendered":"https:\/\/kingarms.ee\/product\/naudan-ja-perunapata-100g\/"},"modified":"2024-08-09T13:25:09","modified_gmt":"2024-08-09T10:25:09","slug":"naudanlihamuhennos-100-g","status":"publish","type":"product","link":"https:\/\/kingarms.ee\/fi\/product\/naudanlihamuhennos-100-g\/","title":{"rendered":"Naudan ja perunapata 100g"},"content":{"rendered":"<p><img loading=\"lazy\" decoding=\"async\" class=\"alignnone size-medium wp-image-36319\" src=\"https:\/\/kingarms.ee\/wp-content\/uploads\/2022\/02\/Beef_potato_pot-300x240.png\" alt=\"\" width=\"300\" height=\"240\" srcset=\"https:\/\/kingarms.ee\/wp-content\/uploads\/2022\/02\/Beef_potato_pot-300x240.png 300w, https:\/\/kingarms.ee\/wp-content\/uploads\/2022\/02\/Beef_potato_pot-150x120.png 150w, https:\/\/kingarms.ee\/wp-content\/uploads\/2022\/02\/Beef_potato_pot-500x400.png 500w, https:\/\/kingarms.ee\/wp-content\/uploads\/2022\/02\/Beef_potato_pot-1024x819.png 1024w, https:\/\/kingarms.ee\/wp-content\/uploads\/2022\/02\/Beef_potato_pot-768x614.png 768w, https:\/\/kingarms.ee\/wp-content\/uploads\/2022\/02\/Beef_potato_pot-1536x1229.png 1536w, https:\/\/kingarms.ee\/wp-content\/uploads\/2022\/02\/Beef_potato_pot.png 1920w\" sizes=\"auto, (max-width: 300px) 100vw, 300px\" \/><\/p>\n","protected":false},"excerpt":{"rendered":"<ul>\n<li>Goulashin inspiroima<\/li>\n<li>Lis\u00e4tty kumina<\/li>\n<li><span lang=\"ET\">Luonnollinen ja Virossa valmistettu <\/span><\/li>\n<li><span lang=\"ET\">Ei sis\u00e4ll\u00e4 s\u00e4il\u00f6nt\u00e4- tai lis\u00e4aineita<\/span><\/li>\n<li><span lang=\"ET\">Annoksen energiapitoisuus on 515 kcal<\/span><\/li>\n<\/ul>\n<p><strong>Ainekset: <\/strong><\/p>\n<div class=\"description\">\n<p>Perunat (29%), naudanliha (17%), porkkana, <strong>kerma<\/strong> , sipuli, tomaatti, paprika, murskattu tomaatti, rypsi\u00f6ljy, mausteet, valkosipuli, suola. <strong>Valmistuslinjasta riippuen tuote voi sis\u00e4lt\u00e4\u00e4 pieni\u00e4 m\u00e4\u00e4ri\u00e4 selleri\u00e4 ja sinappia.<\/strong><\/p>\n<\/div>\n","protected":false},"featured_media":36319,"template":"","meta":{"_acf_changed":false},"product_brand":[],"product_cat":[363],"product_tag":[],"class_list":{"0":"post-36544","1":"product","2":"type-product","3":"status-publish","4":"has-post-thumbnail","6":"product_cat-taktinen-ruokapaketti","8":"first","9":"instock","10":"taxable","11":"shipping-taxable","12":"purchasable","13":"product-type-simple"},"acf":[],"_links":{"self":[{"href":"https:\/\/kingarms.ee\/fi\/wp-json\/wp\/v2\/product\/36544","targetHints":{"allow":["GET"]}}],"collection":[{"href":"https:\/\/kingarms.ee\/fi\/wp-json\/wp\/v2\/product"}],"about":[{"href":"https:\/\/kingarms.ee\/fi\/wp-json\/wp\/v2\/types\/product"}],"wp:featuredmedia":[{"embeddable":true,"href":"https:\/\/kingarms.ee\/fi\/wp-json\/wp\/v2\/media\/36319"}],"wp:attachment":[{"href":"https:\/\/kingarms.ee\/fi\/wp-json\/wp\/v2\/media?parent=36544"}],"wp:term":[{"taxonomy":"product_brand","embeddable":true,"href":"https:\/\/kingarms.ee\/fi\/wp-json\/wp\/v2\/product_brand?post=36544"},{"taxonomy":"product_cat","embeddable":true,"href":"https:\/\/kingarms.ee\/fi\/wp-json\/wp\/v2\/product_cat?post=36544"},{"taxonomy":"product_tag","embeddable":true,"href":"https:\/\/kingarms.ee\/fi\/wp-json\/wp\/v2\/product_tag?post=36544"}],"curies":[{"name":"wp","href":"https:\/\/api.w.org\/{rel}","templated":true}]}}