{"id":36546,"date":"2022-02-03T14:35:01","date_gmt":"2022-02-04T08:32:43","guid":{"rendered":"https:\/\/kingarms.ee\/product\/kermainen-kasvispasta-110g\/"},"modified":"2024-08-09T13:17:59","modified_gmt":"2024-08-09T10:17:59","slug":"kermainen-kasvispasta-110-g","status":"publish","type":"product","link":"https:\/\/kingarms.ee\/fi\/product\/kermainen-kasvispasta-110-g\/","title":{"rendered":"Kermainen kasvispasta 110g"},"content":{"rendered":"<p><img loading=\"lazy\" decoding=\"async\" class=\"alignnone size-medium wp-image-36449\" src=\"https:\/\/kingarms.ee\/wp-content\/uploads\/2022\/02\/Pasta_and_vegetables-300x239.png\" alt=\"\" width=\"300\" height=\"239\" srcset=\"https:\/\/kingarms.ee\/wp-content\/uploads\/2022\/02\/Pasta_and_vegetables-300x239.png 300w, https:\/\/kingarms.ee\/wp-content\/uploads\/2022\/02\/Pasta_and_vegetables-150x120.png 150w, https:\/\/kingarms.ee\/wp-content\/uploads\/2022\/02\/Pasta_and_vegetables-500x399.png 500w, https:\/\/kingarms.ee\/wp-content\/uploads\/2022\/02\/Pasta_and_vegetables-1024x817.png 1024w, https:\/\/kingarms.ee\/wp-content\/uploads\/2022\/02\/Pasta_and_vegetables-768x613.png 768w, https:\/\/kingarms.ee\/wp-content\/uploads\/2022\/02\/Pasta_and_vegetables-1536x1225.png 1536w, https:\/\/kingarms.ee\/wp-content\/uploads\/2022\/02\/Pasta_and_vegetables.png 1798w\" sizes=\"auto, (max-width: 300px) 100vw, 300px\" \/><\/p>\n","protected":false},"excerpt":{"rendered":"<ul>\n<li>Runsaalla vihanneksella<\/li>\n<li>Luonnollisilla mausteilla<\/li>\n<li>Terveellist\u00e4 ja kaloripitoista pastaa<\/li>\n<li>Hyv\u00e4\u00e4 vaihtelua liharuokiin<\/li>\n<li><span lang=\"ET\">Luonnollinen ja Virossa valmistettu <\/span><\/li>\n<li><span lang=\"ET\">Ei sis\u00e4ll\u00e4 s\u00e4il\u00f6nt\u00e4- tai lis\u00e4aineita<\/span><\/li>\n<li><span lang=\"ET\">Annoksen energiapitoisuus on 513 kcal<\/span><\/li>\n<\/ul>\n<p><strong>Ainekset: <\/strong><\/p>\n<div class=\"description\">\n<p>Pasta (42%) ( <strong>vehn\u00e4jauho<\/strong> , vesi, kurkuma), paprika (11%), porkkana (11%), sipuli (7,3%), pavut (7,3%), tomaatit (7,3%), <strong>tuorejuusto<\/strong> , <strong>kerma<\/strong> , valkosipuli , oliiveja, basilikaa, persiljaa, suolaa, mausteita. <strong>Valmistuslinjasta riippuen tuote voi sis\u00e4lt\u00e4\u00e4 pieni\u00e4 m\u00e4\u00e4ri\u00e4 selleri\u00e4 ja sinappia.<\/strong><\/p>\n<\/div>\n","protected":false},"featured_media":36449,"template":"","meta":{"_acf_changed":false},"product_brand":[],"product_cat":[363],"product_tag":[],"class_list":{"0":"post-36546","1":"product","2":"type-product","3":"status-publish","4":"has-post-thumbnail","6":"product_cat-taktinen-ruokapaketti","8":"first","9":"instock","10":"taxable","11":"shipping-taxable","12":"purchasable","13":"product-type-simple"},"acf":[],"_links":{"self":[{"href":"https:\/\/kingarms.ee\/fi\/wp-json\/wp\/v2\/product\/36546","targetHints":{"allow":["GET"]}}],"collection":[{"href":"https:\/\/kingarms.ee\/fi\/wp-json\/wp\/v2\/product"}],"about":[{"href":"https:\/\/kingarms.ee\/fi\/wp-json\/wp\/v2\/types\/product"}],"wp:featuredmedia":[{"embeddable":true,"href":"https:\/\/kingarms.ee\/fi\/wp-json\/wp\/v2\/media\/36449"}],"wp:attachment":[{"href":"https:\/\/kingarms.ee\/fi\/wp-json\/wp\/v2\/media?parent=36546"}],"wp:term":[{"taxonomy":"product_brand","embeddable":true,"href":"https:\/\/kingarms.ee\/fi\/wp-json\/wp\/v2\/product_brand?post=36546"},{"taxonomy":"product_cat","embeddable":true,"href":"https:\/\/kingarms.ee\/fi\/wp-json\/wp\/v2\/product_cat?post=36546"},{"taxonomy":"product_tag","embeddable":true,"href":"https:\/\/kingarms.ee\/fi\/wp-json\/wp\/v2\/product_tag?post=36546"}],"curies":[{"name":"wp","href":"https:\/\/api.w.org\/{rel}","templated":true}]}}