{"id":36552,"date":"2022-02-03T14:28:08","date_gmt":"2022-02-04T08:35:22","guid":{"rendered":"https:\/\/kingarms.ee\/product\/riisiruoka-kasvisten-kera-100g\/"},"modified":"2024-08-09T13:20:10","modified_gmt":"2024-08-09T10:20:10","slug":"riisiruoka-vihanneksilla-100-g","status":"publish","type":"product","link":"https:\/\/kingarms.ee\/fi\/product\/riisiruoka-vihanneksilla-100-g\/","title":{"rendered":"Riisiruoka kasvisten kera 100g"},"content":{"rendered":"<p><img loading=\"lazy\" decoding=\"async\" class=\"alignnone size-medium wp-image-36410\" src=\"https:\/\/kingarms.ee\/wp-content\/uploads\/2022\/02\/Rice_and_veggies-300x239.png\" alt=\"\" width=\"300\" height=\"239\" srcset=\"https:\/\/kingarms.ee\/wp-content\/uploads\/2022\/02\/Rice_and_veggies-300x239.png 300w, https:\/\/kingarms.ee\/wp-content\/uploads\/2022\/02\/Rice_and_veggies-150x120.png 150w, https:\/\/kingarms.ee\/wp-content\/uploads\/2022\/02\/Rice_and_veggies-500x399.png 500w, https:\/\/kingarms.ee\/wp-content\/uploads\/2022\/02\/Rice_and_veggies-1024x817.png 1024w, https:\/\/kingarms.ee\/wp-content\/uploads\/2022\/02\/Rice_and_veggies-768x613.png 768w, https:\/\/kingarms.ee\/wp-content\/uploads\/2022\/02\/Rice_and_veggies-1536x1225.png 1536w, https:\/\/kingarms.ee\/wp-content\/uploads\/2022\/02\/Rice_and_veggies.png 1798w\" sizes=\"auto, (max-width: 300px) 100vw, 300px\" \/><\/p>\n","protected":false},"excerpt":{"rendered":"<ul>\n<li>Mahtavaa vegaaniruokaa<\/li>\n<li>Tuore kaali antaa ruoalle raikkautta ja pavut t\u00e4ytt\u00e4v\u00e4t sen<\/li>\n<li>Avaa silm\u00e4t niin monille liharuokille<\/li>\n<li><span lang=\"ET\">Luonnollinen ja Virossa valmistettu <\/span><\/li>\n<li><span lang=\"ET\">Ei sis\u00e4ll\u00e4 s\u00e4il\u00f6nt\u00e4- tai lis\u00e4aineita<\/span><\/li>\n<li><span lang=\"ET\">Annoksen energiapitoisuus on 520 kcal<\/span><\/li>\n<\/ul>\n<p><strong>Ainekset: <\/strong><\/p>\n<p>Riisi (31%), pavut (10,4%), tuore kaali (8,6%), tomaattipyree, rapsi\u00f6ljy, porkkana (6,9%), maissi (5,2%), paprika (5,2%), <strong>selleri<\/strong> (2,6%), sokeri , mausteet, yrtit, suola. <strong>Valmistuslinjasta riippuen tuote saattaa sis\u00e4lt\u00e4\u00e4 pieni\u00e4 m\u00e4\u00e4ri\u00e4 maitoa ja sinappia.<\/strong><\/p>\n","protected":false},"featured_media":36410,"template":"","meta":{"_acf_changed":false},"product_brand":[],"product_cat":[363],"product_tag":[],"class_list":{"0":"post-36552","1":"product","2":"type-product","3":"status-publish","4":"has-post-thumbnail","6":"product_cat-taktinen-ruokapaketti","8":"first","9":"instock","10":"taxable","11":"shipping-taxable","12":"purchasable","13":"product-type-simple"},"acf":[],"_links":{"self":[{"href":"https:\/\/kingarms.ee\/fi\/wp-json\/wp\/v2\/product\/36552","targetHints":{"allow":["GET"]}}],"collection":[{"href":"https:\/\/kingarms.ee\/fi\/wp-json\/wp\/v2\/product"}],"about":[{"href":"https:\/\/kingarms.ee\/fi\/wp-json\/wp\/v2\/types\/product"}],"wp:featuredmedia":[{"embeddable":true,"href":"https:\/\/kingarms.ee\/fi\/wp-json\/wp\/v2\/media\/36410"}],"wp:attachment":[{"href":"https:\/\/kingarms.ee\/fi\/wp-json\/wp\/v2\/media?parent=36552"}],"wp:term":[{"taxonomy":"product_brand","embeddable":true,"href":"https:\/\/kingarms.ee\/fi\/wp-json\/wp\/v2\/product_brand?post=36552"},{"taxonomy":"product_cat","embeddable":true,"href":"https:\/\/kingarms.ee\/fi\/wp-json\/wp\/v2\/product_cat?post=36552"},{"taxonomy":"product_tag","embeddable":true,"href":"https:\/\/kingarms.ee\/fi\/wp-json\/wp\/v2\/product_tag?post=36552"}],"curies":[{"name":"wp","href":"https:\/\/api.w.org\/{rel}","templated":true}]}}