{"id":36567,"date":"2022-02-03T13:50:01","date_gmt":"2022-02-04T08:49:40","guid":{"rendered":"https:\/\/kingarms.ee\/product\/tonnikalapasta-110-g\/"},"modified":"2024-08-09T13:26:44","modified_gmt":"2024-08-09T10:26:44","slug":"tonnikalapasta-110-g","status":"publish","type":"product","link":"https:\/\/kingarms.ee\/fi\/product\/tonnikalapasta-110-g\/","title":{"rendered":"Tonnikalapasta 110 g"},"content":{"rendered":"<ul>\n<li>Valmistettu Jamie Oliverin ruoista<\/li>\n<li>K\u00e4ytetty korkealaatuisia ainesosia<\/li>\n<li>Kermainen tomaattipyre<\/li>\n<li><span lang=\"ET\">Luonnollinen ja Virossa valmistettu <\/span><\/li>\n<li><span lang=\"ET\">Ei sis\u00e4ll\u00e4 s\u00e4il\u00f6nt\u00e4- tai lis\u00e4aineita<\/span><\/li>\n<li><span lang=\"ET\">Annoksen energiapitoisuus on 500 kcal<\/span><\/li>\n<\/ul>\n<p><strong>Ainekset:<\/strong><br clear=\"none\" \/>Pasta (50%) ( <strong>durumvehn\u00e4jauho<\/strong> , vesi), tomaattimurska, <strong>tonnikala \u00f6ljyss\u00e4<\/strong> (18%), <strong>kalaliemi<\/strong> , rypsi\u00f6ljy, <strong>kova juusto<\/strong> , sokeri, chili, kaneli, basilika, pippuri, suola. <strong>Valmistuslinjasta riippuen tuote voi sis\u00e4lt\u00e4\u00e4 pieni\u00e4 m\u00e4\u00e4ri\u00e4 selleri\u00e4 ja sinappia.<\/strong><\/p>\n","protected":false},"excerpt":{"rendered":"<p>Valmistettu Jamie Oliverin ruoista K\u00e4ytetty korkealaatuisia ainesosia Kermainen tomaattipyre Luonnollinen ja Virossa valmistettu Ei sis\u00e4ll\u00e4 s\u00e4il\u00f6nt\u00e4- tai lis\u00e4aineita Annoksen energiapitoisuus<\/p>\n","protected":false},"featured_media":36289,"template":"","meta":{"_acf_changed":false},"product_brand":[],"product_cat":[363],"product_tag":[],"class_list":{"0":"post-36567","1":"product","2":"type-product","3":"status-publish","4":"has-post-thumbnail","6":"product_cat-taktinen-ruokapaketti","8":"first","9":"instock","10":"taxable","11":"shipping-taxable","12":"purchasable","13":"product-type-simple"},"acf":[],"_links":{"self":[{"href":"https:\/\/kingarms.ee\/fi\/wp-json\/wp\/v2\/product\/36567","targetHints":{"allow":["GET"]}}],"collection":[{"href":"https:\/\/kingarms.ee\/fi\/wp-json\/wp\/v2\/product"}],"about":[{"href":"https:\/\/kingarms.ee\/fi\/wp-json\/wp\/v2\/types\/product"}],"wp:featuredmedia":[{"embeddable":true,"href":"https:\/\/kingarms.ee\/fi\/wp-json\/wp\/v2\/media\/36289"}],"wp:attachment":[{"href":"https:\/\/kingarms.ee\/fi\/wp-json\/wp\/v2\/media?parent=36567"}],"wp:term":[{"taxonomy":"product_brand","embeddable":true,"href":"https:\/\/kingarms.ee\/fi\/wp-json\/wp\/v2\/product_brand?post=36567"},{"taxonomy":"product_cat","embeddable":true,"href":"https:\/\/kingarms.ee\/fi\/wp-json\/wp\/v2\/product_cat?post=36567"},{"taxonomy":"product_tag","embeddable":true,"href":"https:\/\/kingarms.ee\/fi\/wp-json\/wp\/v2\/product_tag?post=36567"}],"curies":[{"name":"wp","href":"https:\/\/api.w.org\/{rel}","templated":true}]}}