{"id":36659,"date":"2022-02-03T12:36:33","date_gmt":"2022-02-04T15:27:57","guid":{"rendered":"https:\/\/kingarms.ee\/product\/kaurapuuro-omenoilla-90g\/"},"modified":"2024-08-09T13:29:41","modified_gmt":"2024-08-09T10:29:41","slug":"kaurapuuro-ountega-90-g","status":"publish","type":"product","link":"https:\/\/kingarms.ee\/fi\/product\/kaurapuuro-ountega-90-g\/","title":{"rendered":"Kaurapuuro omenoilla 90g"},"content":{"rendered":"<p><img loading=\"lazy\" decoding=\"async\" class=\"alignnone size-medium wp-image-36214\" src=\"https:\/\/kingarms.ee\/wp-content\/uploads\/2022\/02\/Oatmeal_and_Apples-300x239.png\" alt=\"\" width=\"300\" height=\"239\" srcset=\"https:\/\/kingarms.ee\/wp-content\/uploads\/2022\/02\/Oatmeal_and_Apples-300x239.png 300w, https:\/\/kingarms.ee\/wp-content\/uploads\/2022\/02\/Oatmeal_and_Apples-150x120.png 150w, https:\/\/kingarms.ee\/wp-content\/uploads\/2022\/02\/Oatmeal_and_Apples-500x399.png 500w, https:\/\/kingarms.ee\/wp-content\/uploads\/2022\/02\/Oatmeal_and_Apples-1024x817.png 1024w, https:\/\/kingarms.ee\/wp-content\/uploads\/2022\/02\/Oatmeal_and_Apples-768x613.png 768w, https:\/\/kingarms.ee\/wp-content\/uploads\/2022\/02\/Oatmeal_and_Apples.png 1354w\" sizes=\"auto, (max-width: 300px) 100vw, 300px\" \/><\/p>\n","protected":false},"excerpt":{"rendered":"<ul>\n<li>Herkullinen aamiainen, joka on valmistettu erityisen tuoreesta tuoreista pakastekuivatuista omenoista<\/li>\n<li>Puuroon on lis\u00e4tty aitoa 82 % voita, mik\u00e4 tekee aamiaisesta entist\u00e4 ravitsevamman<\/li>\n<li>Luonnollinen ja Virossa valmistettu<\/li>\n<li><span lang=\"ET\">Ei sis\u00e4ll\u00e4 s\u00e4il\u00f6nt\u00e4- tai lis\u00e4aineita<\/span><\/li>\n<li><span lang=\"ET\">Annosta kohden energiasis\u00e4lt\u00f6 on 390 kcal<\/span><\/li>\n<\/ul>\n<p><strong>Ainekset:<\/strong><br clear=\"none\" \/><strong>Kaurapuuro (72%), maito, omena (10%), voi, sokeri, kaneli, suola. Valmistuslinjasta riippuen tuote voi sis\u00e4lt\u00e4\u00e4 pieni\u00e4 m\u00e4\u00e4ri\u00e4 selleri\u00e4 ja sinappia.<\/strong><\/p>\n<p>Parasta ennen: 8 vuotta<\/p>\n","protected":false},"featured_media":36214,"template":"","meta":{"_acf_changed":false},"product_brand":[],"product_cat":[363],"product_tag":[],"class_list":{"0":"post-36659","1":"product","2":"type-product","3":"status-publish","4":"has-post-thumbnail","6":"product_cat-taktinen-ruokapaketti","8":"first","9":"instock","10":"taxable","11":"shipping-taxable","12":"purchasable","13":"product-type-simple"},"acf":[],"_links":{"self":[{"href":"https:\/\/kingarms.ee\/fi\/wp-json\/wp\/v2\/product\/36659","targetHints":{"allow":["GET"]}}],"collection":[{"href":"https:\/\/kingarms.ee\/fi\/wp-json\/wp\/v2\/product"}],"about":[{"href":"https:\/\/kingarms.ee\/fi\/wp-json\/wp\/v2\/types\/product"}],"wp:featuredmedia":[{"embeddable":true,"href":"https:\/\/kingarms.ee\/fi\/wp-json\/wp\/v2\/media\/36214"}],"wp:attachment":[{"href":"https:\/\/kingarms.ee\/fi\/wp-json\/wp\/v2\/media?parent=36659"}],"wp:term":[{"taxonomy":"product_brand","embeddable":true,"href":"https:\/\/kingarms.ee\/fi\/wp-json\/wp\/v2\/product_brand?post=36659"},{"taxonomy":"product_cat","embeddable":true,"href":"https:\/\/kingarms.ee\/fi\/wp-json\/wp\/v2\/product_cat?post=36659"},{"taxonomy":"product_tag","embeddable":true,"href":"https:\/\/kingarms.ee\/fi\/wp-json\/wp\/v2\/product_tag?post=36659"}],"curies":[{"name":"wp","href":"https:\/\/api.w.org\/{rel}","templated":true}]}}