{"id":36662,"date":"2022-02-03T13:13:07","date_gmt":"2022-02-04T16:01:30","guid":{"rendered":"https:\/\/kingarms.ee\/product\/rapea-suklaamysli-125g\/"},"modified":"2024-08-09T13:28:10","modified_gmt":"2024-08-09T10:28:10","slug":"rapu-suklaa-likoori-125g","status":"publish","type":"product","link":"https:\/\/kingarms.ee\/fi\/product\/rapu-suklaa-likoori-125g\/","title":{"rendered":"Rapea suklaamysli 125g"},"content":{"rendered":"<p><img loading=\"lazy\" decoding=\"async\" class=\"alignnone size-medium wp-image-36247\" src=\"https:\/\/kingarms.ee\/wp-content\/uploads\/2022\/02\/Crunchy_Chocolate_muesli-300x239.png\" alt=\"\" width=\"300\" height=\"239\" srcset=\"https:\/\/kingarms.ee\/wp-content\/uploads\/2022\/02\/Crunchy_Chocolate_muesli-300x239.png 300w, https:\/\/kingarms.ee\/wp-content\/uploads\/2022\/02\/Crunchy_Chocolate_muesli-150x120.png 150w, https:\/\/kingarms.ee\/wp-content\/uploads\/2022\/02\/Crunchy_Chocolate_muesli-500x399.png 500w, https:\/\/kingarms.ee\/wp-content\/uploads\/2022\/02\/Crunchy_Chocolate_muesli-1024x817.png 1024w, https:\/\/kingarms.ee\/wp-content\/uploads\/2022\/02\/Crunchy_Chocolate_muesli-768x613.png 768w, https:\/\/kingarms.ee\/wp-content\/uploads\/2022\/02\/Crunchy_Chocolate_muesli-1536x1225.png 1536w, https:\/\/kingarms.ee\/wp-content\/uploads\/2022\/02\/Crunchy_Chocolate_muesli.png 1798w\" sizes=\"auto, (max-width: 300px) 100vw, 300px\" \/><\/p>\n","protected":false},"excerpt":{"rendered":"<ul>\n<li><span lang=\"ET\">Herkullinen aamiainen suklaalla!<\/span><\/li>\n<li><span lang=\"ET\">Miellytt\u00e4v\u00e4n makea ja energinen mysli antaa tarpeeksi voimaa aloittaa p\u00e4iv\u00e4<\/span><\/li>\n<li><span lang=\"ET\">Luonnollinen ja Virossa valmistettu <\/span><\/li>\n<li><span lang=\"ET\">Ei sis\u00e4ll\u00e4 s\u00e4il\u00f6nt\u00e4- tai lis\u00e4aineita<\/span><\/li>\n<li><span lang=\"ET\">Annosta kohden energiasis\u00e4lt\u00f6 on 511 kcal<\/span><\/li>\n<\/ul>\n<p><span lang=\"ET\">Herkullinen aamiainen suklaalastuilla. Miellytt\u00e4v\u00e4n makea ja energinen mysli antaa tarpeeksi voimaa aloittaa p\u00e4iv\u00e4. Tuote on t\u00e4ysin luonnollinen ja virolainen, ei sis\u00e4ll\u00e4 s\u00e4il\u00f6nt\u00e4- tai lis\u00e4aineita. Annosta kohden energiasis\u00e4lt\u00f6 on 511 kcal.<\/span><\/p>\n<p><strong>Ainekset:<br \/>\n<\/strong><\/p>\n<p><strong>Kaurapuuro<\/strong> (59%), <strong>maitojauhe<\/strong> , sokerisiirappi (sokeri), suklaapavut (5%) (sokeri, kaakaomassa, kaakaovoi, auringonkukkalesitiini, luonnollinen vanilja-aromi), kaakaojauhe (kaakaojauhe, happamuudens\u00e4\u00e4t\u00f6aine E501)<\/p>\n<p><strong>Parasta ennen<\/strong> : 4 vuotta<\/p>\n<p>Nauti herkullisena aamiaisena tai j\u00e4lkiruokana toisen aterian j\u00e4lkeen!<\/p>\n","protected":false},"featured_media":36247,"template":"","meta":{"_acf_changed":false},"product_brand":[],"product_cat":[363],"product_tag":[],"class_list":{"0":"post-36662","1":"product","2":"type-product","3":"status-publish","4":"has-post-thumbnail","6":"product_cat-taktinen-ruokapaketti","8":"first","9":"instock","10":"taxable","11":"shipping-taxable","12":"purchasable","13":"product-type-simple"},"acf":[],"_links":{"self":[{"href":"https:\/\/kingarms.ee\/fi\/wp-json\/wp\/v2\/product\/36662","targetHints":{"allow":["GET"]}}],"collection":[{"href":"https:\/\/kingarms.ee\/fi\/wp-json\/wp\/v2\/product"}],"about":[{"href":"https:\/\/kingarms.ee\/fi\/wp-json\/wp\/v2\/types\/product"}],"wp:featuredmedia":[{"embeddable":true,"href":"https:\/\/kingarms.ee\/fi\/wp-json\/wp\/v2\/media\/36247"}],"wp:attachment":[{"href":"https:\/\/kingarms.ee\/fi\/wp-json\/wp\/v2\/media?parent=36662"}],"wp:term":[{"taxonomy":"product_brand","embeddable":true,"href":"https:\/\/kingarms.ee\/fi\/wp-json\/wp\/v2\/product_brand?post=36662"},{"taxonomy":"product_cat","embeddable":true,"href":"https:\/\/kingarms.ee\/fi\/wp-json\/wp\/v2\/product_cat?post=36662"},{"taxonomy":"product_tag","embeddable":true,"href":"https:\/\/kingarms.ee\/fi\/wp-json\/wp\/v2\/product_tag?post=36662"}],"curies":[{"name":"wp","href":"https:\/\/api.w.org\/{rel}","templated":true}]}}