{"id":36903,"date":"2022-02-14T16:13:48","date_gmt":"2022-02-14T13:16:04","guid":{"rendered":"https:\/\/kingarms.ee\/product\/blue-gas-nimrod-tactical\/"},"modified":"2024-08-09T13:12:44","modified_gmt":"2024-08-09T10:12:44","slug":"blue-gas-blue-gas-nimrod-taktiikka","status":"publish","type":"product","link":"https:\/\/kingarms.ee\/fi\/product\/blue-gas-blue-gas-nimrod-taktiikka\/","title":{"rendered":"Blue Gas &#8211; Nimrod Tactical"},"content":{"rendered":"<p><img loading=\"lazy\" decoding=\"async\" class=\"alignnone size-medium wp-image-36898\" src=\"https:\/\/kingarms.ee\/wp-content\/uploads\/2022\/02\/2788921650-300x200.jpeg\" alt=\"\" width=\"300\" height=\"200\" srcset=\"https:\/\/kingarms.ee\/wp-content\/uploads\/2022\/02\/2788921650-300x200.jpeg 300w, https:\/\/kingarms.ee\/wp-content\/uploads\/2022\/02\/2788921650-1024x683.jpeg 1024w, https:\/\/kingarms.ee\/wp-content\/uploads\/2022\/02\/2788921650-768x512.jpeg 768w, https:\/\/kingarms.ee\/wp-content\/uploads\/2022\/02\/2788921650-500x333.jpeg 500w, https:\/\/kingarms.ee\/wp-content\/uploads\/2022\/02\/2788921650-150x100.jpeg 150w, https:\/\/kingarms.ee\/wp-content\/uploads\/2022\/02\/2788921650.jpeg 1200w\" sizes=\"auto, (max-width: 300px) 100vw, 300px\" \/><\/p>\n","protected":false},"excerpt":{"rendered":"<p>Blue Gas &#8211; Nimrod Tactical<\/p>\n<p>Erinomainen yleiskaasu kuumille kes\u00e4p\u00e4iville tai muovipistooleille \/ ilman rekyyli\u00e4. Ei sovellu kylmiin l\u00e4mp\u00f6tiloihin tai raskaisiin rekyyliaseisiin. Siin\u00e4 on eritt\u00e4in vakaa kaasunpaine, poikkeuksellinen lentoradan hallinta ja se parantaa merkitt\u00e4v\u00e4sti aseesi suorituskyky\u00e4.<\/p>\n<p>Paine 20 \u00b0C:ssa: 0,8 MPa \/ 116 Psi \/ 8 bar<br \/>\nTilavuus: 1000ml<br \/>\nT\u00e4ytt\u00f6m\u00e4\u00e4r\u00e4: 260g \/ 500ml<\/p>\n","protected":false},"featured_media":36899,"template":"","meta":{"_acf_changed":false},"product_brand":[],"product_cat":[267],"product_tag":[],"class_list":{"0":"post-36903","1":"product","2":"type-product","3":"status-publish","4":"has-post-thumbnail","6":"product_cat-kaasu-ja-oljy","8":"first","9":"instock","10":"taxable","11":"shipping-taxable","12":"purchasable","13":"product-type-simple"},"acf":[],"_links":{"self":[{"href":"https:\/\/kingarms.ee\/fi\/wp-json\/wp\/v2\/product\/36903","targetHints":{"allow":["GET"]}}],"collection":[{"href":"https:\/\/kingarms.ee\/fi\/wp-json\/wp\/v2\/product"}],"about":[{"href":"https:\/\/kingarms.ee\/fi\/wp-json\/wp\/v2\/types\/product"}],"wp:featuredmedia":[{"embeddable":true,"href":"https:\/\/kingarms.ee\/fi\/wp-json\/wp\/v2\/media\/36899"}],"wp:attachment":[{"href":"https:\/\/kingarms.ee\/fi\/wp-json\/wp\/v2\/media?parent=36903"}],"wp:term":[{"taxonomy":"product_brand","embeddable":true,"href":"https:\/\/kingarms.ee\/fi\/wp-json\/wp\/v2\/product_brand?post=36903"},{"taxonomy":"product_cat","embeddable":true,"href":"https:\/\/kingarms.ee\/fi\/wp-json\/wp\/v2\/product_cat?post=36903"},{"taxonomy":"product_tag","embeddable":true,"href":"https:\/\/kingarms.ee\/fi\/wp-json\/wp\/v2\/product_tag?post=36903"}],"curies":[{"name":"wp","href":"https:\/\/api.w.org\/{rel}","templated":true}]}}