{"id":36937,"date":"2022-02-14T18:06:44","date_gmt":"2022-02-14T15:10:07","guid":{"rendered":"https:\/\/kingarms.ee\/product\/vihrea-kaasu-nimrod-tactical\/"},"modified":"2024-08-09T13:12:00","modified_gmt":"2024-08-09T10:12:00","slug":"vihrea-kaasu-vihrea-kaasu-nimrod-taktiikka","status":"publish","type":"product","link":"https:\/\/kingarms.ee\/fi\/product\/vihrea-kaasu-vihrea-kaasu-nimrod-taktiikka\/","title":{"rendered":"Vihre\u00e4 kaasu &#8211; Nimrod Tactical"},"content":{"rendered":"<p><img loading=\"lazy\" decoding=\"async\" class=\"alignnone size-medium wp-image-36932\" src=\"https:\/\/kingarms.ee\/wp-content\/uploads\/2022\/02\/nimrod-standard-performance-green-gas-500-ml-300x200.jpeg\" alt=\"\" width=\"300\" height=\"200\" srcset=\"https:\/\/kingarms.ee\/wp-content\/uploads\/2022\/02\/nimrod-standard-performance-green-gas-500-ml-300x200.jpeg 300w, https:\/\/kingarms.ee\/wp-content\/uploads\/2022\/02\/nimrod-standard-performance-green-gas-500-ml-1024x683.jpeg 1024w, https:\/\/kingarms.ee\/wp-content\/uploads\/2022\/02\/nimrod-standard-performance-green-gas-500-ml-768x512.jpeg 768w, https:\/\/kingarms.ee\/wp-content\/uploads\/2022\/02\/nimrod-standard-performance-green-gas-500-ml-500x333.jpeg 500w, https:\/\/kingarms.ee\/wp-content\/uploads\/2022\/02\/nimrod-standard-performance-green-gas-500-ml-150x100.jpeg 150w, https:\/\/kingarms.ee\/wp-content\/uploads\/2022\/02\/nimrod-standard-performance-green-gas-500-ml.jpeg 1200w\" sizes=\"auto, (max-width: 300px) 100vw, 300px\" \/><\/p>\n","protected":false},"excerpt":{"rendered":"<p>Vihre\u00e4 kaasu &#8211; Nimrod Tactical<\/p>\n<p>Erinomainen yleiskaasu kev\u00e4t-, kes\u00e4- ja syysk\u00e4ytt\u00f6\u00f6n, sopii useisiin airsoft-pistooleihin ja -kiv\u00e4\u00e4reihin. Ei sovellu kylmiin talvil\u00e4mp\u00f6tiloihin, Japanissa valmistettuihin pistooleihin ja kiv\u00e4\u00e4reihin. Siin\u00e4 on eritt\u00e4in vakaa kaasunpaine, poikkeuksellinen lentoradan hallinta, alhaisen l\u00e4mp\u00f6tilan tehokkuus ja se parantaa merkitt\u00e4v\u00e4sti aseesi suorituskyky\u00e4.<\/p>\n<p>Paine 20 \u00b0C:ssa: 1,0 MPa \/ 145 Psi \/ 10 bar<br \/>\nTilavuus: 1000ml<br \/>\nT\u00e4ytt\u00f6m\u00e4\u00e4r\u00e4: 260g \/ 500ml<\/p>\n","protected":false},"featured_media":36934,"template":"","meta":{"_acf_changed":false},"product_brand":[],"product_cat":[267],"product_tag":[],"class_list":{"0":"post-36937","1":"product","2":"type-product","3":"status-publish","4":"has-post-thumbnail","6":"product_cat-kaasu-ja-oljy","8":"first","9":"onbackorder","10":"taxable","11":"shipping-taxable","12":"product-type-simple"},"acf":[],"_links":{"self":[{"href":"https:\/\/kingarms.ee\/fi\/wp-json\/wp\/v2\/product\/36937","targetHints":{"allow":["GET"]}}],"collection":[{"href":"https:\/\/kingarms.ee\/fi\/wp-json\/wp\/v2\/product"}],"about":[{"href":"https:\/\/kingarms.ee\/fi\/wp-json\/wp\/v2\/types\/product"}],"wp:featuredmedia":[{"embeddable":true,"href":"https:\/\/kingarms.ee\/fi\/wp-json\/wp\/v2\/media\/36934"}],"wp:attachment":[{"href":"https:\/\/kingarms.ee\/fi\/wp-json\/wp\/v2\/media?parent=36937"}],"wp:term":[{"taxonomy":"product_brand","embeddable":true,"href":"https:\/\/kingarms.ee\/fi\/wp-json\/wp\/v2\/product_brand?post=36937"},{"taxonomy":"product_cat","embeddable":true,"href":"https:\/\/kingarms.ee\/fi\/wp-json\/wp\/v2\/product_cat?post=36937"},{"taxonomy":"product_tag","embeddable":true,"href":"https:\/\/kingarms.ee\/fi\/wp-json\/wp\/v2\/product_tag?post=36937"}],"curies":[{"name":"wp","href":"https:\/\/api.w.org\/{rel}","templated":true}]}}