{"id":37020,"date":"2022-02-15T19:14:51","date_gmt":"2022-02-15T16:15:52","guid":{"rendered":"https:\/\/kingarms.ee\/product\/gopro-kamerateline-kyparaan\/"},"modified":"2024-08-09T13:07:55","modified_gmt":"2024-08-09T10:07:55","slug":"gopro-kamera-kiinnitys-kypara","status":"publish","type":"product","link":"https:\/\/kingarms.ee\/fi\/product\/gopro-kamera-kiinnitys-kypara\/","title":{"rendered":"GoPro kamerateline kyp\u00e4r\u00e4\u00e4n"},"content":{"rendered":"<p><img loading=\"lazy\" decoding=\"async\" class=\"alignnone size-medium wp-image-37011\" src=\"https:\/\/kingarms.ee\/wp-content\/uploads\/2022\/02\/1152218453_1-300x200.jpeg\" alt=\"\" width=\"300\" height=\"200\" srcset=\"https:\/\/kingarms.ee\/wp-content\/uploads\/2022\/02\/1152218453_1-300x200.jpeg 300w, https:\/\/kingarms.ee\/wp-content\/uploads\/2022\/02\/1152218453_1-768x512.jpeg 768w, https:\/\/kingarms.ee\/wp-content\/uploads\/2022\/02\/1152218453_1-500x333.jpeg 500w, https:\/\/kingarms.ee\/wp-content\/uploads\/2022\/02\/1152218453_1-150x100.jpeg 150w, https:\/\/kingarms.ee\/wp-content\/uploads\/2022\/02\/1152218453_1.jpeg 800w\" sizes=\"auto, (max-width: 300px) 100vw, 300px\" \/><\/p>\n","protected":false},"excerpt":{"rendered":"<p>Urheilukameroiden muoviteline tulee sijoittaa kyp\u00e4r\u00e4n etuosassa olevaan erityiseen salpaan.<\/p>\n<p>Valmistaja: Ultimate Tactical<\/p>\n","protected":false},"featured_media":37013,"template":"","meta":{"_acf_changed":false},"product_brand":[],"product_cat":[835,261],"product_tag":[],"class_list":{"0":"post-37020","1":"product","2":"type-product","3":"status-publish","4":"has-post-thumbnail","6":"product_cat-kyparakiinnikkeet","7":"product_cat-kyparat","9":"first","10":"onbackorder","11":"taxable","12":"shipping-taxable","13":"product-type-simple"},"acf":[],"_links":{"self":[{"href":"https:\/\/kingarms.ee\/fi\/wp-json\/wp\/v2\/product\/37020","targetHints":{"allow":["GET"]}}],"collection":[{"href":"https:\/\/kingarms.ee\/fi\/wp-json\/wp\/v2\/product"}],"about":[{"href":"https:\/\/kingarms.ee\/fi\/wp-json\/wp\/v2\/types\/product"}],"wp:featuredmedia":[{"embeddable":true,"href":"https:\/\/kingarms.ee\/fi\/wp-json\/wp\/v2\/media\/37013"}],"wp:attachment":[{"href":"https:\/\/kingarms.ee\/fi\/wp-json\/wp\/v2\/media?parent=37020"}],"wp:term":[{"taxonomy":"product_brand","embeddable":true,"href":"https:\/\/kingarms.ee\/fi\/wp-json\/wp\/v2\/product_brand?post=37020"},{"taxonomy":"product_cat","embeddable":true,"href":"https:\/\/kingarms.ee\/fi\/wp-json\/wp\/v2\/product_cat?post=37020"},{"taxonomy":"product_tag","embeddable":true,"href":"https:\/\/kingarms.ee\/fi\/wp-json\/wp\/v2\/product_tag?post=37020"}],"curies":[{"name":"wp","href":"https:\/\/api.w.org\/{rel}","templated":true}]}}