{"id":37574,"date":"2022-02-22T17:32:10","date_gmt":"2022-02-22T14:33:57","guid":{"rendered":"https:\/\/kingarms.ee\/product\/kaynnistyspistooli-magnum-380-nikkeli-bruni\/"},"modified":"2024-08-09T13:05:47","modified_gmt":"2024-08-09T10:05:47","slug":"aloituspustol-magnum-380-nikkeli-ruskea","status":"publish","type":"product","link":"https:\/\/kingarms.ee\/fi\/product\/aloituspustol-magnum-380-nikkeli-ruskea\/","title":{"rendered":"K\u00e4ynnistyspistooli Magnum 380 nikkeli (Bruni)"},"content":{"rendered":"<p><img loading=\"lazy\" decoding=\"async\" class=\"alignnone size-medium wp-image-37568\" src=\"https:\/\/kingarms.ee\/wp-content\/uploads\/2022\/02\/WSA-Knall-chrom-quer-08-2015-300x200.jpeg\" alt=\"\" width=\"300\" height=\"200\" srcset=\"https:\/\/kingarms.ee\/wp-content\/uploads\/2022\/02\/WSA-Knall-chrom-quer-08-2015-300x200.jpeg 300w, https:\/\/kingarms.ee\/wp-content\/uploads\/2022\/02\/WSA-Knall-chrom-quer-08-2015-1024x682.jpeg 1024w, https:\/\/kingarms.ee\/wp-content\/uploads\/2022\/02\/WSA-Knall-chrom-quer-08-2015-768x512.jpeg 768w, https:\/\/kingarms.ee\/wp-content\/uploads\/2022\/02\/WSA-Knall-chrom-quer-08-2015-500x333.jpeg 500w, https:\/\/kingarms.ee\/wp-content\/uploads\/2022\/02\/WSA-Knall-chrom-quer-08-2015-150x100.jpeg 150w, https:\/\/kingarms.ee\/wp-content\/uploads\/2022\/02\/WSA-Knall-chrom-quer-08-2015.jpeg 1400w\" sizes=\"auto, (max-width: 300px) 100vw, 300px\" \/><\/p>\n","protected":false},"excerpt":{"rendered":"<p>T\u00e4m\u00e4 luotettava ja kest\u00e4v\u00e4 Brun-haulikko n\u00e4ytt\u00e4\u00e4 t\u00e4sm\u00e4lleen samalta kuin aito yksitoiminen 1873. vuoden revolveri. Lataa tyhj\u00e4t patruunat rummun l\u00e4pi ja ty\u00f6nn\u00e4 vasaraa takaisin ampuaksesi.<\/p>\n<p>Lokeron kapasiteetti: 6 kasettia<br \/>\nKaliiperi 380 (9mm)<br \/>\nPuinen kahva<br \/>\nPituus 272mm<br \/>\nPaino 950g<\/p>\n","protected":false},"featured_media":152692,"template":"","meta":{"_acf_changed":false},"product_brand":[],"product_cat":[254],"product_tag":[],"class_list":{"0":"post-37574","1":"product","2":"type-product","3":"status-publish","4":"has-post-thumbnail","6":"product_cat-kaynnistys-pistoolit","8":"first","9":"instock","10":"taxable","11":"shipping-taxable","12":"purchasable","13":"product-type-simple"},"acf":[],"_links":{"self":[{"href":"https:\/\/kingarms.ee\/fi\/wp-json\/wp\/v2\/product\/37574","targetHints":{"allow":["GET"]}}],"collection":[{"href":"https:\/\/kingarms.ee\/fi\/wp-json\/wp\/v2\/product"}],"about":[{"href":"https:\/\/kingarms.ee\/fi\/wp-json\/wp\/v2\/types\/product"}],"wp:featuredmedia":[{"embeddable":true,"href":"https:\/\/kingarms.ee\/fi\/wp-json\/wp\/v2\/media\/152692"}],"wp:attachment":[{"href":"https:\/\/kingarms.ee\/fi\/wp-json\/wp\/v2\/media?parent=37574"}],"wp:term":[{"taxonomy":"product_brand","embeddable":true,"href":"https:\/\/kingarms.ee\/fi\/wp-json\/wp\/v2\/product_brand?post=37574"},{"taxonomy":"product_cat","embeddable":true,"href":"https:\/\/kingarms.ee\/fi\/wp-json\/wp\/v2\/product_cat?post=37574"},{"taxonomy":"product_tag","embeddable":true,"href":"https:\/\/kingarms.ee\/fi\/wp-json\/wp\/v2\/product_tag?post=37574"}],"curies":[{"name":"wp","href":"https:\/\/api.w.org\/{rel}","templated":true}]}}