{"id":37800,"date":"2022-02-26T15:39:45","date_gmt":"2022-02-26T12:42:30","guid":{"rendered":"https:\/\/kingarms.ee\/product\/colt-saa-45-45-mm-antiikkiset-bbt\/"},"modified":"2024-08-09T12:59:14","modified_gmt":"2024-08-09T09:59:14","slug":"colt-get-45-45-mm-antiikki-bbs","status":"publish","type":"product","link":"https:\/\/kingarms.ee\/fi\/product\/colt-get-45-45-mm-antiikki-bbs\/","title":{"rendered":"Colt SAA .45 4,5 mm antiikkiset BB:t"},"content":{"rendered":"<p><img loading=\"lazy\" decoding=\"async\" class=\"alignnone size-medium wp-image-37797\" src=\"https:\/\/kingarms.ee\/wp-content\/uploads\/2022\/02\/air-revolver-colt-saa-45-4-5-mm-antique-bbs-cda23f2d15d649388b9de3d58b40acf5-383880e2-300x300.jpeg\" alt=\"\" width=\"300\" height=\"300\" srcset=\"https:\/\/kingarms.ee\/wp-content\/uploads\/2022\/02\/air-revolver-colt-saa-45-4-5-mm-antique-bbs-cda23f2d15d649388b9de3d58b40acf5-383880e2-300x300.jpeg 300w, https:\/\/kingarms.ee\/wp-content\/uploads\/2022\/02\/air-revolver-colt-saa-45-4-5-mm-antique-bbs-cda23f2d15d649388b9de3d58b40acf5-383880e2-150x150.jpeg 150w, https:\/\/kingarms.ee\/wp-content\/uploads\/2022\/02\/air-revolver-colt-saa-45-4-5-mm-antique-bbs-cda23f2d15d649388b9de3d58b40acf5-383880e2-768x768.jpeg 768w, https:\/\/kingarms.ee\/wp-content\/uploads\/2022\/02\/air-revolver-colt-saa-45-4-5-mm-antique-bbs-cda23f2d15d649388b9de3d58b40acf5-383880e2-500x500.jpeg 500w, https:\/\/kingarms.ee\/wp-content\/uploads\/2022\/02\/air-revolver-colt-saa-45-4-5-mm-antique-bbs-cda23f2d15d649388b9de3d58b40acf5-383880e2.jpeg 900w\" sizes=\"auto, (max-width: 300px) 100vw, 300px\" \/><\/p>\n","protected":false},"excerpt":{"rendered":"<p>Colt SAA .45 4,5 mm antiikkiset BB:t<\/p>\n<p>SAA .45 -ilmarevolveri on kopio kuuluisasta Colt Peacemakerista, revolverista tuli suosittu fanien keskuudessa lyhyess\u00e4 ajassa, eik\u00e4 vain l\u00e4nsimaisten keskuudessa. Colt Single Action Army Revolver, kuten sit\u00e4 virallisesti kutsutaan, on varustettu 5,5 tuuman tuliaseella, kuudella latausholkilla realistiseen ampumiseen, nikkelipinnoitteella ja norsunluun kaltaisilla kahvoilla. Se on CO2 -sylinterill\u00e4 toimiva revolveri, joka laukaisee diaboleja (pellettej\u00e4).<\/p>\n<ul>\n<li>Kaliiperi: 4,5 mm (.177) BBs<\/li>\n<li>Aseen pituus: 5,5 \u2033.<\/li>\n<li>Laukaisin: SA.<\/li>\n<li>Toimintaperiaate: 12 g CO2-sylinteri.<\/li>\n<li>Rummun kapasiteetti: 6 patruunaa.<\/li>\n<li>Alkunopeus: 120 m \/ s.<\/li>\n<li>Pituus: 275 mm.<\/li>\n<li>Paino: 867 g.<\/li>\n<\/ul>\n","protected":false},"featured_media":148308,"template":"","meta":{"_acf_changed":false},"product_brand":[],"product_cat":[253,672],"product_tag":[],"class_list":{"0":"post-37800","1":"product","2":"type-product","3":"status-publish","4":"has-post-thumbnail","6":"product_cat-ilmakivaarit-4-5mm","7":"product_cat-pienaseet","9":"first","10":"instock","11":"taxable","12":"shipping-taxable","13":"purchasable","14":"product-type-simple"},"acf":[],"_links":{"self":[{"href":"https:\/\/kingarms.ee\/fi\/wp-json\/wp\/v2\/product\/37800","targetHints":{"allow":["GET"]}}],"collection":[{"href":"https:\/\/kingarms.ee\/fi\/wp-json\/wp\/v2\/product"}],"about":[{"href":"https:\/\/kingarms.ee\/fi\/wp-json\/wp\/v2\/types\/product"}],"wp:featuredmedia":[{"embeddable":true,"href":"https:\/\/kingarms.ee\/fi\/wp-json\/wp\/v2\/media\/148308"}],"wp:attachment":[{"href":"https:\/\/kingarms.ee\/fi\/wp-json\/wp\/v2\/media?parent=37800"}],"wp:term":[{"taxonomy":"product_brand","embeddable":true,"href":"https:\/\/kingarms.ee\/fi\/wp-json\/wp\/v2\/product_brand?post=37800"},{"taxonomy":"product_cat","embeddable":true,"href":"https:\/\/kingarms.ee\/fi\/wp-json\/wp\/v2\/product_cat?post=37800"},{"taxonomy":"product_tag","embeddable":true,"href":"https:\/\/kingarms.ee\/fi\/wp-json\/wp\/v2\/product_tag?post=37800"}],"curies":[{"name":"wp","href":"https:\/\/api.w.org\/{rel}","templated":true}]}}