{"id":37832,"date":"2022-02-03T13:08:38","date_gmt":"2022-02-27T14:55:58","guid":{"rendered":"https:\/\/kingarms.ee\/product\/riisivanukas-marjoilla-90g\/"},"modified":"2024-08-09T13:28:52","modified_gmt":"2024-08-09T10:28:52","slug":"riisivanukas-marjoilla-90g","status":"publish","type":"product","link":"https:\/\/kingarms.ee\/fi\/product\/riisivanukas-marjoilla-90g\/","title":{"rendered":"Riisivanukas marjoilla 90g"},"content":{"rendered":"<p><img loading=\"lazy\" decoding=\"async\" class=\"alignnone size-medium wp-image-36230\" src=\"https:\/\/kingarms.ee\/wp-content\/uploads\/2022\/02\/Rice_pudding_berries-300x239.png\" alt=\"\" width=\"300\" height=\"239\" srcset=\"https:\/\/kingarms.ee\/wp-content\/uploads\/2022\/02\/Rice_pudding_berries-300x239.png 300w, https:\/\/kingarms.ee\/wp-content\/uploads\/2022\/02\/Rice_pudding_berries-150x120.png 150w, https:\/\/kingarms.ee\/wp-content\/uploads\/2022\/02\/Rice_pudding_berries-500x399.png 500w, https:\/\/kingarms.ee\/wp-content\/uploads\/2022\/02\/Rice_pudding_berries-1024x817.png 1024w, https:\/\/kingarms.ee\/wp-content\/uploads\/2022\/02\/Rice_pudding_berries-768x613.png 768w, https:\/\/kingarms.ee\/wp-content\/uploads\/2022\/02\/Rice_pudding_berries.png 1354w\" sizes=\"auto, (max-width: 300px) 100vw, 300px\" \/><\/p>\n","protected":false},"excerpt":{"rendered":"<ul>\n<li><span lang=\"ET\">Herkullinen aamiainen, jossa on 10 % murskattuja vadelmia<\/span><\/li>\n<li><span lang=\"ET\">Miellytt\u00e4v\u00e4n makea ja energinen puuro antaa tarpeeksi voimaa aloittaa p\u00e4iv\u00e4<\/span><\/li>\n<li><span lang=\"ET\">Luonnollinen ja Virossa valmistettu <\/span><\/li>\n<li><span lang=\"ET\">Ei sis\u00e4ll\u00e4 s\u00e4il\u00f6nt\u00e4- tai lis\u00e4aineita<\/span><\/li>\n<li><span lang=\"ET\">Annosta kohden energiasis\u00e4lt\u00f6 on 425 kcal<\/span><\/li>\n<\/ul>\n<p><span lang=\"ET\">Herkullinen aamiainen, jossa on 10 % murskattuja vadelmia. Miellytt\u00e4v\u00e4n makea ja energinen puuro antaa tarpeeksi voimaa aloittaa p\u00e4iv\u00e4. Tuote on t\u00e4ysin luonnollinen ja virolainen, ei sis\u00e4ll\u00e4 s\u00e4il\u00f6nt\u00e4- tai lis\u00e4aineita. Annosta kohden energiasis\u00e4lt\u00f6 on 425 kcal.<\/span><\/p>\n<p><strong>Ainekset:<\/strong><br clear=\"none\" \/><strong>Riisi (72%), maito, vadelma (10%), kermavaahto, sokeri, suola. Valmistuslinjasta riippuen tuote voi sis\u00e4lt\u00e4\u00e4 pieni\u00e4 m\u00e4\u00e4ri\u00e4 selleri\u00e4 ja sinappia.<\/strong><\/p>\n<p>Nauti herkullisena aamiaisena tai j\u00e4lkiruokana toisen aterian j\u00e4lkeen!<\/p>\n<p>Parasta ennen: 8 vuotta<\/p>\n","protected":false},"featured_media":36230,"template":"","meta":{"_acf_changed":false},"product_brand":[],"product_cat":[363],"product_tag":[],"class_list":{"0":"post-37832","1":"product","2":"type-product","3":"status-publish","4":"has-post-thumbnail","6":"product_cat-taktinen-ruokapaketti","8":"first","9":"instock","10":"taxable","11":"shipping-taxable","12":"purchasable","13":"product-type-simple"},"acf":[],"_links":{"self":[{"href":"https:\/\/kingarms.ee\/fi\/wp-json\/wp\/v2\/product\/37832","targetHints":{"allow":["GET"]}}],"collection":[{"href":"https:\/\/kingarms.ee\/fi\/wp-json\/wp\/v2\/product"}],"about":[{"href":"https:\/\/kingarms.ee\/fi\/wp-json\/wp\/v2\/types\/product"}],"wp:featuredmedia":[{"embeddable":true,"href":"https:\/\/kingarms.ee\/fi\/wp-json\/wp\/v2\/media\/36230"}],"wp:attachment":[{"href":"https:\/\/kingarms.ee\/fi\/wp-json\/wp\/v2\/media?parent=37832"}],"wp:term":[{"taxonomy":"product_brand","embeddable":true,"href":"https:\/\/kingarms.ee\/fi\/wp-json\/wp\/v2\/product_brand?post=37832"},{"taxonomy":"product_cat","embeddable":true,"href":"https:\/\/kingarms.ee\/fi\/wp-json\/wp\/v2\/product_cat?post=37832"},{"taxonomy":"product_tag","embeddable":true,"href":"https:\/\/kingarms.ee\/fi\/wp-json\/wp\/v2\/product_tag?post=37832"}],"curies":[{"name":"wp","href":"https:\/\/api.w.org\/{rel}","templated":true}]}}